{"id":474822,"date":"2023-07-01T17:27:11","date_gmt":"2023-07-01T15:27:11","guid":{"rendered":"https:\/\/lucacastelli.com\/prodotto\/akku-kompaktschrauber-m12bsd-0\/"},"modified":"2023-07-01T17:27:11","modified_gmt":"2023-07-01T15:27:11","slug":"akku-kompaktschrauber-m12bsd-0","status":"publish","type":"product","link":"https:\/\/lucacastelli.com\/fr\/produit\/akku-kompaktschrauber-m12bsd-0\/","title":{"rendered":"Akku-Kompaktschrauber M12BSD-0"},"content":{"rendered":"<p>Visseuse sans fil tr\u00e8s compacte d\u2019une longueur<br \/>\nde seulement 169 mm Couple jusqu\u2019\u00e0 20 Nm<br \/>\nPorte-embouts hexagonal 1\/4 \u030b pour un changement d\u2019embout facile d\u2019une seule main<br \/>\n\u00c9lectronique REDLINK\u2122 &#8211; la protection contre les surcharges de la machine et de la batterie assure une longue dur\u00e9e de vie<br \/>\nR\u00e9glage du couple et r\u00e9glage de l\u2019embout<br \/>\nsur 15 positions Poign\u00e9e optimis\u00e9e avec poign\u00e9e souple pour une prise en main et une ergonomie optimales<br \/>\n\u00c9clairage LED de la zone de travail<br \/>\nSyst\u00e8me 100&nbsp;% compatible avec Milwaukee\u00ae M12<\/p>\n<p>Caract\u00e9ristiques techniques&nbsp;:<\/p>\n<p>Batterie lithium-ion<br \/>\nPoids avec batterie (kg) 0,9<br \/>\nVitesse \u00e0 vide (min-1) 0 &#8211; 500<br \/>\nDiam\u00e8tre maximal du foret dans le bois (mm) Diam\u00e8tre de per\u00e7age dans le bois (mm) 16<br \/>\nDiam\u00e8tre maximal de per\u00e7age dans l\u2019acier Diam\u00e8tre maximal du foret dans l\u2019acier (mm) 10<br \/>\nCouple maximal Couple (Nm) 20<br \/>\nNiveau de pression acoustique (dB(A)) 85<br \/>\nNiveau de puissance acoustique (dB(A)) 96<br \/>\nTension (V) 1<\/p>\n<p>Contenu de la livraison&nbsp;:<br \/>\nsans piles, sans chargeur, sans \u00e9tui<\/p>\n","protected":false},"excerpt":{"rendered":"<p>Visseuse sans fil tr\u00e8s compacte d\u2019une longueur de seulement 169 mm Couple jusqu\u2019\u00e0 20 Nm Porte-embouts hexagonal 1\/4 \u030b pour<\/p>\n","protected":false},"featured_media":56857,"template":"","meta":{"_seopress_robots_primary_cat":"","_seopress_titles_title":"","_seopress_titles_desc":"","_seopress_robots_index":""},"product_brand":[3658],"product_cat":[1453,167,1552],"product_tag":[],"class_list":{"0":"post-474822","1":"product","2":"type-product","3":"status-publish","4":"has-post-thumbnail","6":"product_brand-milwaukee-fr","7":"product_cat-autres-appareils","8":"product_cat-machines","9":"product_cat-perceuses-et-tournevis","11":"first","12":"onbackorder","13":"shipping-taxable","14":"purchasable","15":"product-type-simple"},"_links":{"self":[{"href":"https:\/\/lucacastelli.com\/fr\/wp-json\/wp\/v2\/product\/474822","targetHints":{"allow":["GET"]}}],"collection":[{"href":"https:\/\/lucacastelli.com\/fr\/wp-json\/wp\/v2\/product"}],"about":[{"href":"https:\/\/lucacastelli.com\/fr\/wp-json\/wp\/v2\/types\/product"}],"wp:featuredmedia":[{"embeddable":true,"href":"https:\/\/lucacastelli.com\/fr\/wp-json\/wp\/v2\/media\/56857"}],"wp:attachment":[{"href":"https:\/\/lucacastelli.com\/fr\/wp-json\/wp\/v2\/media?parent=474822"}],"wp:term":[{"taxonomy":"product_brand","embeddable":true,"href":"https:\/\/lucacastelli.com\/fr\/wp-json\/wp\/v2\/product_brand?post=474822"},{"taxonomy":"product_cat","embeddable":true,"href":"https:\/\/lucacastelli.com\/fr\/wp-json\/wp\/v2\/product_cat?post=474822"},{"taxonomy":"product_tag","embeddable":true,"href":"https:\/\/lucacastelli.com\/fr\/wp-json\/wp\/v2\/product_tag?post=474822"}],"curies":[{"name":"wp","href":"https:\/\/api.w.org\/{rel}","templated":true}]}}