{"id":474816,"date":"2023-07-01T17:26:41","date_gmt":"2023-07-01T15:26:41","guid":{"rendered":"https:\/\/lucacastelli.com\/prodotto\/akku-kompaktschrauber-m12bd-0\/"},"modified":"2023-07-01T17:26:41","modified_gmt":"2023-07-01T15:26:41","slug":"akku-kompaktschrauber-m12bd-0","status":"publish","type":"product","link":"https:\/\/lucacastelli.com\/fr\/produit\/akku-kompaktschrauber-m12bd-0\/","title":{"rendered":"Akku-Kompaktschrauber M12BD-0"},"content":{"rendered":"<p>Visseuse sans fil compacte extr\u00eamement maniable : seulement 175 mm de long<br \/>\n\u00c9lectronique REDLINK\u2122 &#8211; la protection contre les surcharges dans la machine et la batterie assure une longue dur\u00e9e de vie<br \/>\nPorte-embout direct hexagonal<br \/>\n1\/4&#8221; Poign\u00e9e optimis\u00e9e avec poign\u00e9e souple pour une ergonomie et une prise en main<br \/>\nam\u00e9lior\u00e9es Surveillance \u00e0 cellule unique pour une dur\u00e9e de vie optimale de la batterie et une longue dur\u00e9e de vie de la batterie<br \/>\nIndicateur de charge de la batterie et \u00e9clairage LED de la zone de travail<br \/>\nLa batterie REDLITHIUM-ION\u2122 offre une conception parfaitement calibr\u00e9e, une \u00e9lectronique avanc\u00e9e et une alimentation sans perte pour une dur\u00e9e de vie plus longue de l\u2019outil et une grande durabilit\u00e9.<br \/>\nSyst\u00e8me 100&nbsp;% compatible avec Milwaukee\u00ae M12<br \/>\nFourni : clip de ceinture<br \/>\nCaract\u00e9ristiques techniques&nbsp;:<\/p>\n<p>Batterie lithium-ion<br \/>\nPoids avec batterie (kg) 1.0<br \/>\nVis \u00e0 bois (mm) 6<br \/>\nVitesse de ralenti en 1\u00e8re vitesse (min-1) 0 &#8211; 400<br \/>\nVitesse de ralenti en 2\u00e8me vitesse (min-1) 0 &#8211; 1500<br \/>\nDiam\u00e8tre maximum de la m\u00e8che dans le bois (mm) Diam\u00e8tre de per\u00e7age dans le bois (mm) 22<br \/>\nDiam\u00e8tre de per\u00e7age maximum dans l\u2019acier Diam\u00e8tre de per\u00e7age maximum dans l\u2019acier (mm) 10<br \/>\nCouple maximal (Nm) 30<br \/>\nPer\u00e7age maximum bois\u00a6 acier [mm] Calcul\u00e9 22\/ 10<br \/>\nTension (V) 12<\/p>\n<p>Contenu de la livraison :<br \/>\nsans batterie, sans chargeur, sans mallette de transport<\/p>\n","protected":false},"excerpt":{"rendered":"<p>Visseuse sans fil compacte extr\u00eamement maniable : seulement 175 mm de long \u00c9lectronique REDLINK\u2122 &#8211; la protection contre les surcharges<\/p>\n","protected":false},"featured_media":56852,"template":"","meta":{"_seopress_robots_primary_cat":"","_seopress_titles_title":"","_seopress_titles_desc":"","_seopress_robots_index":""},"product_brand":[3658],"product_cat":[1453,167,1552],"product_tag":[],"class_list":{"0":"post-474816","1":"product","2":"type-product","3":"status-publish","4":"has-post-thumbnail","6":"product_brand-milwaukee-fr","7":"product_cat-autres-appareils","8":"product_cat-machines","9":"product_cat-perceuses-et-tournevis","11":"first","12":"onbackorder","13":"shipping-taxable","14":"purchasable","15":"product-type-simple"},"_links":{"self":[{"href":"https:\/\/lucacastelli.com\/fr\/wp-json\/wp\/v2\/product\/474816","targetHints":{"allow":["GET"]}}],"collection":[{"href":"https:\/\/lucacastelli.com\/fr\/wp-json\/wp\/v2\/product"}],"about":[{"href":"https:\/\/lucacastelli.com\/fr\/wp-json\/wp\/v2\/types\/product"}],"wp:featuredmedia":[{"embeddable":true,"href":"https:\/\/lucacastelli.com\/fr\/wp-json\/wp\/v2\/media\/56852"}],"wp:attachment":[{"href":"https:\/\/lucacastelli.com\/fr\/wp-json\/wp\/v2\/media?parent=474816"}],"wp:term":[{"taxonomy":"product_brand","embeddable":true,"href":"https:\/\/lucacastelli.com\/fr\/wp-json\/wp\/v2\/product_brand?post=474816"},{"taxonomy":"product_cat","embeddable":true,"href":"https:\/\/lucacastelli.com\/fr\/wp-json\/wp\/v2\/product_cat?post=474816"},{"taxonomy":"product_tag","embeddable":true,"href":"https:\/\/lucacastelli.com\/fr\/wp-json\/wp\/v2\/product_tag?post=474816"}],"curies":[{"name":"wp","href":"https:\/\/api.w.org\/{rel}","templated":true}]}}