{"id":474815,"date":"2023-07-01T17:14:29","date_gmt":"2023-07-01T15:14:29","guid":{"rendered":"https:\/\/lucacastelli.com\/prodotto\/akku-schlagschrauber-1-2-vierkant-m12biw12-0\/"},"modified":"2023-07-01T17:14:29","modified_gmt":"2023-07-01T15:14:29","slug":"akku-schlagschrauber-1-2-vierkant-m12biw12-0","status":"publish","type":"product","link":"https:\/\/lucacastelli.com\/fr\/produit\/akku-schlagschrauber-1-2-vierkant-m12biw12-0\/","title":{"rendered":"Akku-Schlagschrauber 1\/2 \u0301 \u0301 Vierkant M12BIW12-0"},"content":{"rendered":"<p>Cl\u00e9 \u00e0 chocs sans fil pratique d\u2019une longueur de seulement 171 mm, id\u00e9ale pour travailler dans des espaces confin\u00e9s<br \/>\n\u00c9lectronique REDLINK\u2122 &#8211; protection contre les surcharges pour une longue dur\u00e9e de vie de la batterie, du moteur et de la bo\u00eete de vitesses<br \/>\nCarter de bo\u00eete de vitesses m\u00e9tallique robuste pour une longue dur\u00e9e de vie et une utilisation intensive<br \/>\nEntra\u00eenement 1\/2&#8221; avec goupille de s\u00e9curit\u00e9<br \/>\nPoign\u00e9e optimis\u00e9e pour une meilleure ergonomie et une meilleure prise en main<br \/>\nSurveillance \u00e0 cellule unique pour une dur\u00e9e de vie optimale et une longue dur\u00e9e de vie de la batterie<br \/>\nIndicateur de charge de la batterie et \u00e9clairage LED de l\u2019espace de travail<br \/>\nLa batterie REDLITHIUM-ION\u2122 offre une conception parfaitement calibr\u00e9e, une \u00e9lectronique de pointe et une alimentation sans perte pour une dur\u00e9e de vie plus longue et une dur\u00e9e de vie plus longue que les mod\u00e8les pr\u00e9c\u00e9dents<br \/>\n100&nbsp;% compatible avec la gamme de produits Milwaukee\u00ae M12\u2122<\/p>\n<p>Caract\u00e9ristiques techniques&nbsp;:<\/p>\n<p>Batterie lithium-ion<br \/>\nNombre de batteries fournies 0<br \/>\nNum\u00e9ro d\u2019article 4933447134<br \/>\nPoids avec batterie (kg) 1.0<br \/>\nChargeur (temps de charge) -Vitesse minimale (min-1) 0<br \/>\n &#8211; 2550<br \/>\nCouple maximal (Nm) 138 Couple (Nm) 138<br \/>\nVitesse d\u2019impact (min-1) 0 &#8211; 3400<br \/>\nTension (V) 12<\/p>\n<p>Contenu de la livraison&nbsp;:<br \/>\nsans batterie, sans chargeur<\/p>\n","protected":false},"excerpt":{"rendered":"<p>Cl\u00e9 \u00e0 chocs sans fil pratique d\u2019une longueur de seulement 171 mm, id\u00e9ale pour travailler dans des espaces confin\u00e9s \u00c9lectronique<\/p>\n","protected":false},"featured_media":56842,"template":"","meta":{"_seopress_robots_primary_cat":"","_seopress_titles_title":"","_seopress_titles_desc":"","_seopress_robots_index":""},"product_brand":[3407],"product_cat":[29,514,549],"product_tag":[],"class_list":{"0":"post-474815","1":"product","2":"type-product","3":"status-publish","4":"has-post-thumbnail","6":"product_brand-milwaukee","7":"product_cat-macchinari","8":"product_cat-altri-dispositivi","9":"product_cat-trapani-e-avvitatori","11":"first","12":"onbackorder","13":"shipping-taxable","14":"purchasable","15":"product-type-simple"},"_links":{"self":[{"href":"https:\/\/lucacastelli.com\/fr\/wp-json\/wp\/v2\/product\/474815","targetHints":{"allow":["GET"]}}],"collection":[{"href":"https:\/\/lucacastelli.com\/fr\/wp-json\/wp\/v2\/product"}],"about":[{"href":"https:\/\/lucacastelli.com\/fr\/wp-json\/wp\/v2\/types\/product"}],"wp:featuredmedia":[{"embeddable":true,"href":"https:\/\/lucacastelli.com\/fr\/wp-json\/wp\/v2\/media\/56842"}],"wp:attachment":[{"href":"https:\/\/lucacastelli.com\/fr\/wp-json\/wp\/v2\/media?parent=474815"}],"wp:term":[{"taxonomy":"product_brand","embeddable":true,"href":"https:\/\/lucacastelli.com\/fr\/wp-json\/wp\/v2\/product_brand?post=474815"},{"taxonomy":"product_cat","embeddable":true,"href":"https:\/\/lucacastelli.com\/fr\/wp-json\/wp\/v2\/product_cat?post=474815"},{"taxonomy":"product_tag","embeddable":true,"href":"https:\/\/lucacastelli.com\/fr\/wp-json\/wp\/v2\/product_tag?post=474815"}],"curies":[{"name":"wp","href":"https:\/\/api.w.org\/{rel}","templated":true}]}}