{"id":474810,"date":"2023-07-01T17:26:14","date_gmt":"2023-07-01T15:26:14","guid":{"rendered":"https:\/\/lucacastelli.com\/prodotto\/akku-schlagschrauber-1-2-vierkant-m12biw12-202c\/"},"modified":"2023-07-01T17:26:14","modified_gmt":"2023-07-01T15:26:14","slug":"akku-schlagschrauber-1-2-vierkant-m12biw12-202c","status":"publish","type":"product","link":"https:\/\/lucacastelli.com\/fr\/produit\/akku-schlagschrauber-1-2-vierkant-m12biw12-202c\/","title":{"rendered":"Akku-Schlagschrauber 1\/2 \u0301 \u0301 Vierkant M12BIW12-202C"},"content":{"rendered":"<p>Caract\u00e9ristiques techniques&nbsp;:<\/p>\n<p>Batterie&nbsp;: Lithium-ion<br \/>\nCapacit\u00e9 de la batterie (Ah)&nbsp;: 2.0<br \/>\nNombre de batteries fournies&nbsp;: 2<br \/>\nPoids avec batterie (kg)&nbsp;: 1.0<br \/>\nVitesse \u00e0 vide (min-\u00b9)&nbsp;: 0 &#8211; 2550<br \/>\nCouple maximal (Nm)&nbsp;: 138 Couple (Nm)&nbsp;: 138<br \/>\nVitesse d\u2019impact (min-\u00b9)&nbsp;: 0 &#8211; 3400 0 &#8211; 3400<br \/>\nTension (V)&nbsp;: 12 12<br \/>\nPorte-outil&nbsp;: 1\/2&#8243; carr\u00e9<br \/>\nCaract\u00e9ristiques&nbsp;:<\/p>\n<p>\u00c9lectronique REDLINK\u2122 &#8211; protection contre les surcharges pour une longue dur\u00e9e de vie de la batterie, du moteur et du r\u00e9ducteur.<br \/>\nCarter de bo\u00eete de vitesses m\u00e9tallique robuste pour une longue dur\u00e9e de vie et une utilisation intensive.<br \/>\nEntra\u00eenement carr\u00e9 1\/2&#8243; avec goupille de s\u00e9curit\u00e9<br \/>\nPoign\u00e9e optimis\u00e9e pour une ergonomie et une prise en main<br \/>\nam\u00e9lior\u00e9es Surveillance \u00e0 cellule unique pour optimiser la dur\u00e9e de vie et l\u2019autonomie de la batterie<br \/>\nIndicateur de niveau de charge de la batterie et \u00e9clairage LED de l\u2019espace de travail<br \/>\nLa batterie REDLITHIUM\u2122 offre une conception parfaitement calibr\u00e9e, une \u00e9lectronique avanc\u00e9e et une alimentation sans perte pour une dur\u00e9e de vie plus longue et une plus grande durabilit\u00e9 que les mod\u00e8les pr\u00e9c\u00e9dents<br \/>\n100&nbsp;% compatible avec la gamme de produits MILWAUKEE-M12\u00ae\u2122.<br \/>\nContenu de la livraison :<\/p>\n<p>2 x batteries M12 B2<br \/>\nC12 C<br \/>\nChargeur \u00c9tui de transport  <\/p>\n","protected":false},"excerpt":{"rendered":"<p>Caract\u00e9ristiques techniques&nbsp;: Batterie&nbsp;: Lithium-ion Capacit\u00e9 de la batterie (Ah)&nbsp;: 2.0 Nombre de batteries fournies&nbsp;: 2 Poids avec batterie (kg)&nbsp;: 1.0<\/p>\n","protected":false},"featured_media":56847,"template":"","meta":{"_seopress_robots_primary_cat":"","_seopress_titles_title":"","_seopress_titles_desc":"","_seopress_robots_index":""},"product_brand":[3407],"product_cat":[29,514,549],"product_tag":[],"class_list":{"0":"post-474810","1":"product","2":"type-product","3":"status-publish","4":"has-post-thumbnail","6":"product_brand-milwaukee","7":"product_cat-macchinari","8":"product_cat-altri-dispositivi","9":"product_cat-trapani-e-avvitatori","11":"first","12":"onbackorder","13":"shipping-taxable","14":"purchasable","15":"product-type-simple"},"_links":{"self":[{"href":"https:\/\/lucacastelli.com\/fr\/wp-json\/wp\/v2\/product\/474810","targetHints":{"allow":["GET"]}}],"collection":[{"href":"https:\/\/lucacastelli.com\/fr\/wp-json\/wp\/v2\/product"}],"about":[{"href":"https:\/\/lucacastelli.com\/fr\/wp-json\/wp\/v2\/types\/product"}],"wp:featuredmedia":[{"embeddable":true,"href":"https:\/\/lucacastelli.com\/fr\/wp-json\/wp\/v2\/media\/56847"}],"wp:attachment":[{"href":"https:\/\/lucacastelli.com\/fr\/wp-json\/wp\/v2\/media?parent=474810"}],"wp:term":[{"taxonomy":"product_brand","embeddable":true,"href":"https:\/\/lucacastelli.com\/fr\/wp-json\/wp\/v2\/product_brand?post=474810"},{"taxonomy":"product_cat","embeddable":true,"href":"https:\/\/lucacastelli.com\/fr\/wp-json\/wp\/v2\/product_cat?post=474810"},{"taxonomy":"product_tag","embeddable":true,"href":"https:\/\/lucacastelli.com\/fr\/wp-json\/wp\/v2\/product_tag?post=474810"}],"curies":[{"name":"wp","href":"https:\/\/api.w.org\/{rel}","templated":true}]}}