{"id":474808,"date":"2023-07-01T17:14:01","date_gmt":"2023-07-01T15:14:01","guid":{"rendered":"https:\/\/lucacastelli.com\/prodotto\/akku-schlagbohrschrauber-m12bpd-202c\/"},"modified":"2023-07-01T17:14:01","modified_gmt":"2023-07-01T15:14:01","slug":"akku-schlagbohrschrauber-m12bpd-202c","status":"publish","type":"product","link":"https:\/\/lucacastelli.com\/fr\/produit\/akku-schlagbohrschrauber-m12bpd-202c\/","title":{"rendered":"Akku-Schlagbohrschrauber M12BPD-202C"},"content":{"rendered":"<p>Perceuse \u00e0 percussion sans fil pratique d\u2019une longueur de seulement 190 mm<br \/>\nElectronique REDLINK\u2122 &#8211; protection contre les surcharges pour une longue dur\u00e9e de vie de la batterie, du moteur et de la bo\u00eete de vitesses<br \/>\nMandrin rapide en m\u00e9tal FIXTEC de 10 mm avec verrou de mandrin<br \/>\nPoign\u00e9e optimis\u00e9e avec poign\u00e9e souple pour une prise en main et une ergonomie optimales<br \/>\nSurveillance \u00e0 cellule unique pour optimiser la dur\u00e9e de vie de la batterie et prolonger l\u2019autonomie<br \/>\nde la batterie Indicateur de charge de la batterie et \u00e9clairage LED de l\u2019espace de travail<br \/>\nLa batterie REDLITHIUM-ION\u2122 offre une conception parfaitement calibr\u00e9e, une \u00e9lectronique avanc\u00e9e et une alimentation sans perte pour une dur\u00e9e de vie plus longue de l\u2019outil et une r\u00e9sistance \u00e9lev\u00e9e.<br \/>\nSyst\u00e8me 100&nbsp;% compatible avec Milwaukee\u00ae M12<br \/>\nFourni : clip de ceinture<\/p>\n<p>Caract\u00e9ristiques techniques&nbsp;:<\/p>\n<p>Batterie lithium-ion<br \/>\nNombre de piles fournies 2<br \/>\nNum\u00e9ro d\u2019article 4933441940<br \/>\nPlage de serrage de la broche (mm) 10<br \/>\nPoids avec batterie (kg) 1,2<br \/>\nVis \u00e0 bois (mm) 6<br \/>\nChargeur (temps de charge) 40 min<br \/>\nR\u00e9gime de ralenti en 1\u00e8re vitesse (min-1) 0 &#8211; 400<br \/>\nR\u00e9gime de ralenti en 2\u00e8me vitesse (min-1) 0 &#8211; 1500<br \/>\nDiam\u00e8tre maximum du foret dans le bois (mm) Diam\u00e8tre du foret dans le bois (mm) 22<br \/>\nDiam\u00e8tre maximum de per\u00e7age dans la ma\u00e7onnerie Diam\u00e8tre maximum de per\u00e7age dans la ma\u00e7onnerie (mm) 10<br \/>\nDiam\u00e8tre maximal de per\u00e7age dans l\u2019acier Diam\u00e8tre de per\u00e7age dans l\u2019acier (mm) 10<br \/>\nCouple maximal (Nm) 30<br \/>\nPer\u00e7age maximal dans le bois\u00a6 acier\u00a6 ma\u00e7onnerie [mm] Calcul\u00e9 22\/ 10\/ 10<br \/>\nMax. Vitesse maximale d\u2019impact (min-1) 22 500<br \/>\nTension (V) 12   <\/p>\n<p>Contenu de la livraison :<br \/>\n 2x batterie lithium-ion rouge 12 V\/2,0 Ah, mandrin rapide en m\u00e9tal FIXTEC de 10 mm, chargeur C12 C, pointe, bo\u00eetier HD.<\/p>\n","protected":false},"excerpt":{"rendered":"<p>Perceuse \u00e0 percussion sans fil pratique d\u2019une longueur de seulement 190 mm Electronique REDLINK\u2122 &#8211; protection contre les surcharges pour<\/p>\n","protected":false},"featured_media":56837,"template":"","meta":{"_seopress_robots_primary_cat":"","_seopress_titles_title":"","_seopress_titles_desc":"","_seopress_robots_index":""},"product_brand":[3407],"product_cat":[29,514,549],"product_tag":[],"class_list":{"0":"post-474808","1":"product","2":"type-product","3":"status-publish","4":"has-post-thumbnail","6":"product_brand-milwaukee","7":"product_cat-macchinari","8":"product_cat-altri-dispositivi","9":"product_cat-trapani-e-avvitatori","11":"first","12":"onbackorder","13":"shipping-taxable","14":"purchasable","15":"product-type-simple"},"_links":{"self":[{"href":"https:\/\/lucacastelli.com\/fr\/wp-json\/wp\/v2\/product\/474808","targetHints":{"allow":["GET"]}}],"collection":[{"href":"https:\/\/lucacastelli.com\/fr\/wp-json\/wp\/v2\/product"}],"about":[{"href":"https:\/\/lucacastelli.com\/fr\/wp-json\/wp\/v2\/types\/product"}],"wp:featuredmedia":[{"embeddable":true,"href":"https:\/\/lucacastelli.com\/fr\/wp-json\/wp\/v2\/media\/56837"}],"wp:attachment":[{"href":"https:\/\/lucacastelli.com\/fr\/wp-json\/wp\/v2\/media?parent=474808"}],"wp:term":[{"taxonomy":"product_brand","embeddable":true,"href":"https:\/\/lucacastelli.com\/fr\/wp-json\/wp\/v2\/product_brand?post=474808"},{"taxonomy":"product_cat","embeddable":true,"href":"https:\/\/lucacastelli.com\/fr\/wp-json\/wp\/v2\/product_cat?post=474808"},{"taxonomy":"product_tag","embeddable":true,"href":"https:\/\/lucacastelli.com\/fr\/wp-json\/wp\/v2\/product_tag?post=474808"}],"curies":[{"name":"wp","href":"https:\/\/api.w.org\/{rel}","templated":true}]}}