{"id":474807,"date":"2023-06-23T20:12:29","date_gmt":"2023-06-23T18:12:29","guid":{"rendered":"https:\/\/lucacastelli.com\/prodotto\/carburant-akku-nagler-m18ffn-502c\/"},"modified":"2025-08-01T00:00:17","modified_gmt":"2025-07-31T22:00:17","slug":"carburant-akku-nagler-m18ffn-502c","status":"publish","type":"product","link":"https:\/\/lucacastelli.com\/fr\/produit\/carburant-akku-nagler-m18ffn-502c\/","title":{"rendered":"CARBURANT\u2122 Akku Nagler M18FFN-502C"},"content":{"rendered":"<p>Cloueuse puissante pour un clouage facile dans les bois durs<br \/>\nCuisson rapide gr\u00e2ce \u00e0 la technologie \u00ab Ready-to-Fire \u00bb<br \/>\nNe n\u00e9cessite aucune cartouche de gaz et n\u00e9cessite peu d\u2019entretien &#8211; con\u00e7u pour les utilisateurs exigeants qui appr\u00e9cient la fiabilit\u00e9 et la durabilit\u00e9<br \/>\nDeux modes s\u00e9lectionnables : tir unique et clic contact<br \/>\nR\u00e9glage de la profondeur sans outil pour un travail pr\u00e9cis<br \/>\nPr\u00e9vention du tir \u00e0 sec lorsque le magasin est vide<br \/>\nJusqu\u2019\u00e0 700 clous par charge de la batterie REDLITHIUM\u2122 5,0 Ah pour une productivit\u00e9 \u00e9lev\u00e9e<br \/>\nMaintient tous les clous courants qui s\u2019ins\u00e8rent dans un magasin \u00e0 30\u00b0 ou 34\u00b0.<br \/>\nAcc\u00e8s facile pour un retrait facile des clous coinc\u00e9s dans le canal de tir<br \/>\n\u00c9clairage LED de la zone de travail<br \/>\n3 technologies exclusives Milwaukee\u00ae : moteur POWERSTATE\u2122 Brushless, batteries REDLITHIUM\u2122EN et \u00e9lectronique REDLINK PLUS\u2122 pour des performances puissantes, une longue dur\u00e9e de vie et une r\u00e9sistance \u00e9lev\u00e9e.<br \/>\n100&nbsp;% compatible avec la gamme de produits MILWAUKEE-M18\u00ae\u2122.<\/p>\n<p>Caract\u00e9ristiques techniques&nbsp;:<\/p>\n<p>Tension de la batterie&nbsp;: 18 V<br \/>\nAngle du chargeur&nbsp;: 30 &#8211; 34<br \/>\nCapacit\u00e9 du magasin&nbsp;: 51<br \/>\n\u00d8 du clou&nbsp;: 2,9 &#8211; 3,32 mm<br \/>\nType de clou&nbsp;: 50 &#8211; 90 mm<br \/>\nPoids avec batterie&nbsp;: 5,1 kg<br \/>\nContenu de la livraison&nbsp;:<\/p>\n<p>2 batteries 5,0 Ah<br \/>\nM12-18 FC<br \/>\nChargeur de batterie<\/p>\n","protected":false},"excerpt":{"rendered":"<p>Cloueuse puissante pour un clouage facile dans les bois durs Cuisson rapide gr\u00e2ce \u00e0 la technologie \u00ab Ready-to-Fire \u00bb Ne<\/p>\n","protected":false},"featured_media":56819,"template":"","meta":{"_seopress_robots_primary_cat":"","_seopress_titles_title":"","_seopress_titles_desc":"","_seopress_robots_index":""},"product_brand":[3407],"product_cat":[29,514,552],"product_tag":[],"class_list":{"0":"post-474807","1":"product","2":"type-product","3":"status-publish","4":"has-post-thumbnail","6":"product_brand-milwaukee","7":"product_cat-macchinari","8":"product_cat-altri-dispositivi","9":"product_cat-chiodatrici","10":"sws-gruppo-macchinari","11":"sws-conto-ricavi-merci-rivendita-macchinari","12":"sws-gruppo-iva-iva81","14":"first","15":"instock","16":"shipping-taxable","17":"purchasable","18":"product-type-simple"},"_links":{"self":[{"href":"https:\/\/lucacastelli.com\/fr\/wp-json\/wp\/v2\/product\/474807","targetHints":{"allow":["GET"]}}],"collection":[{"href":"https:\/\/lucacastelli.com\/fr\/wp-json\/wp\/v2\/product"}],"about":[{"href":"https:\/\/lucacastelli.com\/fr\/wp-json\/wp\/v2\/types\/product"}],"wp:featuredmedia":[{"embeddable":true,"href":"https:\/\/lucacastelli.com\/fr\/wp-json\/wp\/v2\/media\/56819"}],"wp:attachment":[{"href":"https:\/\/lucacastelli.com\/fr\/wp-json\/wp\/v2\/media?parent=474807"}],"wp:term":[{"taxonomy":"product_brand","embeddable":true,"href":"https:\/\/lucacastelli.com\/fr\/wp-json\/wp\/v2\/product_brand?post=474807"},{"taxonomy":"product_cat","embeddable":true,"href":"https:\/\/lucacastelli.com\/fr\/wp-json\/wp\/v2\/product_cat?post=474807"},{"taxonomy":"product_tag","embeddable":true,"href":"https:\/\/lucacastelli.com\/fr\/wp-json\/wp\/v2\/product_tag?post=474807"}],"curies":[{"name":"wp","href":"https:\/\/api.w.org\/{rel}","templated":true}]}}