{"id":474802,"date":"2023-07-01T17:13:28","date_gmt":"2023-07-01T15:13:28","guid":{"rendered":"https:\/\/lucacastelli.com\/prodotto\/akku-schlagbohrschrauber-m12bpd-0\/"},"modified":"2023-07-01T17:13:28","modified_gmt":"2023-07-01T15:13:28","slug":"akku-schlagbohrschrauber-m12bpd-0","status":"publish","type":"product","link":"https:\/\/lucacastelli.com\/fr\/produit\/akku-schlagbohrschrauber-m12bpd-0\/","title":{"rendered":"Akku-Schlagbohrschrauber M12BPD-0"},"content":{"rendered":"<p>MW4933441950 &#8211; Milwaukee M12BPD-0 Perceuse \u00e0 percussion sans fil &#8211; 4002395002702 &#8211; 4933441950<br \/>\nPerceuse \u00e0 percussion sans fil pratique d\u2019une longueur de seulement 190 mm<br \/>\n\u00c9lectronique REDLINK\u2122 &#8211; protection contre les surcharges pour une longue dur\u00e9e de vie de la batterie, du moteur et de la bo\u00eete de vitesses<br \/>\nMandrin m\u00e9tallique \u00e0 action rapide FIXTEC de 10 mm avec verrouillage du mandrin<br \/>\nPoign\u00e9e optimis\u00e9e avec poign\u00e9e souple pour une prise en main et une ergonomie optimales<br \/>\nSurveillance individuelle des cellules pour optimiser la dur\u00e9e de vie de la batterie et prolonger l\u2019autonomie<br \/>\nde la batterie Indicateur de charge de la batterie et \u00e9clairage LED de la zone de travail<br \/>\nLa batterie REDLITHIUM-ION\u2122 offre une conception parfaitement calibr\u00e9e,  \u00c9lectronique avanc\u00e9e et alimentation sans perte pour une dur\u00e9e de vie plus longue de l\u2019outil et une grande durabilit\u00e9.<br \/>\nSyst\u00e8me 100&nbsp;% compatible avec Milwaukee\u00ae M12<br \/>\nFourni : clip de ceinture<br \/>\nCaract\u00e9ristiques techniques&nbsp;:<\/p>\n<p>Batterie lithium-ion<br \/>\nNum\u00e9ro d\u2019article 4933441950<br \/>\nPlage de serrage de la broche (mm) 10<br \/>\nPoids avec batterie (kg) 1,2<br \/>\nVis \u00e0 bois (mm) 6<br \/>\nR\u00e9gime de ralenti en 1\u00e8re vitesse (min-1) 0 &#8211; 400<br \/>\nR\u00e9gime de ralenti en 2\u00e8me vitesse (min-1) 0 &#8211; 1500<br \/>\nDiam\u00e8tre maximum du foret dans le bois (mm) Diam\u00e8tre du foret dans le bois (mm) 22<br \/>\nDiam\u00e8tre maximum de per\u00e7age dans la ma\u00e7onnerie Diam\u00e8tre maximum de per\u00e7age dans la ma\u00e7onnerie (mm) 10<br \/>\nDiam\u00e8tre maximal de per\u00e7age dans l\u2019acier Diam\u00e8tre de per\u00e7age dans l\u2019acier (mm) 10<br \/>\nCouple maximal (Nm) 30<br \/>\nPer\u00e7age maximal dans le bois\u00a6 acier\u00a6 ma\u00e7onnerie [mm] Calcul\u00e9 22\/ 10\/ 10<br \/>\nMax. Vitesse maximale d\u2019impact (min-1) 22 500<br \/>\nTension (V) 12   <\/p>\n<p>Contenu de la livraison&nbsp;:<br \/>\nsans batterie, sans chargeur C12 C, sans HD Box<\/p>\n","protected":false},"excerpt":{"rendered":"<p>MW4933441950 &#8211; Milwaukee M12BPD-0 Perceuse \u00e0 percussion sans fil &#8211; 4002395002702 &#8211; 4933441950 Perceuse \u00e0 percussion sans fil pratique d\u2019une<\/p>\n","protected":false},"featured_media":56832,"template":"","meta":{"_seopress_robots_primary_cat":"","_seopress_titles_title":"","_seopress_titles_desc":"","_seopress_robots_index":""},"product_brand":[3658],"product_cat":[1453,167,1552],"product_tag":[],"class_list":{"0":"post-474802","1":"product","2":"type-product","3":"status-publish","4":"has-post-thumbnail","6":"product_brand-milwaukee-fr","7":"product_cat-autres-appareils","8":"product_cat-machines","9":"product_cat-perceuses-et-tournevis","11":"first","12":"onbackorder","13":"shipping-taxable","14":"purchasable","15":"product-type-simple"},"_links":{"self":[{"href":"https:\/\/lucacastelli.com\/fr\/wp-json\/wp\/v2\/product\/474802","targetHints":{"allow":["GET"]}}],"collection":[{"href":"https:\/\/lucacastelli.com\/fr\/wp-json\/wp\/v2\/product"}],"about":[{"href":"https:\/\/lucacastelli.com\/fr\/wp-json\/wp\/v2\/types\/product"}],"wp:featuredmedia":[{"embeddable":true,"href":"https:\/\/lucacastelli.com\/fr\/wp-json\/wp\/v2\/media\/56832"}],"wp:attachment":[{"href":"https:\/\/lucacastelli.com\/fr\/wp-json\/wp\/v2\/media?parent=474802"}],"wp:term":[{"taxonomy":"product_brand","embeddable":true,"href":"https:\/\/lucacastelli.com\/fr\/wp-json\/wp\/v2\/product_brand?post=474802"},{"taxonomy":"product_cat","embeddable":true,"href":"https:\/\/lucacastelli.com\/fr\/wp-json\/wp\/v2\/product_cat?post=474802"},{"taxonomy":"product_tag","embeddable":true,"href":"https:\/\/lucacastelli.com\/fr\/wp-json\/wp\/v2\/product_tag?post=474802"}],"curies":[{"name":"wp","href":"https:\/\/api.w.org\/{rel}","templated":true}]}}