{"id":474800,"date":"2025-10-27T15:02:25","date_gmt":"2025-10-27T14:02:25","guid":{"rendered":"https:\/\/lucacastelli.com\/prodotto\/carburant-akku-kombihammer-m18fhx-0x\/"},"modified":"2025-10-28T11:33:26","modified_gmt":"2025-10-28T10:33:26","slug":"carburant-akku-kombihammer-m18fhx-0x","status":"publish","type":"product","link":"https:\/\/lucacastelli.com\/fr\/produit\/carburant-akku-kombihammer-m18fhx-0x\/","title":{"rendered":"Perforateur-burineur sans fil FUEL\u2122 M18FHX-0X"},"content":{"rendered":"<p>Le marteau perforateur le plus rapide de sa cat\u00e9gorie, ce qui permet d\u2019augmenter la productivit\u00e9<br \/>\nLe puissant marteau perforateur d\u00e9livre une \u00e9nergie d\u2019impact de 2,5 joules avec des vibrations r\u00e9duites \u00e0 12,9 m\/s\u00b2.<br \/>\nPerce jusqu&#8217;\u00e0 125 trous \u2300 10 x 50 mm avec une charge de batterie M18 HIGH OUTPUT\u2122 de 5,5 Ah.<br \/>\nAUTOSTOP\u2122 arr\u00eate l&#8217;outil pour prot\u00e9ger l&#8217;utilisateur contre les mouvements brusques dans des situations d\u00e9licates<br \/>\nSyst\u00e8me FIXTEC\u2122 pour le changement sans outil du mandrin entre SDS-Plus et mandrin m\u00e9tallique de 13 mm<br \/>\nCarter d&#8217;engrenages enti\u00e8rement m\u00e9tallique &#8211; adaptation optimale des engrenages pour une dur\u00e9e de vie prolong\u00e9e de l&#8217;outil<br \/>\n4 modes de fonctionnement : perforateur, burinage seul, per\u00e7age seul et Variolock pour une polyvalence maximale<br \/>\nCompatible avec les aspirateurs M18 FCDDEXL ou M18 FDDEXL.<br \/>\nM18 FUEL\u2122 est con\u00e7u pour les utilisateurs les plus exigeants. La technologie offre une puissance maximale et combine trois \u00e9l\u00e9ments cl\u00e9s : le moteur sans balais POWERSTATE\u2122, la batterie REDLITHIUM\u2122 et l&#8217;\u00e9lectronique REDLINK PLUS\u2122. En combinant de mani\u00e8re optimale ces trois technologies MILWAUKEE\u00ae, nous obtenons les meilleures performances avec la plus longue dur\u00e9e de vie possible.<x id=\"gid_0\"><\/x>Le syst\u00e8me d&#8217;outils HIGH OUTPUT\u2122 \u00e9l\u00e8ve les technologies M18 FUEL\u2122 \u00e0 un nouveau niveau, offrant plus de puissance et d&#8217;autonomie. Ces outils sont con\u00e7us pour maximiser la collaboration avec les batteries HIGH OUTPUT\u2122.<br \/>\nCaract\u00e9ristiques techniques :<\/p>\n<p>Tension de la batterie 18 V<br \/>\nVitesse de charge 0 &#8211; 4800 min-1<br \/>\nVitesse \u00e0 vide 0 &#8211; 1330 min-1<br \/>\nDiam\u00e8tre max. de la m\u00e8che dans le b\u00e9ton 26 mm<x id=\"gid_3\"><\/x>Diam\u00e8tre max. du per\u00e7age avec du bois 28 mm<br \/>\nDiam\u00e8tre max. du per\u00e7age avec de l\u2019acier Diam\u00e8tre de per\u00e7age avec de l\u2019acier 13 mm<br \/>\nOptimis\u00e9 pour les diam\u00e8tres de per\u00e7age \u2300 6 &#8211; 20 mm<br \/>\n\u00c9nergie d\u2019impact (EPTA) 2,5 J<br \/>\nPorte-outil SDS-Plus + tige r\u00e9duite 13 mm<br \/>\nPoids avec batterie 4,5 kg<br \/>\nContenu de la livraison :  <\/p>\n<p>HD<br \/>\nBox Poign\u00e9e<br \/>\nBut\u00e9e de profondeur<br \/>\nGraisse<br \/>\npour engrenages FIXTEC\u2122 13mm Mandrin en m\u00e9tal<br \/>\nsans piles, sans chargeur<\/p>\n","protected":false},"excerpt":{"rendered":"<p>Le marteau perforateur le plus rapide de sa cat\u00e9gorie, ce qui permet d\u2019augmenter la productivit\u00e9 Le puissant marteau perforateur d\u00e9livre<\/p>\n","protected":false},"featured_media":56809,"template":"","meta":{"_seopress_robots_primary_cat":"none","_seopress_titles_title":"","_seopress_titles_desc":"","_seopress_robots_index":""},"product_brand":[3658],"product_cat":[1453,167,1552],"product_tag":[],"class_list":{"0":"post-474800","1":"product","2":"type-product","3":"status-publish","4":"has-post-thumbnail","6":"product_brand-milwaukee-fr","7":"product_cat-autres-appareils","8":"product_cat-machines","9":"product_cat-perceuses-et-tournevis","10":"sws-gruppo-macchinari-fr","11":"sws-conto-ricavi-merci-rivendita-macchinari-fr","12":"sws-gruppo-iva-iva81-fr","14":"first","15":"onbackorder","16":"sale","17":"shipping-taxable","18":"purchasable","19":"product-type-simple"},"_links":{"self":[{"href":"https:\/\/lucacastelli.com\/fr\/wp-json\/wp\/v2\/product\/474800","targetHints":{"allow":["GET"]}}],"collection":[{"href":"https:\/\/lucacastelli.com\/fr\/wp-json\/wp\/v2\/product"}],"about":[{"href":"https:\/\/lucacastelli.com\/fr\/wp-json\/wp\/v2\/types\/product"}],"wp:featuredmedia":[{"embeddable":true,"href":"https:\/\/lucacastelli.com\/fr\/wp-json\/wp\/v2\/media\/56809"}],"wp:attachment":[{"href":"https:\/\/lucacastelli.com\/fr\/wp-json\/wp\/v2\/media?parent=474800"}],"wp:term":[{"taxonomy":"product_brand","embeddable":true,"href":"https:\/\/lucacastelli.com\/fr\/wp-json\/wp\/v2\/product_brand?post=474800"},{"taxonomy":"product_cat","embeddable":true,"href":"https:\/\/lucacastelli.com\/fr\/wp-json\/wp\/v2\/product_cat?post=474800"},{"taxonomy":"product_tag","embeddable":true,"href":"https:\/\/lucacastelli.com\/fr\/wp-json\/wp\/v2\/product_tag?post=474800"}],"curies":[{"name":"wp","href":"https:\/\/api.w.org\/{rel}","templated":true}]}}