{"id":474799,"date":"2023-06-23T19:33:56","date_gmt":"2023-06-23T17:33:56","guid":{"rendered":"https:\/\/lucacastelli.com\/prodotto\/carburant-akku-stichsage-m18fbjs-0x\/"},"modified":"2023-06-23T19:33:56","modified_gmt":"2023-06-23T17:33:56","slug":"carburant-akku-stichsage-m18fbjs-0x","status":"publish","type":"product","link":"https:\/\/lucacastelli.com\/fr\/produit\/carburant-akku-stichsage-m18fbjs-0x\/","title":{"rendered":"CARBURANT\u2122 Akku-Stichs\u00e4ge M18FBJS-0X"},"content":{"rendered":"<p>\u2122 Con\u00e7u et fabriqu\u00e9 par Milwaukee\u00ae pour des performances de coupe \u00e9lev\u00e9es jusqu\u2019\u00e0 32 m dans des panneaux OSB de 19 mm sur une seule charge de batterie de 5,0 Ah<br \/>\nL\u2019\u00e9lectronique REDLINK PLUS\u2122 offre une protection num\u00e9rique avanc\u00e9e contre la surcharge de la machine et de la batterie, maintenant la puissance constante sous charge.<br \/>\nLa batterie REDLITHIUM-ION\u2122 offre une conception parfaitement calibr\u00e9e, une \u00e9lectronique avanc\u00e9e et une alimentation sans perte pour une dur\u00e9e de vie plus longue de l\u2019outil et une durabilit\u00e9 accrue.<br \/>\nSyst\u00e8me de changement rapide de lame FIXTEC pour des changements de lame rapides et sans outil<br \/>\nR\u00e9glage de la course pendulaire \u00e0 5 voies pour des performances de coupe \u00e9lev\u00e9es<br \/>\nL\u2019interrupteur marche\/arr\u00eat ambidextre permet une utilisation dans de nombreuses positions diff\u00e9rentes<br \/>\n6 r\u00e9glages de vitesse avec d\u00e9marrage progressif<br \/>\n3500 coups par minute pour des coupes nettes et de faibles vibrations<br \/>\nLa fonction de soufflage des copeaux assure une ligne de coupe clairement visible<br \/>\n\u00c9clairage LED de la zone de travail<br \/>\nSemelle coulissante en plastique pour prot\u00e9ger la surface du mat\u00e9riau<br \/>\nLivr\u00e9 avec 1 lame, un adaptateur d\u2019extraction de poussi\u00e8re, un couvercle anti-poussi\u00e8re, un pare-copeaux, une plaque coulissante en plastique<br \/>\nSyst\u00e8me 100&nbsp;% compatible avec Milwaukee\u00ae M18\u2122<\/p>\n<p>D\u00e9tails techniques&nbsp;:<br \/>\nBatterie&nbsp;: Lithium-ion<br \/>\nNombre de batteries fournies&nbsp;: 0<br \/>\nLivr\u00e9 en&nbsp;: bo\u00eete HD<br \/>\nPoids avec batterie (kg)&nbsp;: 2.8<br \/>\nLongueur de course (mm)&nbsp;: 25<br \/>\nChargeur (temps de charge)&nbsp;: 59 min<br \/>\nVitesse de course \u00e0 vide (min-1)&nbsp;: 800 &#8211; 3500<br \/>\nCapacit\u00e9 de coupe max. dans l\u2019aluminium (mm)&nbsp;: 19<br \/>\nProfondeur de coupe max. dans le bois (mm) Profondeur de coupe dans le bois (mm)&nbsp;:  100<br \/>\nmax.  Profondeur de coupe maximale dans l\u2019acier (mm) : 10<br \/>\nR\u00e9glage de l\u2019inclinaison (\u00b0) : 45<br \/>\nCourse du pendule : Oui<br \/>\nR\u00e9glages de la course du pendule : 4<br \/>\nTension (V) : 18<br \/>\nContenu de la livraison :<br \/>\n 1x lame de scie<\/p>\n<p>Adaptateur d\u2019aspiration de poussi\u00e8re<br \/>\nHousse anti-poussi\u00e8re<br \/>\nProtection contre les copeaux<br \/>\nSemelle de course<br \/>\nen plastique Bo\u00eete HD<br \/>\nsans piles, sans chargeur<\/p>\n","protected":false},"excerpt":{"rendered":"<p>\u2122 Con\u00e7u et fabriqu\u00e9 par Milwaukee\u00ae pour des performances de coupe \u00e9lev\u00e9es jusqu\u2019\u00e0 32 m dans des panneaux OSB de<\/p>\n","protected":false},"featured_media":56797,"template":"","meta":{"_seopress_robots_primary_cat":"","_seopress_titles_title":"","_seopress_titles_desc":"","_seopress_robots_index":""},"product_brand":[3407],"product_cat":[29,514,535],"product_tag":[],"class_list":{"0":"post-474799","1":"product","2":"type-product","3":"status-publish","4":"has-post-thumbnail","6":"product_brand-milwaukee","7":"product_cat-macchinari","8":"product_cat-altri-dispositivi","9":"product_cat-spaccalegna-e-circolari","11":"first","12":"onbackorder","13":"shipping-taxable","14":"purchasable","15":"product-type-simple"},"_links":{"self":[{"href":"https:\/\/lucacastelli.com\/fr\/wp-json\/wp\/v2\/product\/474799","targetHints":{"allow":["GET"]}}],"collection":[{"href":"https:\/\/lucacastelli.com\/fr\/wp-json\/wp\/v2\/product"}],"about":[{"href":"https:\/\/lucacastelli.com\/fr\/wp-json\/wp\/v2\/types\/product"}],"wp:featuredmedia":[{"embeddable":true,"href":"https:\/\/lucacastelli.com\/fr\/wp-json\/wp\/v2\/media\/56797"}],"wp:attachment":[{"href":"https:\/\/lucacastelli.com\/fr\/wp-json\/wp\/v2\/media?parent=474799"}],"wp:term":[{"taxonomy":"product_brand","embeddable":true,"href":"https:\/\/lucacastelli.com\/fr\/wp-json\/wp\/v2\/product_brand?post=474799"},{"taxonomy":"product_cat","embeddable":true,"href":"https:\/\/lucacastelli.com\/fr\/wp-json\/wp\/v2\/product_cat?post=474799"},{"taxonomy":"product_tag","embeddable":true,"href":"https:\/\/lucacastelli.com\/fr\/wp-json\/wp\/v2\/product_tag?post=474799"}],"curies":[{"name":"wp","href":"https:\/\/api.w.org\/{rel}","templated":true}]}}