{"id":474793,"date":"2023-06-23T19:46:18","date_gmt":"2023-06-23T17:46:18","guid":{"rendered":"https:\/\/lucacastelli.com\/prodotto\/carburant-akku-winkelschleifer-m-bremse-m18fsag125xb-0x\/"},"modified":"2023-06-23T19:46:18","modified_gmt":"2023-06-23T17:46:18","slug":"carburant-akku-winkelschleifer-m-bremse-m18fsag125xb-0x","status":"publish","type":"product","link":"https:\/\/lucacastelli.com\/fr\/produit\/carburant-akku-winkelschleifer-m-bremse-m18fsag125xb-0x\/","title":{"rendered":"CARBURANT\u2122 Akku-Winkelschleifer m. Bremse M18FSAG125XB-0X"},"content":{"rendered":"<p>Puissance filaire similaire \u00e0 celle d\u2019une meuleuse d\u2019angle de 1200W<br \/>\nR\u00e9duction de la taille de la bo\u00eete de vitesses et de l\u2019angle de montage de la batterie, pour un meilleur \u00e9quilibre et une meilleure ergonomie par rapport au mod\u00e8le pr\u00e9c\u00e9dent<br \/>\nRAPIDSTOP\u2122 pour un freinage rapide \u00e0 disque en moins de 2 secondes pour une protection \u00e9lev\u00e9e de l\u2019utilisateur<br \/>\nPoign\u00e9e lat\u00e9rale anti-vibration pour r\u00e9duire les vibrations<br \/>\nSyst\u00e8me de changement rapide FIXTEC\u2122 pour un changement de disque sans outil<br \/>\nConception de poign\u00e9e mince<br \/>\nLa protection anti-poussi\u00e8re rempla\u00e7able emp\u00eache la p\u00e9n\u00e9tration de la salet\u00e9, prolonge la dur\u00e9e de vie de la machine<br \/>\nLe r\u00e9glage de la protection sans outil de 125 mm permet de grandes capacit\u00e9s de coupe<br \/>\nProtection contre le red\u00e9marrage pour une protection \u00e9lev\u00e9e de l\u2019utilisateur<br \/>\nLe moteur brushless POWERSTATE\u2122 de derni\u00e8re g\u00e9n\u00e9ration, l\u2019\u00e9lectronique REDLINK Plus\u2122 et les batteries 12,0 Ah REDLITHIUM-HIGH-OUTPUT\u2122\u2122 garantissent des performances puissantes, une grande durabilit\u00e9 et une longue dur\u00e9e de fonctionnement dans les applications les plus exigeantes<br \/>\n100&nbsp;% robuste compatible avec la gamme de produits MILWAUKEE-M18\u00ae\u2122.<\/p>\n<p>Caract\u00e9ristiques techniques&nbsp;:<\/p>\n<p>Batterie&nbsp;: Lithium-ion<br \/>\nCapacit\u00e9 de la batterie (Ah)&nbsp;: Non Batterie incluse<br \/>\nAnti-collision&nbsp;: Oui<br \/>\nFrein&nbsp;: Oui<br \/>\nVitesse de ralenti (min&nbsp;?\u00b9)&nbsp;: 8500<br \/>\nProfondeur de coupe maximale (mm)&nbsp;: 33 Profondeur de coupe (mm)&nbsp;: 33<br \/>\nD\u00e9marrage progressif&nbsp;: Oui<br \/>\nInterrupteur \u00e0 glissi\u00e8re<br \/>\nType&nbsp;: Interrupteur de verrouillage Diam\u00e8tre du<br \/>\ndisque (mm)&nbsp;: 125<br \/>\nTension (V)&nbsp;: 18<br \/>\nFiletage de la broche&nbsp;: M14<br \/>\nProtection contre le red\u00e9marrage&nbsp;:  Oui<\/p>\n<p>\u00c9quipement standard :<\/p>\n<p>Pare-poussi\u00e8re rempla\u00e7able<br \/>\nHousse de protection, poign\u00e9e lat\u00e9rale anti-vibration<br \/>\nBride, \u00e9crou \u00e0 bride, cl\u00e9 D\u00e9gagement<\/p>\n<p>rapide dans la bo\u00eete HD<br \/>\nsans batterie, sans chargeur<\/p>\n","protected":false},"excerpt":{"rendered":"<p>Puissance filaire similaire \u00e0 celle d\u2019une meuleuse d\u2019angle de 1200W R\u00e9duction de la taille de la bo\u00eete de vitesses et<\/p>\n","protected":false},"featured_media":56802,"template":"","meta":{"_seopress_robots_primary_cat":"","_seopress_titles_title":"","_seopress_titles_desc":"","_seopress_robots_index":""},"product_brand":[3407],"product_cat":[29,514,549],"product_tag":[],"class_list":{"0":"post-474793","1":"product","2":"type-product","3":"status-publish","4":"has-post-thumbnail","6":"product_brand-milwaukee","7":"product_cat-macchinari","8":"product_cat-altri-dispositivi","9":"product_cat-trapani-e-avvitatori","11":"first","12":"onbackorder","13":"shipping-taxable","14":"purchasable","15":"product-type-simple"},"_links":{"self":[{"href":"https:\/\/lucacastelli.com\/fr\/wp-json\/wp\/v2\/product\/474793","targetHints":{"allow":["GET"]}}],"collection":[{"href":"https:\/\/lucacastelli.com\/fr\/wp-json\/wp\/v2\/product"}],"about":[{"href":"https:\/\/lucacastelli.com\/fr\/wp-json\/wp\/v2\/types\/product"}],"wp:featuredmedia":[{"embeddable":true,"href":"https:\/\/lucacastelli.com\/fr\/wp-json\/wp\/v2\/media\/56802"}],"wp:attachment":[{"href":"https:\/\/lucacastelli.com\/fr\/wp-json\/wp\/v2\/media?parent=474793"}],"wp:term":[{"taxonomy":"product_brand","embeddable":true,"href":"https:\/\/lucacastelli.com\/fr\/wp-json\/wp\/v2\/product_brand?post=474793"},{"taxonomy":"product_cat","embeddable":true,"href":"https:\/\/lucacastelli.com\/fr\/wp-json\/wp\/v2\/product_cat?post=474793"},{"taxonomy":"product_tag","embeddable":true,"href":"https:\/\/lucacastelli.com\/fr\/wp-json\/wp\/v2\/product_tag?post=474793"}],"curies":[{"name":"wp","href":"https:\/\/api.w.org\/{rel}","templated":true}]}}