{"id":474783,"date":"2023-06-17T11:31:18","date_gmt":"2023-06-17T09:31:18","guid":{"rendered":"https:\/\/lucacastelli.com\/prodotto\/one-key-akku-schlagschrauber-3-4-vierkant-sprengring-m18onefhiwf34-0x\/"},"modified":"2026-04-17T23:58:16","modified_gmt":"2026-04-17T21:58:16","slug":"one-key-akku-schlagschrauber-3-4-vierkant-sprengring-m18onefhiwf34-0x","status":"publish","type":"product","link":"https:\/\/lucacastelli.com\/fr\/produit\/one-key-akku-schlagschrauber-3-4-vierkant-sprengring-m18onefhiwf34-0x\/","title":{"rendered":"Boulonneuse \u00e0 chocs sans fil ONE-KEY\u2122 carr\u00e9 3\/4&#8243; avec anneau \u00e9lastique M18ONEFHIWF34-0X"},"content":{"rendered":"<p>Couple puissant de 1 627 Nm avec design compact : seulement 213 mm de longueur<br \/>\nEntra\u00eenement \u00e0 anneau \u00e9lastique 3\/4\u02dd<br \/>\nDRIVE CONTROL\u2122 permet de passer rapidement entre 4 vitesses avec diff\u00e9rents r\u00e9glages de vitesse et de couple<br \/>\nContr\u00f4le individuel de la vitesse et du couple<br \/>\nPersonnalisation compl\u00e8te des r\u00e9glages de l&#8217;outil via l&#8217;application ONE-KEY\u2122 pour adapter l&#8217;outil \u00e0 vos besoins.<br \/>\nONE-KEY\u2122 Tool-Tracker &amp; -Security offre \u00e9galement la possibilit\u00e9 de visualiser la derni\u00e8re position connue de l&#8217;outil, entre autres.<br \/>\nNiveau 4 &#8211; pour un m\u00e9lange optimal de puissance et de pr\u00e9cision lors du desserrage des vis<br \/>\nSyst\u00e8me 100 % compatible avec la gamme de produits Milwaukee\u00ae M18<\/p>\n<p>Donn\u00e9es techniques :<br \/>\nBatterie : lithium-ion<br \/>\nEntra\u00eenement carr\u00e9 3\/4&#8243;<br \/>\nPoids avec batterie 3,5 kg<br \/>\nVitesse \u00e0 vide (min-1) : 0-900\/0-1300\/0-1800\/0-1800<br \/>\nCouple maximal [Nm] : 1627<br \/>\nCouple de desserrage maximal [Nm] : 2034<br \/>\nDiam\u00e8tre de vis maximal : M33<br \/>\nVitesse de frappe (min-1) : 0-850\/0-1850\/0-2400\/0-2400<br \/>\nTension : 18 V<\/p>\n<p>Contenu de la livraison :<br \/>\n1 x coffret HD<br \/>\n1 x boulonneuse \u00e0 chocs sans fil M18 ONEFHIWF34-0X<br \/>\nsans batteries, sans chargeur<\/p>\n","protected":false},"excerpt":{"rendered":"<p>Couple puissant de 1 627 Nm avec design compact : seulement 213 mm de longueur Entra\u00eenement \u00e0 anneau \u00e9lastique 3\/4\u02dd<\/p>\n","protected":false},"featured_media":56764,"template":"","meta":{"_seopress_robots_primary_cat":"none","_seopress_titles_title":"","_seopress_titles_desc":"","_seopress_robots_index":""},"product_brand":[3407],"product_cat":[29,514,549],"product_tag":[],"class_list":{"0":"post-474783","1":"product","2":"type-product","3":"status-publish","4":"has-post-thumbnail","6":"product_brand-milwaukee","7":"product_cat-macchinari","8":"product_cat-altri-dispositivi","9":"product_cat-trapani-e-avvitatori","10":"sws-gruppo-macchinari-fr","11":"sws-conto-ricavi-merci-rivendita-macchinari-fr","12":"sws-gruppo-iva-iva81-fr","14":"first","15":"instock","16":"sale","17":"shipping-taxable","18":"purchasable","19":"product-type-simple"},"_links":{"self":[{"href":"https:\/\/lucacastelli.com\/fr\/wp-json\/wp\/v2\/product\/474783","targetHints":{"allow":["GET"]}}],"collection":[{"href":"https:\/\/lucacastelli.com\/fr\/wp-json\/wp\/v2\/product"}],"about":[{"href":"https:\/\/lucacastelli.com\/fr\/wp-json\/wp\/v2\/types\/product"}],"wp:featuredmedia":[{"embeddable":true,"href":"https:\/\/lucacastelli.com\/fr\/wp-json\/wp\/v2\/media\/56764"}],"wp:attachment":[{"href":"https:\/\/lucacastelli.com\/fr\/wp-json\/wp\/v2\/media?parent=474783"}],"wp:term":[{"taxonomy":"product_brand","embeddable":true,"href":"https:\/\/lucacastelli.com\/fr\/wp-json\/wp\/v2\/product_brand?post=474783"},{"taxonomy":"product_cat","embeddable":true,"href":"https:\/\/lucacastelli.com\/fr\/wp-json\/wp\/v2\/product_cat?post=474783"},{"taxonomy":"product_tag","embeddable":true,"href":"https:\/\/lucacastelli.com\/fr\/wp-json\/wp\/v2\/product_tag?post=474783"}],"curies":[{"name":"wp","href":"https:\/\/api.w.org\/{rel}","templated":true}]}}