{"id":474550,"date":"2023-07-02T16:05:25","date_gmt":"2023-07-02T14:05:25","guid":{"rendered":"https:\/\/lucacastelli.com\/prodotto\/fuel-akku-ratsche-3-8-lang-m12fir38lr-0\/"},"modified":"2023-07-02T16:05:25","modified_gmt":"2023-07-02T14:05:25","slug":"fuel-akku-ratsche-3-8-lang-m12fir38lr-0","status":"publish","type":"product","link":"https:\/\/lucacastelli.com\/fr\/produit\/fuel-akku-ratsche-3-8-lang-m12fir38lr-0\/","title":{"rendered":"FUEL\u2122 Akku-Ratsche 3\/8&#8243; lang M12FIR38LR-0"},"content":{"rendered":"<p>Avec un couple maximal de 75 Nm et une dur\u00e9e de vie de 200 minutes, ce cliquet est la solution id\u00e9ale pour une vari\u00e9t\u00e9 d\u2019applications m\u00e9caniques.<br \/>\nGr\u00e2ce \u00e0 la technologie FUEL\u2122 et \u00e0 des composants de haute qualit\u00e9, l\u2019utilisateur professionnel b\u00e9n\u00e9ficie d\u2019une dur\u00e9e de vie encore plus longue<br \/>\nCol \u00e0 cliquet allong\u00e9 de 81 mm de longueur pour un travail encore plus facile dans les espaces restreints<br \/>\nInterrupteur papillon en m\u00e9tal pour une utilisation facile et contr\u00f4l\u00e9e<br \/>\nPoign\u00e9e avec coussin souple pour une meilleure prise en main<br \/>\nL\u2019\u00e9clairage LED et l\u2019indicateur de charge de la batterie<br \/>\nL\u2019\u00e9lectronique REDLINK PLUS\u2122 offre une protection num\u00e9rique avanc\u00e9e contre les surcharges pour la machine et la batterie,  en maintenant la puissance constante sous charge.<br \/>\nLa batterie lithium-ion REDLITHIUM\u2122 offre une conception parfaitement calibr\u00e9e, une \u00e9lectronique avanc\u00e9e et une alimentation sans perte, pour une dur\u00e9e de vie plus longue que les mod\u00e8les pr\u00e9c\u00e9dents.<br \/>\nLivr\u00e9 avec un adaptateur 1\/4<br \/>\n100&nbsp;% compatible avec la gamme de produits MILWAUKEE-M12\u00ae\u2122.<br \/>\nCaract\u00e9ristiques techniques&nbsp;:  <\/p>\n<p>Batterie lithium-ion<br \/>\nNombre de batteries fournies 0<br \/>\nNum\u00e9ro d\u2019article 4933471500<br \/>\nPoids avec batterie (kg) 1,4<br \/>\nLongueur (mm) 363<br \/>\nR\u00e9gime de ralenti (min-1) 0 &#8211; 200<br \/>\nCouple maximal (Nm) Couple (Nm) 75<br \/>\nHauteur de la t\u00eate du cliquet (mm) 19,3<br \/>\nTension (V) 12<br \/>\n\u00c9quipement standard \/ \u00e9quipement standard Adaptateur<br \/>\nporte-outil 1\/4&nbsp;\u00bb carr\u00e9 3\/8&nbsp;\u00bb Contenu<br \/>\nde la livraison :<\/p>\n<p>Machine dans une bo\u00eete en carton<br \/>\nSans chargeur, sans piles<br \/>\nAdaptateur 1\/4&#8243;<\/p>\n","protected":false},"excerpt":{"rendered":"<p>Avec un couple maximal de 75 Nm et une dur\u00e9e de vie de 200 minutes, ce cliquet est la solution<\/p>\n","protected":false},"featured_media":57042,"template":"","meta":{"_seopress_robots_primary_cat":"","_seopress_titles_title":"","_seopress_titles_desc":"","_seopress_robots_index":""},"product_brand":[3658],"product_cat":[1453,167,1552],"product_tag":[],"class_list":{"0":"post-474550","1":"product","2":"type-product","3":"status-publish","4":"has-post-thumbnail","6":"product_brand-milwaukee-fr","7":"product_cat-autres-appareils","8":"product_cat-machines","9":"product_cat-perceuses-et-tournevis","11":"first","12":"onbackorder","13":"shipping-taxable","14":"purchasable","15":"product-type-simple"},"_links":{"self":[{"href":"https:\/\/lucacastelli.com\/fr\/wp-json\/wp\/v2\/product\/474550","targetHints":{"allow":["GET"]}}],"collection":[{"href":"https:\/\/lucacastelli.com\/fr\/wp-json\/wp\/v2\/product"}],"about":[{"href":"https:\/\/lucacastelli.com\/fr\/wp-json\/wp\/v2\/types\/product"}],"wp:featuredmedia":[{"embeddable":true,"href":"https:\/\/lucacastelli.com\/fr\/wp-json\/wp\/v2\/media\/57042"}],"wp:attachment":[{"href":"https:\/\/lucacastelli.com\/fr\/wp-json\/wp\/v2\/media?parent=474550"}],"wp:term":[{"taxonomy":"product_brand","embeddable":true,"href":"https:\/\/lucacastelli.com\/fr\/wp-json\/wp\/v2\/product_brand?post=474550"},{"taxonomy":"product_cat","embeddable":true,"href":"https:\/\/lucacastelli.com\/fr\/wp-json\/wp\/v2\/product_cat?post=474550"},{"taxonomy":"product_tag","embeddable":true,"href":"https:\/\/lucacastelli.com\/fr\/wp-json\/wp\/v2\/product_tag?post=474550"}],"curies":[{"name":"wp","href":"https:\/\/api.w.org\/{rel}","templated":true}]}}