{"id":474542,"date":"2023-07-02T15:51:45","date_gmt":"2023-07-02T13:51:45","guid":{"rendered":"https:\/\/lucacastelli.com\/prodotto\/fuel-akku-kompakt-bohrschrauber-mit-schnellwechselbohrfutter-m12fddxkit-0x\/"},"modified":"2023-07-02T15:51:45","modified_gmt":"2023-07-02T13:51:45","slug":"fuel-akku-kompakt-bohrschrauber-mit-schnellwechselbohrfutter-m12fddxkit-0x","status":"publish","type":"product","link":"https:\/\/lucacastelli.com\/fr\/produit\/fuel-akku-kompakt-bohrschrauber-mit-schnellwechselbohrfutter-m12fddxkit-0x\/","title":{"rendered":"FUEL\u2122 Akku-Kompakt-Bohrschrauber mit Schnellwechselbohrfutter M12FDDXKIT-0X"},"content":{"rendered":"<p>Fonctionnalit\u00e9s:<\/p>\n<p>Syst\u00e8me de t\u00eate interchangeable avec quatre accessoires diff\u00e9rents pour une large gamme d\u2019applications.<br \/>\nL\u2019entra\u00eenement 1\/4&#8243;-HEX sous le mandrin de per\u00e7age permet de r\u00e9duire la longueur \u00e0 130 mm lorsque l\u2019op\u00e9ration de vissage l\u2019exige.<br \/>\nOutil tr\u00e8s maniable pour une pr\u00e9cision et un contr\u00f4le<br \/>\nmaximaux Moteur brushless POWERSTATE\u2122 pour un couple maximal de 34 Nm<br \/>\nLe porte-embouts magn\u00e9tique<br \/>\nL\u2019\u00e9lectronique REDLINK PLUS\u2122 offre une protection num\u00e9rique avanc\u00e9e contre la surcharge de la machine et de la batterie, maintenant une puissance constante sous charge<br \/>\nLa batterie REDLITHIUM\u2122 offre une conception parfaitement calibr\u00e9e, une \u00e9lectronique avanc\u00e9e et une alimentation sans perte,  pour une longue dur\u00e9e de vie et une r\u00e9sistance \u00e9lev\u00e9e.<br \/>\n100&nbsp;% compatible avec la gamme de produits MILWAUKEE\u00ae M12\u2122.<br \/>\nCaract\u00e9ristiques techniques&nbsp;:<\/p>\n<p>Plage de serrage du mandrin (mm) : 10<br \/>\nR\u00e9glages de vitesse : 2<br \/>\nPoids avec batterie (kg) : 1 kg<br \/>\nVis \u00e0 bois (mm) : 10<br \/>\nVitesse de ralenti en 1\u00e8re vitesse (min) : 0 &#8211; 400<br \/>\nVitesse de ralenti en 2\u00e8me vitesse (min-\u00b9) : 0 &#8211; 1600<br \/>\nDiam\u00e8tre de per\u00e7age maximum dans le bois (mm) Diam\u00e8tre de per\u00e7age dans le bois (mm) :  28<br \/>\nDiam\u00e8tre de per\u00e7age maximal dans l\u2019acier Diam\u00e8tre maximal de per\u00e7age dans l\u2019acier (mm) : 10<br \/>\nCouple maximal (Nm) : 34 Couple (Nm) : 34<br \/>\nTension (V) : 12<br \/>\nContenu de la livraison :<\/p>\n<p>HD Box Mandrin de perceuse \u00e0 m\u00e9tal de 10 mm, vis d\u00e9cal\u00e9e, fixation excentrique, fixation HEX de 6 mm<br \/>\n, sans piles, sans chargeur<\/p>\n","protected":false},"excerpt":{"rendered":"<p>Fonctionnalit\u00e9s: Syst\u00e8me de t\u00eate interchangeable avec quatre accessoires diff\u00e9rents pour une large gamme d\u2019applications. L\u2019entra\u00eenement 1\/4&#8243;-HEX sous le mandrin de<\/p>\n","protected":false},"featured_media":57027,"template":"","meta":{"_seopress_robots_primary_cat":"","_seopress_titles_title":"","_seopress_titles_desc":"","_seopress_robots_index":""},"product_brand":[3407],"product_cat":[29,514,549],"product_tag":[],"class_list":{"0":"post-474542","1":"product","2":"type-product","3":"status-publish","4":"has-post-thumbnail","6":"product_brand-milwaukee","7":"product_cat-macchinari","8":"product_cat-altri-dispositivi","9":"product_cat-trapani-e-avvitatori","11":"first","12":"onbackorder","13":"shipping-taxable","14":"purchasable","15":"product-type-simple"},"_links":{"self":[{"href":"https:\/\/lucacastelli.com\/fr\/wp-json\/wp\/v2\/product\/474542","targetHints":{"allow":["GET"]}}],"collection":[{"href":"https:\/\/lucacastelli.com\/fr\/wp-json\/wp\/v2\/product"}],"about":[{"href":"https:\/\/lucacastelli.com\/fr\/wp-json\/wp\/v2\/types\/product"}],"wp:featuredmedia":[{"embeddable":true,"href":"https:\/\/lucacastelli.com\/fr\/wp-json\/wp\/v2\/media\/57027"}],"wp:attachment":[{"href":"https:\/\/lucacastelli.com\/fr\/wp-json\/wp\/v2\/media?parent=474542"}],"wp:term":[{"taxonomy":"product_brand","embeddable":true,"href":"https:\/\/lucacastelli.com\/fr\/wp-json\/wp\/v2\/product_brand?post=474542"},{"taxonomy":"product_cat","embeddable":true,"href":"https:\/\/lucacastelli.com\/fr\/wp-json\/wp\/v2\/product_cat?post=474542"},{"taxonomy":"product_tag","embeddable":true,"href":"https:\/\/lucacastelli.com\/fr\/wp-json\/wp\/v2\/product_tag?post=474542"}],"curies":[{"name":"wp","href":"https:\/\/api.w.org\/{rel}","templated":true}]}}