{"id":474535,"date":"2023-07-02T15:51:17","date_gmt":"2023-07-02T13:51:17","guid":{"rendered":"https:\/\/lucacastelli.com\/prodotto\/carburant-akku-geradschleifer-abgewinkelt-m12fdga-422b\/"},"modified":"2023-07-02T15:51:17","modified_gmt":"2023-07-02T13:51:17","slug":"carburant-akku-geradschleifer-abgewinkelt-m12fdga-422b","status":"publish","type":"product","link":"https:\/\/lucacastelli.com\/fr\/produit\/carburant-akku-geradschleifer-abgewinkelt-m12fdga-422b\/","title":{"rendered":"CARBURANT\u2122 Akku-Geradschleifer, abgewinkelt M12FDGA-422B"},"content":{"rendered":"<p>La premi\u00e8re meuleuse d\u2019angle sans fil d\u2019une puissance comparable \u00e0 celle d\u2019un outil pneumatique.<br \/>\nLa conception compacte (longueur totale 119 mm) permet d\u2019acc\u00e9der facilement aux endroits difficiles d\u2019acc\u00e8s et ouvre de nouvelles possibilit\u00e9s d\u2019application.<br \/>\nR\u00e9glage de la vitesse en 4 \u00e9tapes et contr\u00f4le sensible de la vitesse pour un contr\u00f4le optimal<br \/>\nPour les meules jusqu\u2019\u00e0 \u00f8 50 mm<br \/>\nLivr\u00e9 avec des pinces de serrage de 6 et 8 mm<br \/>\n3 technologies exclusives\u00ae MILWAUKEE : moteur brushless POWERSTATE\u2122, batteries REDLITHIUM-ION\u2122 et \u00e9lectronique REDLINK PLUS\u2122 pour des performances puissantes, une longue dur\u00e9e de vie et une grande durabilit\u00e9.<br \/>\n100&nbsp;% compatible avec la gamme de produits MILWAUKEE\u00ae M12\u2122.<br \/>\nCaract\u00e9ristiques techniques&nbsp;:<\/p>\n<p>Batterie : Lithium-ion<br \/>\nPoids avec batterie (kg) : 1,0<br \/>\nVitesse \u00e0 vide (min-1) : 0 &#8211; 10 000\/ 0 &#8211; 15 000\/ 0 &#8211; 20 000\/ 0 &#8211; 24 500<br \/>\nDiam\u00e8tre de serrage maximal (mm) Diam\u00e8tre de serrage (mm) : 6 et 8<br \/>\nDiam\u00e8tre de la poulie (mm) : 50<br \/>\nTension (V) : 12<\/p>\n<p>Contenu de la livraison :<\/p>\n<p>1 x batterie 2.0 \/ 1 x chargeur de batterie 4,0 Ah<br \/>\nC12 C<br \/>\nSac \u00e0 outils<\/p>\n","protected":false},"excerpt":{"rendered":"<p>La premi\u00e8re meuleuse d\u2019angle sans fil d\u2019une puissance comparable \u00e0 celle d\u2019un outil pneumatique. La conception compacte (longueur totale 119<\/p>\n","protected":false},"featured_media":57022,"template":"","meta":{"_seopress_robots_primary_cat":"","_seopress_titles_title":"","_seopress_titles_desc":"","_seopress_robots_index":""},"product_brand":[3658],"product_cat":[1453,1549,167],"product_tag":[],"class_list":{"0":"post-474535","1":"product","2":"type-product","3":"status-publish","4":"has-post-thumbnail","6":"product_brand-milwaukee-fr","7":"product_cat-autres-appareils","8":"product_cat-brosses","9":"product_cat-machines","11":"first","12":"onbackorder","13":"shipping-taxable","14":"purchasable","15":"product-type-simple"},"_links":{"self":[{"href":"https:\/\/lucacastelli.com\/fr\/wp-json\/wp\/v2\/product\/474535","targetHints":{"allow":["GET"]}}],"collection":[{"href":"https:\/\/lucacastelli.com\/fr\/wp-json\/wp\/v2\/product"}],"about":[{"href":"https:\/\/lucacastelli.com\/fr\/wp-json\/wp\/v2\/types\/product"}],"wp:featuredmedia":[{"embeddable":true,"href":"https:\/\/lucacastelli.com\/fr\/wp-json\/wp\/v2\/media\/57022"}],"wp:attachment":[{"href":"https:\/\/lucacastelli.com\/fr\/wp-json\/wp\/v2\/media?parent=474535"}],"wp:term":[{"taxonomy":"product_brand","embeddable":true,"href":"https:\/\/lucacastelli.com\/fr\/wp-json\/wp\/v2\/product_brand?post=474535"},{"taxonomy":"product_cat","embeddable":true,"href":"https:\/\/lucacastelli.com\/fr\/wp-json\/wp\/v2\/product_cat?post=474535"},{"taxonomy":"product_tag","embeddable":true,"href":"https:\/\/lucacastelli.com\/fr\/wp-json\/wp\/v2\/product_tag?post=474535"}],"curies":[{"name":"wp","href":"https:\/\/api.w.org\/{rel}","templated":true}]}}