{"id":474531,"date":"2023-07-02T15:12:32","date_gmt":"2023-07-02T13:12:32","guid":{"rendered":"https:\/\/lucacastelli.com\/prodotto\/akku-rohrreiniger-m12bdc6-202c\/"},"modified":"2023-07-02T15:12:32","modified_gmt":"2023-07-02T13:12:32","slug":"akku-rohrreiniger-m12bdc6-202c","status":"publish","type":"product","link":"https:\/\/lucacastelli.com\/fr\/produit\/akku-rohrreiniger-m12bdc6-202c\/","title":{"rendered":"Akku Rohrreiniger M12BDC6-202C"},"content":{"rendered":"<p>Brosse professionnelle extra-l\u00e9g\u00e8re et sans<br \/>\nfil Possibilit\u00e9s d\u2019utilisation<br \/>\nFlexibilit\u00e9 et mobilit\u00e9 maximales gr\u00e2ce au fonctionnement sur batterie<br \/>\nSpirale flexible de 6 mm pour le nettoyage de tuyaux jusqu\u2019\u00e0 50 mm \u00f8. Compatible avec les spirales de nettoyage standard \u00f8 6 et 8 mm.<br \/>\nLe bo\u00eetier en spirale robuste prot\u00e8ge l\u2019utilisateur et la surface<br \/>\nRetrait facile du tambour int\u00e9rieur pour un nettoyage<br \/>\nrapide R\u00e9glage rapide de l\u2019alimentation et du retour manuels en spirale<br \/>\nL\u2019\u00e9clairage LED de la zone de travail<br \/>\nL\u2019\u00e9lectronique REDLINK\u2122 &#8211; la protection contre les surcharges de la machine et de la batterie assure une longue dur\u00e9e de vie.<br \/>\nLa batterie REDLITHIUM-ION\u2122 offre une conception parfaitement adapt\u00e9e, une \u00e9lectronique avanc\u00e9e et une alimentation sans perte pour une dur\u00e9e de vie plus longue et un service plus long que les mod\u00e8les pr\u00e9c\u00e9dents<br \/>\n, 100&nbsp;% compatible avec la gamme de produits Milwaukee\u00ae M12 <\/p>\n<p>Caract\u00e9ristiques techniques&nbsp;:<\/p>\n<p>Batterie lithium-ion<br \/>\nCapacit\u00e9 de la batterie (Ah) 2.0<br \/>\nNombre de batteries fournies 2<br \/>\nCapacit\u00e9 du godet (l) 22.5<br \/>\nLivr\u00e9 dans le godet<br \/>\nPoids avec batterie (kg) 4.2<br \/>\nDiam\u00e8tre du c\u00e2ble (mm) 6<br \/>\nLongueur du c\u00e2ble (m) 7.6<br \/>\nChargeur (temps de charge) 40 min<br \/>\nVitesse \u00e0 vide (min-1) 0 &#8211; 500<br \/>\nDiam\u00e8tre maximum du tuyau (mm) Diam\u00e8tre du tuyau (mm) 50<br \/>\nTension (V) 12<br \/>\nLongueur de la spirale (m) 7.6<\/p>\n<p>Contenu de la livraison&nbsp;:<br \/>\n2 batteries rechargeables de 2,0 Ah, chargeur, spirale pour le nettoyage des tuyaux de 6 mm de 7,6 m\u00e8tres<\/p>\n","protected":false},"excerpt":{"rendered":"<p>Brosse professionnelle extra-l\u00e9g\u00e8re et sans fil Possibilit\u00e9s d\u2019utilisation Flexibilit\u00e9 et mobilit\u00e9 maximales gr\u00e2ce au fonctionnement sur batterie Spirale flexible de<\/p>\n","protected":false},"featured_media":56982,"template":"","meta":{"_seopress_robots_primary_cat":"","_seopress_titles_title":"","_seopress_titles_desc":"","_seopress_robots_index":""},"product_brand":[3407],"product_cat":[29,514,554],"product_tag":[],"class_list":{"0":"post-474531","1":"product","2":"type-product","3":"status-publish","4":"has-post-thumbnail","6":"product_brand-milwaukee","7":"product_cat-macchinari","8":"product_cat-altri-dispositivi","9":"product_cat-spazzole","11":"first","12":"onbackorder","13":"shipping-taxable","14":"purchasable","15":"product-type-simple"},"_links":{"self":[{"href":"https:\/\/lucacastelli.com\/fr\/wp-json\/wp\/v2\/product\/474531","targetHints":{"allow":["GET"]}}],"collection":[{"href":"https:\/\/lucacastelli.com\/fr\/wp-json\/wp\/v2\/product"}],"about":[{"href":"https:\/\/lucacastelli.com\/fr\/wp-json\/wp\/v2\/types\/product"}],"wp:featuredmedia":[{"embeddable":true,"href":"https:\/\/lucacastelli.com\/fr\/wp-json\/wp\/v2\/media\/56982"}],"wp:attachment":[{"href":"https:\/\/lucacastelli.com\/fr\/wp-json\/wp\/v2\/media?parent=474531"}],"wp:term":[{"taxonomy":"product_brand","embeddable":true,"href":"https:\/\/lucacastelli.com\/fr\/wp-json\/wp\/v2\/product_brand?post=474531"},{"taxonomy":"product_cat","embeddable":true,"href":"https:\/\/lucacastelli.com\/fr\/wp-json\/wp\/v2\/product_cat?post=474531"},{"taxonomy":"product_tag","embeddable":true,"href":"https:\/\/lucacastelli.com\/fr\/wp-json\/wp\/v2\/product_tag?post=474531"}],"curies":[{"name":"wp","href":"https:\/\/api.w.org\/{rel}","templated":true}]}}