{"id":474527,"date":"2023-07-02T15:13:06","date_gmt":"2023-07-02T13:13:06","guid":{"rendered":"https:\/\/lucacastelli.com\/prodotto\/akku-rohrreiniger-m12bdc8-0c\/"},"modified":"2023-07-02T15:13:06","modified_gmt":"2023-07-02T13:13:06","slug":"akku-rohrreiniger-m12bdc8-0c","status":"publish","type":"product","link":"https:\/\/lucacastelli.com\/fr\/produit\/akku-rohrreiniger-m12bdc8-0c\/","title":{"rendered":"Akku Rohrreiniger M12BDC8-0C"},"content":{"rendered":"<p>Brosse professionnelle extra-l\u00e9g\u00e8re et sans<br \/>\nfil Possibilit\u00e9s d\u2019utilisation<br \/>\npolyvalentes Flexibilit\u00e9 et mobilit\u00e9 maximales gr\u00e2ce au fonctionnement sur batterie<br \/>\nSolide spirale de nettoyage de 8 mm pour tuyaux jusqu\u2019\u00e0 60 mm \u00f8. Compatible avec les spirales de nettoyage standard \u00f8 6 et 8 mm.<br \/>\nLe bo\u00eetier en spirale robuste prot\u00e8ge l\u2019utilisateur et la surface<br \/>\nRetrait facile du tambour int\u00e9rieur pour un nettoyage<br \/>\nrapide R\u00e9glage rapide de l\u2019alimentation et du retour manuels en spirale<br \/>\nL\u2019\u00e9clairage LED de la zone de travail<br \/>\nL\u2019\u00e9lectronique REDLINK\u2122 &#8211; la protection contre les surcharges de la machine et de la batterie assure une longue dur\u00e9e de vie.<br \/>\nLa batterie REDLITHIUM-ION\u2122 offre une conception parfaitement calibr\u00e9e, une \u00e9lectronique avanc\u00e9e et une alimentation sans perte pour une dur\u00e9e de vie plus longue et un service plus long que les mod\u00e8les pr\u00e9c\u00e9dents<br \/>\n, 100&nbsp;% compatible avec la gamme de produits Milwaukee\u00ae M12 <\/p>\n<p>Caract\u00e9ristiques techniques&nbsp;:<\/p>\n<p>Batterie lithium-ion<br \/>\nCapacit\u00e9 du godet (l) 22.5<br \/>\nLivr\u00e9 dans le godet<br \/>\nPoids avec batterie (kg) 4.8<br \/>\nDiam\u00e8tre du c\u00e2ble (mm) 8<br \/>\nLongueur du c\u00e2ble (m) 7.6<br \/>\nVitesse \u00e0 vide (min-1) 0 &#8211; 500<br \/>\nDiam\u00e8tre maximal du tuyau (mm) Diam\u00e8tre du tuyau (mm) 60<br \/>\nTension (V) 12<br \/>\nLongueur de la spirale (m) 7.6<\/p>\n<p>Contenu de la livraison :<br \/>\nsans batterie, sans chargeur, spirale de nettoyage de tuyau de 7,6 m et 8 mm<\/p>\n","protected":false},"excerpt":{"rendered":"<p>Brosse professionnelle extra-l\u00e9g\u00e8re et sans fil Possibilit\u00e9s d\u2019utilisation polyvalentes Flexibilit\u00e9 et mobilit\u00e9 maximales gr\u00e2ce au fonctionnement sur batterie Solide spirale<\/p>\n","protected":false},"featured_media":56987,"template":"","meta":{"_seopress_robots_primary_cat":"","_seopress_titles_title":"","_seopress_titles_desc":"","_seopress_robots_index":""},"product_brand":[3658],"product_cat":[1453,1549,167],"product_tag":[],"class_list":{"0":"post-474527","1":"product","2":"type-product","3":"status-publish","4":"has-post-thumbnail","6":"product_brand-milwaukee-fr","7":"product_cat-autres-appareils","8":"product_cat-brosses","9":"product_cat-machines","11":"first","12":"onbackorder","13":"shipping-taxable","14":"purchasable","15":"product-type-simple"},"_links":{"self":[{"href":"https:\/\/lucacastelli.com\/fr\/wp-json\/wp\/v2\/product\/474527","targetHints":{"allow":["GET"]}}],"collection":[{"href":"https:\/\/lucacastelli.com\/fr\/wp-json\/wp\/v2\/product"}],"about":[{"href":"https:\/\/lucacastelli.com\/fr\/wp-json\/wp\/v2\/types\/product"}],"wp:featuredmedia":[{"embeddable":true,"href":"https:\/\/lucacastelli.com\/fr\/wp-json\/wp\/v2\/media\/56987"}],"wp:attachment":[{"href":"https:\/\/lucacastelli.com\/fr\/wp-json\/wp\/v2\/media?parent=474527"}],"wp:term":[{"taxonomy":"product_brand","embeddable":true,"href":"https:\/\/lucacastelli.com\/fr\/wp-json\/wp\/v2\/product_brand?post=474527"},{"taxonomy":"product_cat","embeddable":true,"href":"https:\/\/lucacastelli.com\/fr\/wp-json\/wp\/v2\/product_cat?post=474527"},{"taxonomy":"product_tag","embeddable":true,"href":"https:\/\/lucacastelli.com\/fr\/wp-json\/wp\/v2\/product_tag?post=474527"}],"curies":[{"name":"wp","href":"https:\/\/api.w.org\/{rel}","templated":true}]}}