{"id":474519,"date":"2023-07-02T09:48:15","date_gmt":"2023-07-02T07:48:15","guid":{"rendered":"https:\/\/lucacastelli.com\/prodotto\/fuel-akku-kompakt-schlagbohrschrauber-mit-schnellwechselbohrfutter-m12fpdxkit-202x\/"},"modified":"2023-07-02T09:48:15","modified_gmt":"2023-07-02T07:48:15","slug":"fuel-akku-kompakt-schlagbohrschrauber-mit-schnellwechselbohrfutter-m12fpdxkit-202x","status":"publish","type":"product","link":"https:\/\/lucacastelli.com\/fr\/produit\/fuel-akku-kompakt-schlagbohrschrauber-mit-schnellwechselbohrfutter-m12fpdxkit-202x\/","title":{"rendered":"FUEL\u2122 Akku-Kompakt-Schlagbohrschrauber mit Schnellwechselbohrfutter M12FPDXKIT-202X"},"content":{"rendered":"<p>Perceuse \u00e0 percussion sans fil compacte avec solution de vissage 6 en 1<br \/>\nSyst\u00e8me de broche amovible avec 3 tiges pour une flexibilit\u00e9<br \/>\nmaximale Le moteur POWERSTATE\u2122 sans balais pour les applications les plus<br \/>\ndifficiles L\u2019\u00e9lectronique REDLINK PLUS\u2122 offre une protection num\u00e9rique avanc\u00e9e contre les surcharges pour la machine et la batterie, maintenant la puissance constante sous charge<br \/>\nLa batterie REDLITHIUM-ION\u2122 offre une conception parfaitement calibr\u00e9e, une \u00e9lectronique avanc\u00e9e et une alimentation sans perte pour une dur\u00e9e de vie plus longue de l\u2019outil et une Dur\u00e9e de vie plus longue que les mod\u00e8les pr\u00e9c\u00e9dents<br \/>\nMandrin rapide de 13 mm, entra\u00eenement \u00e0 vis \u00e0 angle droit en m\u00e9tal hexagonal de 1\/4 po ou entra\u00eenement excentrique en m\u00e9tal hexagonal de 1\/4 po.<br \/>\nExtr\u00eamement maniable, gr\u00e2ce \u00e0 l\u2019entra\u00eenement hexagonal 1\/4&#8221; sous la broche : seulement 138 mm de longueur sans broche<br \/>\nEngrenage plan\u00e9taire en m\u00e9tal pour une longue dur\u00e9e de vie<br \/>\n\u00c9clairage LED de la zone de travail<br \/>\nSyst\u00e8me 100&nbsp;% compatible avec Milwaukee\u00ae M12<\/p>\n<p>Caract\u00e9ristiques techniques&nbsp;:<\/p>\n<p>Batterie lithium-ion<br \/>\nCapacit\u00e9 de la batterie (Ah) 2.0<br \/>\nNombre de piles fournies 2<br \/>\nPlage de serrage de la broche (mm) 13<br \/>\nLivr\u00e9 dans une bo\u00eete HD<br \/>\nPoids avec batterie (kg) 1,2<br \/>\nVis \u00e0 bois (mm) 8<br \/>\nChargeur (temps de charge) 40 min<br \/>\nR\u00e9gime de ralenti en 1\u00e8re vitesse (min-1) 0 &#8211; 450<br \/>\nR\u00e9gime de ralenti en 2\u00e8me vitesse (min-1) 0 &#8211; 1700<br \/>\nDiam\u00e8tre maximum de per\u00e7age dans le bois (mm) Diam\u00e8tre de per\u00e7age dans le bois (mm) 35<br \/>\nDiam\u00e8tre maximum de per\u00e7age dans la ma\u00e7onnerie Diam\u00e8tre maximum de per\u00e7age dans la ma\u00e7onnerie (mm) 13<br \/>\nDiam\u00e8tre maximum de per\u00e7age dans l\u2019acier Diam\u00e8tre de per\u00e7age dans l\u2019acier (mm) 13<br \/>\nCouple maximal Couple (Nm) 37<br \/>\nVitesse maximale d\u2019impact (min-1) Vitesse d\u2019impact (min-1) 0 &#8211; 25 500<br \/>\nTension (V) 12<\/p>\n<p>Contenu de la livraison :<br \/>\n2 batteries rechargeables de 2,0 Ah, chargeur, bo\u00eetier HD, mandrin rapide de 13 mm, connexion excentrique, connexion d\u2019angle.<\/p>\n","protected":false},"excerpt":{"rendered":"<p>Perceuse \u00e0 percussion sans fil compacte avec solution de vissage 6 en 1 Syst\u00e8me de broche amovible avec 3 tiges<\/p>\n","protected":false},"featured_media":56972,"template":"","meta":{"_seopress_robots_primary_cat":"","_seopress_titles_title":"","_seopress_titles_desc":"","_seopress_robots_index":""},"product_brand":[3658],"product_cat":[1453,167,1552],"product_tag":[],"class_list":{"0":"post-474519","1":"product","2":"type-product","3":"status-publish","4":"has-post-thumbnail","6":"product_brand-milwaukee-fr","7":"product_cat-autres-appareils","8":"product_cat-machines","9":"product_cat-perceuses-et-tournevis","11":"first","12":"onbackorder","13":"shipping-taxable","14":"purchasable","15":"product-type-simple"},"_links":{"self":[{"href":"https:\/\/lucacastelli.com\/fr\/wp-json\/wp\/v2\/product\/474519","targetHints":{"allow":["GET"]}}],"collection":[{"href":"https:\/\/lucacastelli.com\/fr\/wp-json\/wp\/v2\/product"}],"about":[{"href":"https:\/\/lucacastelli.com\/fr\/wp-json\/wp\/v2\/types\/product"}],"wp:featuredmedia":[{"embeddable":true,"href":"https:\/\/lucacastelli.com\/fr\/wp-json\/wp\/v2\/media\/56972"}],"wp:attachment":[{"href":"https:\/\/lucacastelli.com\/fr\/wp-json\/wp\/v2\/media?parent=474519"}],"wp:term":[{"taxonomy":"product_brand","embeddable":true,"href":"https:\/\/lucacastelli.com\/fr\/wp-json\/wp\/v2\/product_brand?post=474519"},{"taxonomy":"product_cat","embeddable":true,"href":"https:\/\/lucacastelli.com\/fr\/wp-json\/wp\/v2\/product_cat?post=474519"},{"taxonomy":"product_tag","embeddable":true,"href":"https:\/\/lucacastelli.com\/fr\/wp-json\/wp\/v2\/product_tag?post=474519"}],"curies":[{"name":"wp","href":"https:\/\/api.w.org\/{rel}","templated":true}]}}