{"id":474512,"date":"2023-07-02T09:23:18","date_gmt":"2023-07-02T07:23:18","guid":{"rendered":"https:\/\/lucacastelli.com\/prodotto\/m12bd-202c-m12bd-202c\/"},"modified":"2023-07-02T09:23:18","modified_gmt":"2023-07-02T07:23:18","slug":"m12bd-202c-m12bd-202c","status":"publish","type":"product","link":"https:\/\/lucacastelli.com\/fr\/produit\/m12bd-202c-m12bd-202c\/","title":{"rendered":"M12BD-202C M12BD-202C"},"content":{"rendered":"<p>Visseuse sans fil compacte extr\u00eamement maniable : seulement 175 mm de long<br \/>\n\u00c9lectronique REDLINK\u2122 &#8211; la protection contre les surcharges dans la machine et la batterie assure une longue dur\u00e9e de vie<br \/>\nPorte-embout direct hexagonal<br \/>\n1\/4&#8221; Poign\u00e9e optimis\u00e9e avec poign\u00e9e souple pour une ergonomie et une prise en main<br \/>\nam\u00e9lior\u00e9es Surveillance \u00e0 cellule unique pour une dur\u00e9e de vie optimale de la batterie et une longue dur\u00e9e de vie de la batterie<br \/>\nIndicateur de charge de la batterie et \u00e9clairage LED de la zone de travail<br \/>\nLa batterie REDLITHIUM-ION\u2122 offre une conception parfaitement calibr\u00e9e, une \u00e9lectronique avanc\u00e9e et une alimentation sans perte pour une dur\u00e9e de vie plus longue de l\u2019outil et une grande durabilit\u00e9.<br \/>\nSyst\u00e8me 100&nbsp;% compatible avec Milwaukee\u00ae M12<br \/>\nFourni : clip de ceinture<\/p>\n<p>Caract\u00e9ristiques techniques&nbsp;:<\/p>\n<p>Batterie lithium-ion<br \/>\nNombre de batteries fournies 2<br \/>\nNum\u00e9ro d\u2019article 4933441900<br \/>\nPoids avec batterie (kg) 1.0<br \/>\nVis \u00e0 bois (mm) 6<br \/>\nChargeur (temps de charge) 40 min<br \/>\nVitesse de ralenti en 1\u00e8re vitesse (min-1) 0 &#8211; 400<br \/>\nVitesse de ralenti en 2\u00e8me vitesse (min-1) 0 &#8211; 1500<br \/>\nDiam\u00e8tre maximum de la m\u00e8che en bois (mm) Diam\u00e8tre de la m\u00e8che en bois (mm) 22<br \/>\nDiam\u00e8tre maximal de per\u00e7age dans l\u2019acier Diam\u00e8tre maximal de per\u00e7age dans l\u2019acier (mm) 10<br \/>\nCouple maximal Couple (Nm) 30<br \/>\nDiam\u00e8tre maximal de per\u00e7age du bois\u00a6 acier [mm] Calcul\u00e9 22\/ 10<br \/>\nTension (V) 12<\/p>\n<p>Contenu de la livraison :<br \/>\n 2 batteries lithium-ion rouges 12 V\/2,0 Ah, chargeur C12 C, pointe, mallette de transport.<\/p>\n","protected":false},"excerpt":{"rendered":"<p>Visseuse sans fil compacte extr\u00eamement maniable : seulement 175 mm de long \u00c9lectronique REDLINK\u2122 &#8211; la protection contre les surcharges<\/p>\n","protected":false},"featured_media":56957,"template":"","meta":{"_seopress_robots_primary_cat":"","_seopress_titles_title":"","_seopress_titles_desc":"","_seopress_robots_index":""},"product_brand":[3407],"product_cat":[29,514,549],"product_tag":[],"class_list":{"0":"post-474512","1":"product","2":"type-product","3":"status-publish","4":"has-post-thumbnail","6":"product_brand-milwaukee","7":"product_cat-macchinari","8":"product_cat-altri-dispositivi","9":"product_cat-trapani-e-avvitatori","11":"first","12":"onbackorder","13":"shipping-taxable","14":"purchasable","15":"product-type-simple"},"_links":{"self":[{"href":"https:\/\/lucacastelli.com\/fr\/wp-json\/wp\/v2\/product\/474512","targetHints":{"allow":["GET"]}}],"collection":[{"href":"https:\/\/lucacastelli.com\/fr\/wp-json\/wp\/v2\/product"}],"about":[{"href":"https:\/\/lucacastelli.com\/fr\/wp-json\/wp\/v2\/types\/product"}],"wp:featuredmedia":[{"embeddable":true,"href":"https:\/\/lucacastelli.com\/fr\/wp-json\/wp\/v2\/media\/56957"}],"wp:attachment":[{"href":"https:\/\/lucacastelli.com\/fr\/wp-json\/wp\/v2\/media?parent=474512"}],"wp:term":[{"taxonomy":"product_brand","embeddable":true,"href":"https:\/\/lucacastelli.com\/fr\/wp-json\/wp\/v2\/product_brand?post=474512"},{"taxonomy":"product_cat","embeddable":true,"href":"https:\/\/lucacastelli.com\/fr\/wp-json\/wp\/v2\/product_cat?post=474512"},{"taxonomy":"product_tag","embeddable":true,"href":"https:\/\/lucacastelli.com\/fr\/wp-json\/wp\/v2\/product_tag?post=474512"}],"curies":[{"name":"wp","href":"https:\/\/api.w.org\/{rel}","templated":true}]}}