{"id":474503,"date":"2023-07-02T09:10:17","date_gmt":"2023-07-02T07:10:17","guid":{"rendered":"https:\/\/lucacastelli.com\/prodotto\/carburant-akku-schlagschrauber-1-4-vierkant-m12fiw14-0\/"},"modified":"2023-07-02T09:10:17","modified_gmt":"2023-07-02T07:10:17","slug":"carburant-akku-schlagschrauber-1-4-vierkant-m12fiw14-0","status":"publish","type":"product","link":"https:\/\/lucacastelli.com\/fr\/produit\/carburant-akku-schlagschrauber-1-4-vierkant-m12fiw14-0\/","title":{"rendered":"CARBURANT\u2122 Akku-Schlagschrauber 1\/4 \u0301 \u0301 Vierkant M12FIW14-0"},"content":{"rendered":"<p>Dimensions compactes et faible poids pour un meilleur contr\u00f4le<br \/>\nCouple de serrage max. de 115 Nm<br \/>\nCouple de desserrage maximal de 136 Nm<br \/>\n1\/4&#8221; \u00e0 entra\u00eenement carr\u00e9 avec anneau \u00e9lastique<br \/>\nMoteur brushless POWERSTATE\u2122 pour les applications les plus<br \/>\ndifficiles L\u2019\u00e9lectronique REDLINK PLUS\u2122 offre une protection num\u00e9rique avanc\u00e9e contre les surcharges pour la machine et la batterie, maintenant la puissance constante en charge<br \/>\nLa batterie REDLITHIUM-ION\u2122 offre une conception parfaitement calibr\u00e9e,  \u00c9lectronique de pointe et alimentation sans perte, pour une durabilit\u00e9 et une fiabilit\u00e9 accrues par rapport aux mod\u00e8les pr\u00e9c\u00e9dents.<br \/>\nLa surveillance \u00e0 cellule unique optimise la dur\u00e9e de vie et assure une longue dur\u00e9e de vie de la batterie<br \/>\nUne longueur totale de 129,5 mm permet un meilleur acc\u00e8s aux endroits difficiles d\u2019acc\u00e8s<br \/>\nCONTR\u00d4LE\u2122 DE L\u2019ENTRA\u00ceNEMENT avec 4 niveaux de commutation<br \/>\n\u00c9clairage LED de la zone de travail<br \/>\nSyst\u00e8me 100&nbsp;% compatible avec la gamme de produits Milwaukee\u00ae M12\u2122.<\/p>\n<p>Caract\u00e9ristiques techniques&nbsp;:<\/p>\n<p>Batterie lithium-ion<br \/>\nCapacit\u00e9 de la batterie (Ah) &#8211;<br \/>\nNombre de batteries fournies 0<br \/>\nNum\u00e9ro d\u2019article 4933464611<br \/>\nLivr\u00e9 en &#8211;<br \/>\nPoids avec batterie (kg) 0.9<br \/>\nChargeur (temps de charge) -Vitesse<br \/>\n minimale (min-1) 1300\/1900\/3200\/3200<br \/>\nCouple maximal (Nm) 136 Couple (Nm) 136<br \/>\nCouple maximal [Nm Couple [Nm] 115<br \/>\nCouple de desserrage maximal Couple de desserrage [Nm] 136<br \/>\nDiam\u00e8tre maximal de la vis Diam\u00e8tre du boulon M12<br \/>\nVitesse d\u2019impact (min-1) 1300\/2000\/4300<br \/>\nTension [V] 12<\/p>\n<p>Contenu de la livraison&nbsp;:<br \/>\nsans batterie, sans chargeur, sans \u00e9tui<\/p>\n","protected":false},"excerpt":{"rendered":"<p>Dimensions compactes et faible poids pour un meilleur contr\u00f4le Couple de serrage max. de 115 Nm Couple de desserrage maximal<\/p>\n","protected":false},"featured_media":56942,"template":"","meta":{"_seopress_robots_primary_cat":"","_seopress_titles_title":"","_seopress_titles_desc":"","_seopress_robots_index":""},"product_brand":[3407],"product_cat":[29,514,549],"product_tag":[],"class_list":{"0":"post-474503","1":"product","2":"type-product","3":"status-publish","4":"has-post-thumbnail","6":"product_brand-milwaukee","7":"product_cat-macchinari","8":"product_cat-altri-dispositivi","9":"product_cat-trapani-e-avvitatori","11":"first","12":"onbackorder","13":"shipping-taxable","14":"purchasable","15":"product-type-simple"},"_links":{"self":[{"href":"https:\/\/lucacastelli.com\/fr\/wp-json\/wp\/v2\/product\/474503","targetHints":{"allow":["GET"]}}],"collection":[{"href":"https:\/\/lucacastelli.com\/fr\/wp-json\/wp\/v2\/product"}],"about":[{"href":"https:\/\/lucacastelli.com\/fr\/wp-json\/wp\/v2\/types\/product"}],"wp:featuredmedia":[{"embeddable":true,"href":"https:\/\/lucacastelli.com\/fr\/wp-json\/wp\/v2\/media\/56942"}],"wp:attachment":[{"href":"https:\/\/lucacastelli.com\/fr\/wp-json\/wp\/v2\/media?parent=474503"}],"wp:term":[{"taxonomy":"product_brand","embeddable":true,"href":"https:\/\/lucacastelli.com\/fr\/wp-json\/wp\/v2\/product_brand?post=474503"},{"taxonomy":"product_cat","embeddable":true,"href":"https:\/\/lucacastelli.com\/fr\/wp-json\/wp\/v2\/product_cat?post=474503"},{"taxonomy":"product_tag","embeddable":true,"href":"https:\/\/lucacastelli.com\/fr\/wp-json\/wp\/v2\/product_tag?post=474503"}],"curies":[{"name":"wp","href":"https:\/\/api.w.org\/{rel}","templated":true}]}}