{"id":474502,"date":"2023-07-02T08:57:18","date_gmt":"2023-07-02T06:57:18","guid":{"rendered":"https:\/\/lucacastelli.com\/prodotto\/carburant-akku-schlagschrauber-1-2-vierkant-m12fiwf12-0\/"},"modified":"2023-07-02T08:57:18","modified_gmt":"2023-07-02T06:57:18","slug":"carburant-akku-schlagschrauber-1-2-vierkant-m12fiwf12-0","status":"publish","type":"product","link":"https:\/\/lucacastelli.com\/fr\/produit\/carburant-akku-schlagschrauber-1-2-vierkant-m12fiwf12-0\/","title":{"rendered":"CARBURANT\u2122 Akku-Schlagschrauber 1\/2 \u0301 \u0301 Vierkant M12FIWF12-0"},"content":{"rendered":"<p>Taille compacte et faible poids pour un meilleur contr\u00f4le.<br \/>\n\u00c9clairage LED du poste de travail.<br \/>\n100&nbsp;% compatible avec la gamme de produits Milwaukee\u00ae M12TM.<br \/>\nCouple jusqu\u2019\u00e0 339 Nm.<br \/>\nEntra\u00eenement carr\u00e9 de 1\u20442 \u030b avec anneau \u00e9lastique.<br \/>\nMoteur brushless POWERSTATETM pour les applications les plus difficiles.<br \/>\nL\u2019\u00e9lectronique REDLINK PLUSTM offre une protection num\u00e9rique avanc\u00e9e contre la surcharge de la machine et de la batterie, en maintenant une puissance constante sous charge.<\/p>\n<p>Caract\u00e9ristiques techniques&nbsp;:<br \/>\nBatterie lithium-ion<br \/>\nPoids avec batterie (kg) 1.1<br \/>\nChargeur (temps de charge) 80 min<br \/>\nVitesse de repos (min-1) 1200\/1800\/2700\/2700<br \/>\nCouple max. Couple (Nm) 339<br \/>\nCouple max. Couple [Nm] 339<br \/>\nCouple de desserrage max. [Nm] 339 Couple de desserrage [Nm] 339<br \/>\nDiam\u00e8tre max. de la vis Diam\u00e8tre de la vis M16<br \/>\nVitesse d\u2019impact (min-1) 1100\/2100\/3200<br \/>\nTension [V] 12 <\/p>\n<p>Contenu de la livraison&nbsp;:<br \/>\nClip de ceinture<br \/>\nSANS PILES, SANS CHARGEUR<\/p>\n","protected":false},"excerpt":{"rendered":"<p>Taille compacte et faible poids pour un meilleur contr\u00f4le. \u00c9clairage LED du poste de travail. 100&nbsp;% compatible avec la gamme<\/p>\n","protected":false},"featured_media":56932,"template":"","meta":{"_seopress_robots_primary_cat":"","_seopress_titles_title":"","_seopress_titles_desc":"","_seopress_robots_index":""},"product_brand":[3407],"product_cat":[29,514,549],"product_tag":[],"class_list":{"0":"post-474502","1":"product","2":"type-product","3":"status-publish","4":"has-post-thumbnail","6":"product_brand-milwaukee","7":"product_cat-macchinari","8":"product_cat-altri-dispositivi","9":"product_cat-trapani-e-avvitatori","11":"first","12":"onbackorder","13":"shipping-taxable","14":"purchasable","15":"product-type-simple"},"_links":{"self":[{"href":"https:\/\/lucacastelli.com\/fr\/wp-json\/wp\/v2\/product\/474502","targetHints":{"allow":["GET"]}}],"collection":[{"href":"https:\/\/lucacastelli.com\/fr\/wp-json\/wp\/v2\/product"}],"about":[{"href":"https:\/\/lucacastelli.com\/fr\/wp-json\/wp\/v2\/types\/product"}],"wp:featuredmedia":[{"embeddable":true,"href":"https:\/\/lucacastelli.com\/fr\/wp-json\/wp\/v2\/media\/56932"}],"wp:attachment":[{"href":"https:\/\/lucacastelli.com\/fr\/wp-json\/wp\/v2\/media?parent=474502"}],"wp:term":[{"taxonomy":"product_brand","embeddable":true,"href":"https:\/\/lucacastelli.com\/fr\/wp-json\/wp\/v2\/product_brand?post=474502"},{"taxonomy":"product_cat","embeddable":true,"href":"https:\/\/lucacastelli.com\/fr\/wp-json\/wp\/v2\/product_cat?post=474502"},{"taxonomy":"product_tag","embeddable":true,"href":"https:\/\/lucacastelli.com\/fr\/wp-json\/wp\/v2\/product_tag?post=474502"}],"curies":[{"name":"wp","href":"https:\/\/api.w.org\/{rel}","templated":true}]}}