{"id":474496,"date":"2023-07-02T08:45:19","date_gmt":"2023-07-02T06:45:19","guid":{"rendered":"https:\/\/lucacastelli.com\/prodotto\/carburant-akku-impulsschrauber-m12fqid-202x\/"},"modified":"2023-07-02T08:45:19","modified_gmt":"2023-07-02T06:45:19","slug":"carburant-akku-impulsschrauber-m12fqid-202x","status":"publish","type":"product","link":"https:\/\/lucacastelli.com\/fr\/produit\/carburant-akku-impulsschrauber-m12fqid-202x\/","title":{"rendered":"CARBURANT\u2122 Akku-Impulsschrauber M12FQID-202X"},"content":{"rendered":"<p>La cl\u00e9 \u00e0 chocs sans fil M12 FUEL\u2122 SURGE\u2122 est la cl\u00e9 \u00e0 chocs sans fil Milwaukee\u00ae la plus silencieuse de la gamme M12\u2122, avec un niveau sonore de seulement 76 dB(A) dans les applications de fixation du bois &#8211; avec 2 batteries de 2 Ah.<\/p>\n<p>La cl\u00e9 \u00e0 chocs sans fil M12 FUEL\u2122 SURGE\u2122 est la cl\u00e9 \u00e0 chocs sans fil Milwaukee\u00ae la plus silencieuse de la gamme M12\u2122, avec un niveau sonore de seulement 76 dB(A) dans les applications de fixation du bois.<br \/>\nLa technologie FLUID-DRIVE\u2122 r\u00e9duit le contact m\u00e9tal sur m\u00e9tal dans le m\u00e9canisme d\u2019impact, ce qui permet de r\u00e9duire le bruit, d\u2019am\u00e9liorer le fonctionnement et d\u2019augmenter la dur\u00e9e de vie (par rapport \u00e0 une cl\u00e9 \u00e0 chocs standard).<br \/>\nDRIVE CONTROL\u2122 vous permet de basculer rapidement entre 4 r\u00e9glages de vitesse et de couple pour une flexibilit\u00e9<br \/>\nmaximale Moteur POWERSTATE\u2122 Brushless jusqu\u2019\u00e0 3 200 tr\/min. avec puissance constante pour un serrage plus efficace<br \/>\nL\u2019\u00e9lectronique REDLINK PLUS\u2122 offre une protection num\u00e9rique avanc\u00e9e contre les surcharges pour la machine et la batterie, maintenant une puissance constante en charge<br \/>\nLa batterie REDLITHIUM-ION\u2122 offre une conception parfaitement calibr\u00e9e, une \u00e9lectronique avanc\u00e9e et une alimentation sans perte pour une dur\u00e9e de vie plus longue que les mod\u00e8les pr\u00e9c\u00e9dents.<br \/>\nRamassage hexagonal 1\/4&#8243;-pour un changement d\u2019embout<br \/>\nrapide et facile 100&nbsp;% compatible avec Milwaukee\u00ae M12\u2122.<br \/>\nCaract\u00e9ristiques techniques&nbsp;: <\/p>\n<p>Batterie lithium-ion<br \/>\nNombre de batteries fournies 2<br \/>\nPoids [sans batterie] [kg] 0,9<br \/>\nVitesse \u00e0 vide (min-1) 1100\/2200\/3200\/3200<br \/>\nCouple maximal Couple (Nm) 50 Max.<br \/>\nDiam\u00e8tre de la vis M14<br \/>\nVitesse d\u2019impact (min-1) 950\/2200\/3400\/3400<br \/>\nPuissance acoustique [dB Lwa] 95.7<br \/>\nPression acoustique [dB Lpa] 84.7<br \/>\nTension [V] 12<br \/>\nVibrations lors du per\u00e7age du b\u00e9ton (m\/s\u00b2) 12.79<br \/>\nContenu de la livraison :<\/p>\n<p>Machine (M12FQID)<br \/>\n2 batteries 2Ah<\/p>\n","protected":false},"excerpt":{"rendered":"<p>La cl\u00e9 \u00e0 chocs sans fil M12 FUEL\u2122 SURGE\u2122 est la cl\u00e9 \u00e0 chocs sans fil Milwaukee\u00ae la plus silencieuse<\/p>\n","protected":false},"featured_media":56927,"template":"","meta":{"_seopress_robots_primary_cat":"","_seopress_titles_title":"","_seopress_titles_desc":"","_seopress_robots_index":""},"product_brand":[3407],"product_cat":[29,514,549],"product_tag":[],"class_list":{"0":"post-474496","1":"product","2":"type-product","3":"status-publish","4":"has-post-thumbnail","6":"product_brand-milwaukee","7":"product_cat-macchinari","8":"product_cat-altri-dispositivi","9":"product_cat-trapani-e-avvitatori","11":"first","12":"onbackorder","13":"shipping-taxable","14":"purchasable","15":"product-type-simple"},"_links":{"self":[{"href":"https:\/\/lucacastelli.com\/fr\/wp-json\/wp\/v2\/product\/474496","targetHints":{"allow":["GET"]}}],"collection":[{"href":"https:\/\/lucacastelli.com\/fr\/wp-json\/wp\/v2\/product"}],"about":[{"href":"https:\/\/lucacastelli.com\/fr\/wp-json\/wp\/v2\/types\/product"}],"wp:featuredmedia":[{"embeddable":true,"href":"https:\/\/lucacastelli.com\/fr\/wp-json\/wp\/v2\/media\/56927"}],"wp:attachment":[{"href":"https:\/\/lucacastelli.com\/fr\/wp-json\/wp\/v2\/media?parent=474496"}],"wp:term":[{"taxonomy":"product_brand","embeddable":true,"href":"https:\/\/lucacastelli.com\/fr\/wp-json\/wp\/v2\/product_brand?post=474496"},{"taxonomy":"product_cat","embeddable":true,"href":"https:\/\/lucacastelli.com\/fr\/wp-json\/wp\/v2\/product_cat?post=474496"},{"taxonomy":"product_tag","embeddable":true,"href":"https:\/\/lucacastelli.com\/fr\/wp-json\/wp\/v2\/product_tag?post=474496"}],"curies":[{"name":"wp","href":"https:\/\/api.w.org\/{rel}","templated":true}]}}