{"id":473539,"date":"2023-11-24T15:45:07","date_gmt":"2023-11-24T14:45:07","guid":{"rendered":"https:\/\/lucacastelli.com\/prodotto\/chemise-en-merinos-modal-pfanner\/"},"modified":"2026-04-17T23:37:06","modified_gmt":"2026-04-17T21:37:06","slug":"chemise-en-merinos-modal-pfanner","status":"publish","type":"product","link":"https:\/\/lucacastelli.com\/fr\/produit\/chemise-en-merinos-modal-pfanner\/","title":{"rendered":"PFANNER Merino Modal Shirt"},"content":{"rendered":"<p>Id\u00e9al pour les niveaux d\u2019activit\u00e9 r\u00e9duits ou les temp\u00e9ratures plus froides. L\u2019exclusive laine m\u00e9rinos est bien plus fine que la laine ordinaire et ne gratte donc pas la peau. Elle vous garde au chaud par temps froid et au frais par temps chaud. Les bact\u00e9ries responsables des odeurs sont neutralis\u00e9es et \u00e9vacu\u00e9es du corps avec l\u2019humidit\u00e9.   <\/p>\n<p>&#8211; vous garde au chaud au froid et au frais au chaud<br \/>\n&#8211; maintient au sec<br \/>\n&#8211; ne gratte pas gr\u00e2ce \u00e0 la laine m\u00e9rinos douce<br \/>\n&#8211; neutralise les odeurs<br \/>\n&#8211; facile d\u2019entretien<\/p>\n","protected":false},"excerpt":{"rendered":"<p>Id\u00e9al pour les niveaux d\u2019activit\u00e9 r\u00e9duits ou les temp\u00e9ratures plus froides. L\u2019exclusive laine m\u00e9rinos est bien plus fine que la<\/p>\n","protected":false},"featured_media":47675,"template":"","meta":{"_seopress_robots_primary_cat":"","_seopress_titles_title":"","_seopress_titles_desc":"","_seopress_robots_index":""},"product_brand":[3669],"product_cat":[81,1381],"product_tag":[],"class_list":{"0":"post-473539","1":"product","2":"type-product","3":"status-publish","4":"has-post-thumbnail","6":"product_brand-pfanner-fr","7":"product_cat-vetements","8":"product_cat-vetements-de-travail","9":"sws-gruppo-no-gruppo-fr","10":"sws-categoria-sito-fr","11":"sws-sottocategoria-altro-fr","12":"sws-conto-ricavi-merci-rivendita-abbigliamento-fr","13":"sws-gruppo-iva-iva81-fr","15":"first","16":"instock","17":"shipping-taxable","18":"purchasable","19":"product-type-variable"},"_links":{"self":[{"href":"https:\/\/lucacastelli.com\/fr\/wp-json\/wp\/v2\/product\/473539","targetHints":{"allow":["GET"]}}],"collection":[{"href":"https:\/\/lucacastelli.com\/fr\/wp-json\/wp\/v2\/product"}],"about":[{"href":"https:\/\/lucacastelli.com\/fr\/wp-json\/wp\/v2\/types\/product"}],"wp:featuredmedia":[{"embeddable":true,"href":"https:\/\/lucacastelli.com\/fr\/wp-json\/wp\/v2\/media\/47675"}],"wp:attachment":[{"href":"https:\/\/lucacastelli.com\/fr\/wp-json\/wp\/v2\/media?parent=473539"}],"wp:term":[{"taxonomy":"product_brand","embeddable":true,"href":"https:\/\/lucacastelli.com\/fr\/wp-json\/wp\/v2\/product_brand?post=473539"},{"taxonomy":"product_cat","embeddable":true,"href":"https:\/\/lucacastelli.com\/fr\/wp-json\/wp\/v2\/product_cat?post=473539"},{"taxonomy":"product_tag","embeddable":true,"href":"https:\/\/lucacastelli.com\/fr\/wp-json\/wp\/v2\/product_tag?post=473539"}],"curies":[{"name":"wp","href":"https:\/\/api.w.org\/{rel}","templated":true}]}}