{"id":473356,"date":"2023-11-24T13:19:08","date_gmt":"2023-11-24T12:19:08","guid":{"rendered":"https:\/\/lucacastelli.com\/prodotto\/tuyau-pfanner-stretchflex-cancool\/"},"modified":"2026-04-17T23:36:58","modified_gmt":"2026-04-17T21:36:58","slug":"tuyau-pfanner-stretchflex-cancool","status":"publish","type":"product","link":"https:\/\/lucacastelli.com\/fr\/produit\/tuyau-pfanner-stretchflex-cancool\/","title":{"rendered":"Pantalon PFANNER StretchFlex Cancool"},"content":{"rendered":"<p>Le pantalon de travail Cancool convainc par sa coupe sportive et fonctionnelle ainsi que par ses nombreux d\u00e9tails pratiques.<\/p>\n<p>Par exemple, la poche pour m\u00e8tre n\u2019est pas fix\u00e9e \u00e0 l\u2019ext\u00e9rieur, mais int\u00e9gr\u00e9e dans la c\u00e9l\u00e8bre poche Zipp2Zipp. <\/p>\n<p>Le dos rallong\u00e9 offre un confort et une protection nettement sup\u00e9rieurs lors du travail quotidien.<\/p>\n<p>Le pantalon Cancool est le compagnon id\u00e9al pour l\u2019agriculture et la sylviculture, la chasse (travaux de territoire), le jardinage, le paysagisme et les activit\u00e9s d\u2019atelier associ\u00e9es.<\/p>\n<p>Description<br \/>\nTechnologie StretchFlex<br \/>\nGenoux pr\u00e9form\u00e9s<br \/>\nPoches fonctionnelles Zipp2Zipp des deux c\u00f4t\u00e9s<br \/>\nEmplacement pour m\u00e8tre pliant<br \/>\nPassants pour bretelles<br \/>\nBandes r\u00e9fl\u00e9chissantes Rospol<br \/>\nPoches int\u00e9rieures renforc\u00e9es<br \/>\nR\u00e9flexion 3Con<br \/>\nGrand confort de port<br \/>\nMati\u00e8re : 58 % coton, 39 % polyester, 3 % \u00e9lasthanne<\/p>\n","protected":false},"excerpt":{"rendered":"<p>Le pantalon de travail Cancool convainc par sa coupe sportive et fonctionnelle ainsi que par ses nombreux d\u00e9tails pratiques. Par<\/p>\n","protected":false},"featured_media":47532,"template":"","meta":{"_seopress_robots_primary_cat":"","_seopress_titles_title":"","_seopress_titles_desc":"","_seopress_robots_index":""},"product_brand":[3669],"product_cat":[81,1381],"product_tag":[],"class_list":{"0":"post-473356","1":"product","2":"type-product","3":"status-publish","4":"has-post-thumbnail","6":"product_brand-pfanner-fr","7":"product_cat-vetements","8":"product_cat-vetements-de-travail","9":"sws-gruppo-no-gruppo-fr","10":"sws-categoria-sito-fr","11":"sws-sottocategoria-altro-fr","12":"sws-conto-ricavi-merci-rivendita-abbigliamento-fr","13":"sws-gruppo-iva-iva81-fr","15":"first","16":"instock","17":"shipping-taxable","18":"purchasable","19":"product-type-variable"},"_links":{"self":[{"href":"https:\/\/lucacastelli.com\/fr\/wp-json\/wp\/v2\/product\/473356","targetHints":{"allow":["GET"]}}],"collection":[{"href":"https:\/\/lucacastelli.com\/fr\/wp-json\/wp\/v2\/product"}],"about":[{"href":"https:\/\/lucacastelli.com\/fr\/wp-json\/wp\/v2\/types\/product"}],"wp:featuredmedia":[{"embeddable":true,"href":"https:\/\/lucacastelli.com\/fr\/wp-json\/wp\/v2\/media\/47532"}],"wp:attachment":[{"href":"https:\/\/lucacastelli.com\/fr\/wp-json\/wp\/v2\/media?parent=473356"}],"wp:term":[{"taxonomy":"product_brand","embeddable":true,"href":"https:\/\/lucacastelli.com\/fr\/wp-json\/wp\/v2\/product_brand?post=473356"},{"taxonomy":"product_cat","embeddable":true,"href":"https:\/\/lucacastelli.com\/fr\/wp-json\/wp\/v2\/product_cat?post=473356"},{"taxonomy":"product_tag","embeddable":true,"href":"https:\/\/lucacastelli.com\/fr\/wp-json\/wp\/v2\/product_tag?post=473356"}],"curies":[{"name":"wp","href":"https:\/\/api.w.org\/{rel}","templated":true}]}}