{"id":473306,"date":"2023-11-17T15:43:46","date_gmt":"2023-11-17T14:43:46","guid":{"rendered":"https:\/\/lucacastelli.com\/prodotto\/pfanner-schnittschutzbeinlinge-typ-a\/"},"modified":"2025-09-03T08:22:39","modified_gmt":"2025-09-03T06:22:39","slug":"pfanner-schnittschutzbeinlinge-typ-a","status":"publish","type":"product","link":"https:\/\/lucacastelli.com\/fr\/produit\/pfanner-schnittschutzbeinlinge-typ-a\/","title":{"rendered":"PFANNER Schnittschutzbeinlinge Typ A"},"content":{"rendered":"<p>&#8211; Peut \u00eatre port\u00e9 sans enlever les chaussures<br \/>\n&#8211; Protection contre les coupures de classe 1<br \/>\n&#8211; Ceinture et largeur de jambe r\u00e9glables par velcro<br \/>\n&#8211; Bandes r\u00e9fl\u00e9chissantes.<\/p>\n<p>Notre solution de protection contre les coupures pour une utilisation rapide. Il s\u2019enfile en seulement 20 secondes et est ajustable gr\u00e2ce \u00e0 une sangle et une fermeture velcro. Les jambi\u00e8res sont \u00e9quip\u00e9es d\u2019une protection contre les coupures de classe 1.<br \/>\nIls sont disponibles en type A avec fermeture velcro et en type C avec fermeture \u00e9clair. Dans le type C, la protection contre les coupures chevauche la fermeture \u00e9clair et assure ainsi une protection maximale.   <\/p>\n<p>Mat\u00e9riau<br \/>\nMat\u00e9riau ext\u00e9rieur : 65 % polyester, 35 % coton<br \/>\nDoublure : 100 % polyester<br \/>\nProtection contre les coupures : Dyneema<\/p>\n","protected":false},"excerpt":{"rendered":"<p>&#8211; Peut \u00eatre port\u00e9 sans enlever les chaussures &#8211; Protection contre les coupures de classe 1 &#8211; Ceinture et largeur<\/p>\n","protected":false},"featured_media":47459,"template":"","meta":{"_seopress_robots_primary_cat":"","_seopress_titles_title":"","_seopress_titles_desc":"","_seopress_robots_index":""},"product_brand":[3458],"product_cat":[21,284],"product_tag":[],"class_list":{"0":"post-473306","1":"product","2":"type-product","3":"status-publish","4":"has-post-thumbnail","6":"product_brand-pfanner","7":"product_cat-abbigliamento","8":"product_cat-abbigliamento-da-lavoro","9":"sws-gruppo-no-gruppo-fr","10":"sws-categoria-sito-fr","11":"sws-sottocategoria-altro-fr","12":"sws-conto-ricavi-merci-rivendita-abbigliamento-fr","13":"sws-gruppo-iva-iva81-fr","15":"first","16":"instock","17":"shipping-taxable","18":"purchasable","19":"product-type-simple"},"_links":{"self":[{"href":"https:\/\/lucacastelli.com\/fr\/wp-json\/wp\/v2\/product\/473306","targetHints":{"allow":["GET"]}}],"collection":[{"href":"https:\/\/lucacastelli.com\/fr\/wp-json\/wp\/v2\/product"}],"about":[{"href":"https:\/\/lucacastelli.com\/fr\/wp-json\/wp\/v2\/types\/product"}],"wp:featuredmedia":[{"embeddable":true,"href":"https:\/\/lucacastelli.com\/fr\/wp-json\/wp\/v2\/media\/47459"}],"wp:attachment":[{"href":"https:\/\/lucacastelli.com\/fr\/wp-json\/wp\/v2\/media?parent=473306"}],"wp:term":[{"taxonomy":"product_brand","embeddable":true,"href":"https:\/\/lucacastelli.com\/fr\/wp-json\/wp\/v2\/product_brand?post=473306"},{"taxonomy":"product_cat","embeddable":true,"href":"https:\/\/lucacastelli.com\/fr\/wp-json\/wp\/v2\/product_cat?post=473306"},{"taxonomy":"product_tag","embeddable":true,"href":"https:\/\/lucacastelli.com\/fr\/wp-json\/wp\/v2\/product_tag?post=473306"}],"curies":[{"name":"wp","href":"https:\/\/api.w.org\/{rel}","templated":true}]}}