{"id":473288,"date":"2023-11-13T14:32:31","date_gmt":"2023-11-13T13:32:31","guid":{"rendered":"https:\/\/lucacastelli.com\/prodotto\/pfanner-wollfilzhandschuhe\/"},"modified":"2026-04-17T23:49:20","modified_gmt":"2026-04-17T21:49:20","slug":"pfanner-wollfilzhandschuhe","status":"publish","type":"product","link":"https:\/\/lucacastelli.com\/fr\/produit\/pfanner-wollfilzhandschuhe\/","title":{"rendered":"Gants en feutre de laine PFANNER"},"content":{"rendered":"<p>Les gants en feutre de laine sont parfaits pour les journ\u00e9es froides o\u00f9 vous devez garder les doigts libres. Ils peuvent \u00eatre port\u00e9s comme moufles ou comme mitaines. Un bouton-pression permet de fixer le rabat sur le dos de la main. De plus, ces gants en tricot sont confortables \u00e0 porter et poss\u00e8dent une paume antid\u00e9rapante.<br \/>\n&#8211; Gants en feutre tricot\u00e9 extra \u00e9pais<br \/>\n&#8211; \u00c0 porter comme moufles ou avec les doigts libres<br \/>\n&#8211; R\u00e9chauffent en cas de froid extr\u00eame<br \/>\n&#8211; Paume renforc\u00e9e et antid\u00e9rapante<br \/>\n&#8211; Doublure int\u00e9rieure en PrimaLoft\u00ae Gold<\/p>\n<p>Mati\u00e8re : 85 % polyester 15 % polyamide<\/p>\n","protected":false},"excerpt":{"rendered":"<p>Les gants en feutre de laine sont parfaits pour les journ\u00e9es froides o\u00f9 vous devez garder les doigts libres. Ils<\/p>\n","protected":false},"featured_media":97035,"template":"","meta":{"_seopress_robots_primary_cat":"none","_seopress_titles_title":"","_seopress_titles_desc":"","_seopress_robots_index":""},"product_brand":[3669],"product_cat":[81,1390],"product_tag":[],"class_list":{"0":"post-473288","1":"product","2":"type-product","3":"status-publish","4":"has-post-thumbnail","6":"product_brand-pfanner-fr","7":"product_cat-vetements","8":"product_cat-accessoires-dhabillement","9":"sws-gruppo-no-gruppo-fr","10":"sws-categoria-sito-fr","11":"sws-sottocategoria-altro-fr","12":"sws-conto-ricavi-merci-rivendita-abbigliamento-fr","13":"sws-gruppo-iva-iva81-fr","15":"first","16":"instock","17":"shipping-taxable","18":"purchasable","19":"product-type-variable"},"_links":{"self":[{"href":"https:\/\/lucacastelli.com\/fr\/wp-json\/wp\/v2\/product\/473288","targetHints":{"allow":["GET"]}}],"collection":[{"href":"https:\/\/lucacastelli.com\/fr\/wp-json\/wp\/v2\/product"}],"about":[{"href":"https:\/\/lucacastelli.com\/fr\/wp-json\/wp\/v2\/types\/product"}],"wp:featuredmedia":[{"embeddable":true,"href":"https:\/\/lucacastelli.com\/fr\/wp-json\/wp\/v2\/media\/97035"}],"wp:attachment":[{"href":"https:\/\/lucacastelli.com\/fr\/wp-json\/wp\/v2\/media?parent=473288"}],"wp:term":[{"taxonomy":"product_brand","embeddable":true,"href":"https:\/\/lucacastelli.com\/fr\/wp-json\/wp\/v2\/product_brand?post=473288"},{"taxonomy":"product_cat","embeddable":true,"href":"https:\/\/lucacastelli.com\/fr\/wp-json\/wp\/v2\/product_cat?post=473288"},{"taxonomy":"product_tag","embeddable":true,"href":"https:\/\/lucacastelli.com\/fr\/wp-json\/wp\/v2\/product_tag?post=473288"}],"curies":[{"name":"wp","href":"https:\/\/api.w.org\/{rel}","templated":true}]}}