{"id":473284,"date":"2023-11-10T09:16:23","date_gmt":"2023-11-10T08:16:23","guid":{"rendered":"https:\/\/lucacastelli.com\/prodotto\/pantalon-en-toile-pfanner-stretchzone\/"},"modified":"2026-04-17T23:38:23","modified_gmt":"2026-04-17T21:38:23","slug":"pantalon-en-toile-pfanner-stretchzone","status":"publish","type":"product","link":"https:\/\/lucacastelli.com\/fr\/produit\/pantalon-en-toile-pfanner-stretchzone\/","title":{"rendered":"Salopette PFANNER StretchZone Canvas"},"content":{"rendered":"<p>La salopette \u00ab StretchZone\u00ae \u00bb de Pfanner\u00ae est un compagnon universel pour presque tous les domaines de travail. Le pantalon de travail est fabriqu\u00e9 dans un tissu m\u00e9lang\u00e9 classique avec environ 35 % de coton, tr\u00e8s r\u00e9sistant \u00e0 l&#8217;abrasion gr\u00e2ce \u00e0 l&#8217;armure toile. En m\u00eame temps, des inserts extensibles tr\u00e8s flexibles sont pr\u00e9sents \u00e0 l&#8217;arri\u00e8re des cuisses, \u00e0 l&#8217;entrejambe et dans la zone dorsale. Gr\u00e2ce \u00e0 leur positionnement dans ces zones particuli\u00e8rement sollicit\u00e9es, la salopette suit chacun de vos mouvements sans devoir renoncer \u00e0 un niveau \u00e9lev\u00e9 de durabilit\u00e9. Cet aspect est renforc\u00e9 par les deux poches genouill\u00e8res en Kevlar\u00ae anti-d\u00e9chirure, qui peuvent \u00eatre facilement mont\u00e9es via des inserts sur le c\u00f4t\u00e9 inf\u00e9rieur.    <\/p>\n<p>La coupe de la salopette est relativement classique et les genoux pr\u00e9form\u00e9s ergonomiquement offrent un niveau \u00e9lev\u00e9 de confort m\u00eame en cas de port prolong\u00e9. Les deux bretelles sont coup\u00e9es larges, de mani\u00e8re \u00e0 r\u00e9partir uniform\u00e9ment le poids du pantalon sur les \u00e9paules. La longueur des bretelles peut \u00eatre r\u00e9gl\u00e9e avec des boucles en plastique et l&#8217;insert extensible \u00e0 l&#8217;arri\u00e8re les rend adapt\u00e9es au travail en position pench\u00e9e. En m\u00eame temps, la largeur de la taille peut \u00eatre r\u00e9gl\u00e9e individuellement via des boutons m\u00e9talliques de jean sur les c\u00f4t\u00e9s. Une fermeture \u00e9clair pratique est ins\u00e9r\u00e9e dans la braguette.    <\/p>\n<p>Caract\u00e9ristiques sp\u00e9ciales<\/p>\n<p>Tissu m\u00e9lang\u00e9 toile r\u00e9sistant<\/p>\n<p>Panneaux extensibles sur le dos, l&#8217;assise et l&#8217;entrejambe<\/p>\n<p>Poches genouill\u00e8res robustes en Kevlar<\/p>\n<p>Bretelles larges et r\u00e9glables en continu<\/p>\n<p>Coupe confortable avec jambes pr\u00e9form\u00e9es<\/p>\n<p>Sp\u00e9cifications techniques<\/p>\n<p>Tige : 65 % polyester, 35 % coton, toile<\/p>\n<p>Insert extensible : 90 % polyamide, 10 % \u00e9lasthanne<\/p>\n<p>Renfort : Kevlar\u00ae<\/p>\n<p>Poches :<\/p>\n<p>2 poches lat\u00e9rales \u00e0 fente<\/p>\n<p>2 poches arri\u00e8re<\/p>\n<p>1 poche sur la cuisse avec rabat, \u00e0 gauche<\/p>\n<p>1 double poche pour le m\u00e8tre avec poche pour le crayon, \u00e0 droite<\/p>\n<p>1 poche pour t\u00e9l\u00e9phone portable avec rabat, \u00e0 droite<\/p>\n<p>1 boucle pour marteau, \u00e0 gauche<\/p>\n<p>1 poche poitrine avec rabat, boutons-pression, compartiment pour stylos et outils<\/p>\n","protected":false},"excerpt":{"rendered":"<p>La salopette \u00ab StretchZone\u00ae \u00bb de Pfanner\u00ae est un compagnon universel pour presque tous les domaines de travail. Le pantalon<\/p>\n","protected":false},"featured_media":47308,"template":"","meta":{"_seopress_robots_primary_cat":"","_seopress_titles_title":"","_seopress_titles_desc":"","_seopress_robots_index":""},"product_brand":[3669],"product_cat":[81,1381],"product_tag":[],"class_list":{"0":"post-473284","1":"product","2":"type-product","3":"status-publish","4":"has-post-thumbnail","6":"product_brand-pfanner-fr","7":"product_cat-vetements","8":"product_cat-vetements-de-travail","9":"sws-gruppo-no-gruppo-fr","10":"sws-categoria-sito-fr","11":"sws-sottocategoria-altro-fr","12":"sws-conto-ricavi-merci-rivendita-abbigliamento-fr","13":"sws-gruppo-iva-iva81-fr","15":"first","16":"onbackorder","17":"shipping-taxable","18":"purchasable","19":"product-type-variable"},"_links":{"self":[{"href":"https:\/\/lucacastelli.com\/fr\/wp-json\/wp\/v2\/product\/473284","targetHints":{"allow":["GET"]}}],"collection":[{"href":"https:\/\/lucacastelli.com\/fr\/wp-json\/wp\/v2\/product"}],"about":[{"href":"https:\/\/lucacastelli.com\/fr\/wp-json\/wp\/v2\/types\/product"}],"wp:featuredmedia":[{"embeddable":true,"href":"https:\/\/lucacastelli.com\/fr\/wp-json\/wp\/v2\/media\/47308"}],"wp:attachment":[{"href":"https:\/\/lucacastelli.com\/fr\/wp-json\/wp\/v2\/media?parent=473284"}],"wp:term":[{"taxonomy":"product_brand","embeddable":true,"href":"https:\/\/lucacastelli.com\/fr\/wp-json\/wp\/v2\/product_brand?post=473284"},{"taxonomy":"product_cat","embeddable":true,"href":"https:\/\/lucacastelli.com\/fr\/wp-json\/wp\/v2\/product_cat?post=473284"},{"taxonomy":"product_tag","embeddable":true,"href":"https:\/\/lucacastelli.com\/fr\/wp-json\/wp\/v2\/product_tag?post=473284"}],"curies":[{"name":"wp","href":"https:\/\/api.w.org\/{rel}","templated":true}]}}