{"id":473271,"date":"2023-11-10T07:51:59","date_gmt":"2023-11-10T06:51:59","guid":{"rendered":"https:\/\/lucacastelli.com\/prodotto\/pfanner-klimaair-weste\/"},"modified":"2026-04-17T23:38:43","modified_gmt":"2026-04-17T21:38:43","slug":"pfanner-klimaair-weste","status":"publish","type":"product","link":"https:\/\/lucacastelli.com\/fr\/produit\/pfanner-klimaair-weste\/","title":{"rendered":"Gilet PFANNER KlimaAIR rouge-jaune n\u00e9on"},"content":{"rendered":"<p>Le Gilet KlimaAIR\u00ae de Pfanner est le choix id\u00e9al pour ceux qui recherchent une r\u00e9gulation thermique optimale lors de travaux en ext\u00e9rieur. Gr\u00e2ce au syst\u00e8me innovant KlimaAIR\u00ae, ce Gilet garantit une ventilation id\u00e9ale et un confort maximal, quelle que soit la temp\u00e9rature. Fabriqu\u00e9 dans un mat\u00e9riau de haute qualit\u00e9, il est particuli\u00e8rement r\u00e9sistant. Il dispose de nombreuses poches pratiques pour ranger vos outils et ustensiles en toute s\u00e9curit\u00e9. Sa coupe ergonomique assure un ajustement parfait et une grande libert\u00e9 de mouvement. Un autre atout du Gilet Pfanner KlimaAIR\u00ae est sa haute visibilit\u00e9. Les \u00e9l\u00e9ments r\u00e9fl\u00e9chissants permettent d\u2019\u00eatre facilement rep\u00e9r\u00e9, m\u00eame par faible luminosit\u00e9, renfor\u00e7ant ainsi la s\u00e9curit\u00e9.      <\/p>\n<p>En r\u00e9sum\u00e9, le Gilet Pfanner KlimaAIR\u00ae offre une combinaison parfaite de confort, fonctionnalit\u00e9 et s\u00e9curit\u00e9 : un v\u00eatement indispensable pour tout artisan professionnel ou passionn\u00e9 d\u2019activit\u00e9s de plein air.<\/p>\n<p>Mati\u00e8re : 90 % nylon, 10 % \u00e9lasthanne<\/p>\n","protected":false},"excerpt":{"rendered":"<p>Le Gilet KlimaAIR\u00ae de Pfanner est le choix id\u00e9al pour ceux qui recherchent une r\u00e9gulation thermique optimale lors de travaux<\/p>\n","protected":false},"featured_media":47156,"template":"","meta":{"_seopress_robots_primary_cat":"none","_seopress_titles_title":"","_seopress_titles_desc":"","_seopress_robots_index":""},"product_brand":[3669],"product_cat":[81,1381],"product_tag":[],"class_list":{"0":"post-473271","1":"product","2":"type-product","3":"status-publish","4":"has-post-thumbnail","6":"product_brand-pfanner-fr","7":"product_cat-vetements","8":"product_cat-vetements-de-travail","9":"sws-gruppo-no-gruppo-fr","10":"sws-categoria-sito-fr","11":"sws-sottocategoria-altro-fr","12":"sws-conto-ricavi-merci-rivendita-abbigliamento-fr","13":"sws-gruppo-iva-iva81-fr","15":"first","16":"instock","17":"shipping-taxable","18":"purchasable","19":"product-type-variable"},"_links":{"self":[{"href":"https:\/\/lucacastelli.com\/fr\/wp-json\/wp\/v2\/product\/473271","targetHints":{"allow":["GET"]}}],"collection":[{"href":"https:\/\/lucacastelli.com\/fr\/wp-json\/wp\/v2\/product"}],"about":[{"href":"https:\/\/lucacastelli.com\/fr\/wp-json\/wp\/v2\/types\/product"}],"wp:featuredmedia":[{"embeddable":true,"href":"https:\/\/lucacastelli.com\/fr\/wp-json\/wp\/v2\/media\/47156"}],"wp:attachment":[{"href":"https:\/\/lucacastelli.com\/fr\/wp-json\/wp\/v2\/media?parent=473271"}],"wp:term":[{"taxonomy":"product_brand","embeddable":true,"href":"https:\/\/lucacastelli.com\/fr\/wp-json\/wp\/v2\/product_brand?post=473271"},{"taxonomy":"product_cat","embeddable":true,"href":"https:\/\/lucacastelli.com\/fr\/wp-json\/wp\/v2\/product_cat?post=473271"},{"taxonomy":"product_tag","embeddable":true,"href":"https:\/\/lucacastelli.com\/fr\/wp-json\/wp\/v2\/product_tag?post=473271"}],"curies":[{"name":"wp","href":"https:\/\/api.w.org\/{rel}","templated":true}]}}