{"id":473183,"date":"2023-11-10T07:52:51","date_gmt":"2023-11-10T06:52:51","guid":{"rendered":"https:\/\/lucacastelli.com\/prodotto\/chemise-pfanner-merino-airsoft\/"},"modified":"2026-04-17T23:38:37","modified_gmt":"2026-04-17T21:38:37","slug":"chemise-pfanner-merino-airsoft","status":"publish","type":"product","link":"https:\/\/lucacastelli.com\/fr\/produit\/chemise-pfanner-merino-airsoft\/","title":{"rendered":"T-shirt PFANNER Merino AirSoft"},"content":{"rendered":"<p>Le t-shirt Merino AirSoft est la solution id\u00e9ale pour tous les types de peaux. Gr\u00e2ce \u00e0 la perforation du rembourrage, ce maillot poss\u00e8de des propri\u00e9t\u00e9s isolantes exceptionnelles. Gr\u00e2ce \u00e0 la laine m\u00e9rinos, il est totalement r\u00e9sistant aux odeurs et autonettoyant.  <\/p>\n<p>Les coutures plates garantissent un port sans points de pression sous n\u2019importe quel v\u00eatement. La gestion naturelle de l\u2019humidit\u00e9 assure une sensation agr\u00e9able sur la peau. <\/p>\n","protected":false},"excerpt":{"rendered":"<p>Le t-shirt Merino AirSoft est la solution id\u00e9ale pour tous les types de peaux. Gr\u00e2ce \u00e0 la perforation du rembourrage,<\/p>\n","protected":false},"featured_media":47167,"template":"","meta":{"_seopress_robots_primary_cat":"","_seopress_titles_title":"","_seopress_titles_desc":"","_seopress_robots_index":""},"product_brand":[3669],"product_cat":[81,1381,981,982],"product_tag":[],"class_list":{"0":"post-473183","1":"product","2":"type-product","3":"status-publish","4":"has-post-thumbnail","6":"product_brand-pfanner-fr","7":"product_cat-vetements","8":"product_cat-vetements-de-travail","9":"product_cat-vetements-de-loisirs","10":"product_cat-vetements-pour-hommes","11":"sws-gruppo-no-gruppo-fr","12":"sws-categoria-sito-fr","13":"sws-sottocategoria-altro-fr","14":"sws-conto-ricavi-merci-rivendita-abbigliamento-fr","15":"sws-gruppo-iva-iva81-fr","17":"first","18":"instock","19":"shipping-taxable","20":"purchasable","21":"product-type-variable"},"_links":{"self":[{"href":"https:\/\/lucacastelli.com\/fr\/wp-json\/wp\/v2\/product\/473183","targetHints":{"allow":["GET"]}}],"collection":[{"href":"https:\/\/lucacastelli.com\/fr\/wp-json\/wp\/v2\/product"}],"about":[{"href":"https:\/\/lucacastelli.com\/fr\/wp-json\/wp\/v2\/types\/product"}],"wp:featuredmedia":[{"embeddable":true,"href":"https:\/\/lucacastelli.com\/fr\/wp-json\/wp\/v2\/media\/47167"}],"wp:attachment":[{"href":"https:\/\/lucacastelli.com\/fr\/wp-json\/wp\/v2\/media?parent=473183"}],"wp:term":[{"taxonomy":"product_brand","embeddable":true,"href":"https:\/\/lucacastelli.com\/fr\/wp-json\/wp\/v2\/product_brand?post=473183"},{"taxonomy":"product_cat","embeddable":true,"href":"https:\/\/lucacastelli.com\/fr\/wp-json\/wp\/v2\/product_cat?post=473183"},{"taxonomy":"product_tag","embeddable":true,"href":"https:\/\/lucacastelli.com\/fr\/wp-json\/wp\/v2\/product_tag?post=473183"}],"curies":[{"name":"wp","href":"https:\/\/api.w.org\/{rel}","templated":true}]}}