{"id":472811,"date":"2023-11-09T14:51:56","date_gmt":"2023-11-09T13:51:56","guid":{"rendered":"https:\/\/lucacastelli.com\/prodotto\/pfanner-gladiator-keprotec-schnittschutshose\/"},"modified":"2026-04-17T23:39:07","modified_gmt":"2026-04-17T21:39:07","slug":"pfanner-gladiator-keprotec-schnittschutshose","status":"publish","type":"product","link":"https:\/\/lucacastelli.com\/fr\/produit\/pfanner-gladiator-keprotec-schnittschutshose\/","title":{"rendered":"PFANNER Gladiator Pantalon anti-coupures Keprotec"},"content":{"rendered":"<p>Le Gladiator\u00ae Keprotec combine plusieurs caract\u00e9ristiques de nos pantalons anti-coupure. L\u2019objectif du d\u00e9veloppement \u00e9tait de cr\u00e9er un pantalon de protection anti-coupure pratique avec la qualit\u00e9 Pfanner habituelle dans un segment de prix attractif. <\/p>\n<p>Ce pantalon de protection anti-coupure est destin\u00e9 non seulement aux apprentis, aux formateurs, aux conducteurs de machines et aux forestiers, mais aussi aux clients particuliers.<\/p>\n<p>Le Gladiator\u00ae Keprotec est dot\u00e9 de renforts sportifs aux genoux, d\u2019une poche arri\u00e8re, de poches lat\u00e9rales, de poches m\u00e8tre et de deux poches avant. Les fentes d\u2019a\u00e9ration permettent de porter le v\u00eatement confortablement, m\u00eame lors des journ\u00e9es les plus chaudes. <\/p>\n<p>&#8211; Classe de protection anti-coupure 1<br \/>\n&#8211; Fentes d\u2019a\u00e9ration \u00e0 l\u2019arri\u00e8re<br \/>\n&#8211; 10 % plus l\u00e9ger que le pantalon anti-coupure Gladiator Extreme<br \/>\n&#8211; Tissu Keprotec\u00ae sur le haut et le bas de la jambe<br \/>\n&#8211; Protection accrue des reins<br \/>\n&#8211; Technologie StretchAIR<br \/>\n&#8211; Logo Pfanner \u00e0 l\u2019arri\u00e8re de la jambe gauche<br \/>\nMat\u00e9riau :<br \/>\nKeprotec Kevlar (zone avant) : 62 % polyamide, 38 % Keprotec Kevlar.<br \/>\nGladiator\u00ae Extreme (zone du genou) : 60 % polyamide, 20 % fil VE, 20 % polyur\u00e9thane<br \/>\nTissu extensible : 90 % polyamide, 10 % \u00e9lasthanne<br \/>\nProtection anti-coupure : Avertic Engtex Pro<\/p>\n","protected":false},"excerpt":{"rendered":"<p>Le Gladiator\u00ae Keprotec combine plusieurs caract\u00e9ristiques de nos pantalons anti-coupure. L\u2019objectif du d\u00e9veloppement \u00e9tait de cr\u00e9er un pantalon de protection<\/p>\n","protected":false},"featured_media":46284,"template":"","meta":{"_seopress_robots_primary_cat":"none","_seopress_titles_title":"","_seopress_titles_desc":"","_seopress_robots_index":""},"product_brand":[3669],"product_cat":[81,1381],"product_tag":[],"class_list":{"0":"post-472811","1":"product","2":"type-product","3":"status-publish","4":"has-post-thumbnail","6":"product_brand-pfanner-fr","7":"product_cat-vetements","8":"product_cat-vetements-de-travail","9":"sws-gruppo-no-gruppo-fr","10":"sws-categoria-sito-fr","11":"sws-sottocategoria-altro-fr","12":"sws-conto-ricavi-merci-rivendita-abbigliamento-fr","13":"sws-gruppo-iva-iva81-fr","15":"first","16":"instock","17":"shipping-taxable","18":"purchasable","19":"product-type-variable"},"_links":{"self":[{"href":"https:\/\/lucacastelli.com\/fr\/wp-json\/wp\/v2\/product\/472811","targetHints":{"allow":["GET"]}}],"collection":[{"href":"https:\/\/lucacastelli.com\/fr\/wp-json\/wp\/v2\/product"}],"about":[{"href":"https:\/\/lucacastelli.com\/fr\/wp-json\/wp\/v2\/types\/product"}],"wp:featuredmedia":[{"embeddable":true,"href":"https:\/\/lucacastelli.com\/fr\/wp-json\/wp\/v2\/media\/46284"}],"wp:attachment":[{"href":"https:\/\/lucacastelli.com\/fr\/wp-json\/wp\/v2\/media?parent=472811"}],"wp:term":[{"taxonomy":"product_brand","embeddable":true,"href":"https:\/\/lucacastelli.com\/fr\/wp-json\/wp\/v2\/product_brand?post=472811"},{"taxonomy":"product_cat","embeddable":true,"href":"https:\/\/lucacastelli.com\/fr\/wp-json\/wp\/v2\/product_cat?post=472811"},{"taxonomy":"product_tag","embeddable":true,"href":"https:\/\/lucacastelli.com\/fr\/wp-json\/wp\/v2\/product_tag?post=472811"}],"curies":[{"name":"wp","href":"https:\/\/api.w.org\/{rel}","templated":true}]}}