{"id":472776,"date":"2023-11-09T15:50:57","date_gmt":"2023-11-09T14:50:57","guid":{"rendered":"https:\/\/lucacastelli.com\/prodotto\/pfanner-arboriste-stx-vertical\/"},"modified":"2026-04-14T03:29:59","modified_gmt":"2026-04-14T01:29:59","slug":"pfanner-arboriste-stx-vertical","status":"publish","type":"product","link":"https:\/\/lucacastelli.com\/fr\/produit\/pfanner-arboriste-stx-vertical\/","title":{"rendered":"PFANNER Arborist STX Vertical"},"content":{"rendered":"<p>Chaussures Pfanner Arborist STX Vertical<\/p>\n<p>Les chaussures Pfanner Arborist STX Vertical sont con\u00e7ues pour les arboristes et les \u00e9lagueurs o\u00f9 chaque gramme compte. Elles sont l\u00e9g\u00e8res (seulement 645 g par chaussure en taille 43) et garantissent une libert\u00e9 de mouvement maximale. <\/p>\n<p>La Pfanner Arborist STX Vertical est une chaussure polyvalente adapt\u00e9e au travail et aux loisirs. La semelle Vibram Light offre une adh\u00e9rence et une stabilit\u00e9 exceptionnelles, garantissant une position s\u00fbre sur divers terrains. De plus, la semelle Nano-Active offre une sensation de marche souple et dynamique. Ces caract\u00e9ristiques am\u00e9liorent l\u2019exp\u00e9rience globale de grimpe.   <\/p>\n<p>L\u2019une des caract\u00e9ristiques principales de la Pfanner Arborist STX Vertical est l\u2019anneau interchangeable VerticalLoop. Cet accessoire \u00e9limine le besoin d\u2019une boucle de pied s\u00e9par\u00e9e, facilitant la fixation d\u2019un bloqueur de pied directement \u00e0 la chaussure. Ce design simplifi\u00e9 permet non seulement de gagner du poids, mais augmente \u00e9galement le confort et l\u2019efficacit\u00e9 lors de l\u2019ascension.  <\/p>\n<p>La chaussure est fabriqu\u00e9e en cuir Perwanger hydrofuge de 2,6 mm et est dot\u00e9e d\u2019une membrane Sympatex fiable. Elles sont con\u00e7ues pour r\u00e9sister \u00e0 toutes les conditions m\u00e9t\u00e9orologiques. Ces mat\u00e9riaux durables offrent une excellente protection et maintiennent les pieds au sec et \u00e0 l\u2019aise, m\u00eame dans des environnements difficiles.  <\/p>\n<p>Sp\u00e9cifications du produit chaussures Pfanner Arborist STX Vertical :<br \/>\nCouleur : Jaune<br \/>\nTaille : 38-48<br \/>\nSemelle Vibram.<br \/>\nMembrane : Sympatex<br \/>\nPoids : 645 g (pointure 43)<\/p>\n","protected":false},"excerpt":{"rendered":"<p>Chaussures Pfanner Arborist STX Vertical Les chaussures Pfanner Arborist STX Vertical sont con\u00e7ues pour les arboristes et les \u00e9lagueurs o\u00f9<\/p>\n","protected":false},"featured_media":99666,"template":"","meta":{"_seopress_robots_primary_cat":"none","_seopress_titles_title":"","_seopress_titles_desc":"","_seopress_robots_index":""},"product_brand":[3669],"product_cat":[173,1423,1420,1432],"product_tag":[],"class_list":{"0":"post-472776","1":"product","2":"type-product","3":"status-publish","4":"has-post-thumbnail","6":"product_brand-pfanner-fr","7":"product_cat-chaussures","8":"product_cat-chaussures-de-travail","9":"product_cat-chaussures-de-loisirs","10":"product_cat-chaussures-pour-hommes","11":"sws-gruppo-no-gruppo-fr","12":"sws-categoria-sito-fr","13":"sws-sottocategoria-altro-fr","14":"sws-conto-ricavi-merci-rivendita-abbigliamento-fr","15":"sws-gruppo-iva-iva81-fr","17":"first","18":"instock","19":"shipping-taxable","20":"purchasable","21":"product-type-variable"},"_links":{"self":[{"href":"https:\/\/lucacastelli.com\/fr\/wp-json\/wp\/v2\/product\/472776","targetHints":{"allow":["GET"]}}],"collection":[{"href":"https:\/\/lucacastelli.com\/fr\/wp-json\/wp\/v2\/product"}],"about":[{"href":"https:\/\/lucacastelli.com\/fr\/wp-json\/wp\/v2\/types\/product"}],"wp:featuredmedia":[{"embeddable":true,"href":"https:\/\/lucacastelli.com\/fr\/wp-json\/wp\/v2\/media\/99666"}],"wp:attachment":[{"href":"https:\/\/lucacastelli.com\/fr\/wp-json\/wp\/v2\/media?parent=472776"}],"wp:term":[{"taxonomy":"product_brand","embeddable":true,"href":"https:\/\/lucacastelli.com\/fr\/wp-json\/wp\/v2\/product_brand?post=472776"},{"taxonomy":"product_cat","embeddable":true,"href":"https:\/\/lucacastelli.com\/fr\/wp-json\/wp\/v2\/product_cat?post=472776"},{"taxonomy":"product_tag","embeddable":true,"href":"https:\/\/lucacastelli.com\/fr\/wp-json\/wp\/v2\/product_tag?post=472776"}],"curies":[{"name":"wp","href":"https:\/\/api.w.org\/{rel}","templated":true}]}}