{"id":472726,"date":"2023-11-09T13:03:24","date_gmt":"2023-11-09T12:03:24","guid":{"rendered":"https:\/\/lucacastelli.com\/prodotto\/tuyau-davertissement-pfanner-stretchzone\/"},"modified":"2025-09-04T00:06:14","modified_gmt":"2025-09-03T22:06:14","slug":"tuyau-davertissement-pfanner-stretchzone","status":"publish","type":"product","link":"https:\/\/lucacastelli.com\/fr\/produit\/tuyau-davertissement-pfanner-stretchzone\/","title":{"rendered":"Pfanner Canvas EN 20471 orange vif"},"content":{"rendered":"<p>Le pantalon de signalisation Stretchzone\u00ae EN 20471 est notre v\u00eatement polyvalent pour une grande vari\u00e9t\u00e9 d&#8217;activit\u00e9s, o\u00f9 une haute visibilit\u00e9 sans sacrifier le confort est essentielle. Six poches fonctionnelles pour r\u00e9pondre \u00e0 toutes les utilisations. Renfort Gladiator aux genoux avec ouverture velcro. La technologie Stretchzone garantit un ajustement parfait du pantalon. Le soufflet \u00e9lastique \u00e0 l&#8217;entrejambe et les multiples fermetures dans la couture arri\u00e8re emp\u00eachent les d\u00e9chirures et les \u00e9tirements excessifs des coutures.<br \/>\n-Certifi\u00e9 EN 20471 \/ Classe 2<br \/>\n-Technologie StretchZone\u00ae<br \/>\n-Renfort Gladiator\u00ae Cordura aux genoux<br \/>\n-Insertion Velcro pour les genouill\u00e8res<br \/>\n-Six poches fonctionnelles, y compris une poche sp\u00e9ciale pour m\u00e8tre ruban en trois parties<br \/>\n-Elasticit\u00e9 maximale dans la zone dorsale    <\/p>\n<p>Mati\u00e8re :<br \/>\nMati\u00e8re ext\u00e9rieure : 70 % polyester, 30 % coton<br \/>\nTissu extensible : 90 % polyamide, 10 % \u00e9lasthanne<br \/>\nTailles<br \/>\nLe pantalon haute visibilit\u00e9 Stretchzone est fabriqu\u00e9 avec un syst\u00e8me extensible de +5 cm.<br \/>\nNormes<br \/>\nEN 20471 \/ Classe 2<\/p>\n","protected":false},"excerpt":{"rendered":"<p>Le pantalon de signalisation Stretchzone\u00ae EN 20471 est notre v\u00eatement polyvalent pour une grande vari\u00e9t\u00e9 d&#8217;activit\u00e9s, o\u00f9 une haute visibilit\u00e9<\/p>\n","protected":false},"featured_media":511334,"template":"","meta":{"_seopress_robots_primary_cat":"none","_seopress_titles_title":"","_seopress_titles_desc":"","_seopress_robots_index":""},"product_brand":[3669],"product_cat":[81,1381],"product_tag":[],"class_list":{"0":"post-472726","1":"product","2":"type-product","3":"status-publish","4":"has-post-thumbnail","6":"product_brand-pfanner-fr","7":"product_cat-vetements","8":"product_cat-vetements-de-travail","9":"sws-gruppo-no-gruppo","10":"sws-categoria-sito","11":"sws-sottocategoria-altro","12":"sws-conto-ricavi-merci-rivendita-abbigliamento","13":"sws-gruppo-iva-iva81","15":"first","16":"instock","17":"shipping-taxable","18":"purchasable","19":"product-type-variable","20":"has-default-attributes"},"_links":{"self":[{"href":"https:\/\/lucacastelli.com\/fr\/wp-json\/wp\/v2\/product\/472726","targetHints":{"allow":["GET"]}}],"collection":[{"href":"https:\/\/lucacastelli.com\/fr\/wp-json\/wp\/v2\/product"}],"about":[{"href":"https:\/\/lucacastelli.com\/fr\/wp-json\/wp\/v2\/types\/product"}],"wp:featuredmedia":[{"embeddable":true,"href":"https:\/\/lucacastelli.com\/fr\/wp-json\/wp\/v2\/media\/511334"}],"wp:attachment":[{"href":"https:\/\/lucacastelli.com\/fr\/wp-json\/wp\/v2\/media?parent=472726"}],"wp:term":[{"taxonomy":"product_brand","embeddable":true,"href":"https:\/\/lucacastelli.com\/fr\/wp-json\/wp\/v2\/product_brand?post=472726"},{"taxonomy":"product_cat","embeddable":true,"href":"https:\/\/lucacastelli.com\/fr\/wp-json\/wp\/v2\/product_cat?post=472726"},{"taxonomy":"product_tag","embeddable":true,"href":"https:\/\/lucacastelli.com\/fr\/wp-json\/wp\/v2\/product_tag?post=472726"}],"curies":[{"name":"wp","href":"https:\/\/api.w.org\/{rel}","templated":true}]}}