{"id":472725,"date":"2023-11-09T14:50:00","date_gmt":"2023-11-09T13:50:00","guid":{"rendered":"https:\/\/lucacastelli.com\/prodotto\/pfanner-stretch-gurtel\/"},"modified":"2026-04-17T23:38:04","modified_gmt":"2026-04-17T21:38:04","slug":"pfanner-stretch-gurtel","status":"publish","type":"product","link":"https:\/\/lucacastelli.com\/fr\/produit\/pfanner-stretch-gurtel\/","title":{"rendered":"Ceinture \u00e9lastique PFANNER"},"content":{"rendered":"<p>Informations sur le produit &#8220;Ceinture \u00e9lastique PFANNER&#8221;.<br \/>\nLa ceinture \u00e9lastique de Pfanner avec logo en relief sur la boucle.<br \/>\nLorsqu&#8217;elle est tir\u00e9e, elle c\u00e8de et est donc particuli\u00e8rement confortable.<\/p>\n<p>Mat\u00e9riau robuste<br \/>\nS&#8217;adapte parfaitement \u00e0 la taille<br \/>\nFermeture \u00e0 d\u00e9clenchement rapide pratique<br \/>\nLa longueur peut \u00eatre raccourcie individuellement<br \/>\nPas besoin de serrer<br \/>\nPince r\u00e9glable en continu<\/p>\n<p>Mat\u00e9riau :<br \/>\n65 % PES, 35 % \u00e9lasthanne, boucle 100 % m\u00e9tal sans nickel<\/p>\n<p>Dimensions :<br \/>\n(la ceinture peut \u00eatre facilement raccourcie) 120 cm de longueur, 4 cm de largeur<\/p>\n","protected":false},"excerpt":{"rendered":"<p>Informations sur le produit &#8220;Ceinture \u00e9lastique PFANNER&#8221;. La ceinture \u00e9lastique de Pfanner avec logo en relief sur la boucle. Lorsqu&#8217;elle<\/p>\n","protected":false},"featured_media":97021,"template":"","meta":{"_seopress_robots_primary_cat":"","_seopress_titles_title":"","_seopress_titles_desc":"","_seopress_robots_index":""},"product_brand":[3669],"product_cat":[81,1390],"product_tag":[],"class_list":{"0":"post-472725","1":"product","2":"type-product","3":"status-publish","4":"has-post-thumbnail","6":"product_brand-pfanner-fr","7":"product_cat-vetements","8":"product_cat-accessoires-dhabillement","9":"sws-gruppo-no-gruppo-fr","10":"sws-categoria-sito-fr","11":"sws-sottocategoria-altro-fr","12":"sws-conto-ricavi-merci-rivendita-abbigliamento-fr","13":"sws-gruppo-iva-iva81-fr","15":"first","16":"onbackorder","17":"shipping-taxable","18":"purchasable","19":"product-type-variable"},"_links":{"self":[{"href":"https:\/\/lucacastelli.com\/fr\/wp-json\/wp\/v2\/product\/472725","targetHints":{"allow":["GET"]}}],"collection":[{"href":"https:\/\/lucacastelli.com\/fr\/wp-json\/wp\/v2\/product"}],"about":[{"href":"https:\/\/lucacastelli.com\/fr\/wp-json\/wp\/v2\/types\/product"}],"wp:featuredmedia":[{"embeddable":true,"href":"https:\/\/lucacastelli.com\/fr\/wp-json\/wp\/v2\/media\/97021"}],"wp:attachment":[{"href":"https:\/\/lucacastelli.com\/fr\/wp-json\/wp\/v2\/media?parent=472725"}],"wp:term":[{"taxonomy":"product_brand","embeddable":true,"href":"https:\/\/lucacastelli.com\/fr\/wp-json\/wp\/v2\/product_brand?post=472725"},{"taxonomy":"product_cat","embeddable":true,"href":"https:\/\/lucacastelli.com\/fr\/wp-json\/wp\/v2\/product_cat?post=472725"},{"taxonomy":"product_tag","embeddable":true,"href":"https:\/\/lucacastelli.com\/fr\/wp-json\/wp\/v2\/product_tag?post=472725"}],"curies":[{"name":"wp","href":"https:\/\/api.w.org\/{rel}","templated":true}]}}