{"id":472690,"date":"2023-11-09T13:10:29","date_gmt":"2023-11-09T12:10:29","guid":{"rendered":"https:\/\/lucacastelli.com\/prodotto\/veste-pfanner-grizzly\/"},"modified":"2026-04-17T23:38:13","modified_gmt":"2026-04-17T21:38:13","slug":"veste-pfanner-grizzly","status":"publish","type":"product","link":"https:\/\/lucacastelli.com\/fr\/produit\/veste-pfanner-grizzly\/","title":{"rendered":"Veste PFANNER Grizzly"},"content":{"rendered":"<p>Les renforts d\u00e9perlants sur les \u00e9paules et la poche pratique sur la manche compl\u00e8tent parfaitement ce produit. Cet article est disponible aussi bien en veste qu\u2019en pull. <\/p>\n<p>&#8211; Grand confort d\u2019utilisation gr\u00e2ce \u00e0 la maille polaire agr\u00e9able<br \/>\n&#8211; Bonnes propri\u00e9t\u00e9s isolantes<br \/>\n&#8211; Renforts d\u00e9perlants sur les \u00e9paules<br \/>\n&#8211; Disponible en veste ou en pull<br \/>\n&#8211; Poche pratique sur la manche<\/p>\n<p>mat\u00e9riau ext\u00e9rieur : 66 % polyester ; 34 % polyacrylique<\/p>\n","protected":false},"excerpt":{"rendered":"<p>Les renforts d\u00e9perlants sur les \u00e9paules et la poche pratique sur la manche compl\u00e8tent parfaitement ce produit. Cet article est<\/p>\n","protected":false},"featured_media":617611,"template":"","meta":{"_seopress_robots_primary_cat":"none","_seopress_titles_title":"","_seopress_titles_desc":"","_seopress_robots_index":""},"product_brand":[3669],"product_cat":[81,1381],"product_tag":[],"class_list":{"0":"post-472690","1":"product","2":"type-product","3":"status-publish","4":"has-post-thumbnail","6":"product_brand-pfanner-fr","7":"product_cat-vetements","8":"product_cat-vetements-de-travail","9":"sws-gruppo-no-gruppo-fr","10":"sws-categoria-sito-fr","11":"sws-sottocategoria-altro-fr","12":"sws-conto-ricavi-merci-rivendita-abbigliamento-fr","13":"sws-gruppo-iva-iva81-fr","15":"first","16":"instock","17":"shipping-taxable","18":"purchasable","19":"product-type-variable","20":"has-default-attributes"},"_links":{"self":[{"href":"https:\/\/lucacastelli.com\/fr\/wp-json\/wp\/v2\/product\/472690","targetHints":{"allow":["GET"]}}],"collection":[{"href":"https:\/\/lucacastelli.com\/fr\/wp-json\/wp\/v2\/product"}],"about":[{"href":"https:\/\/lucacastelli.com\/fr\/wp-json\/wp\/v2\/types\/product"}],"wp:featuredmedia":[{"embeddable":true,"href":"https:\/\/lucacastelli.com\/fr\/wp-json\/wp\/v2\/media\/617611"}],"wp:attachment":[{"href":"https:\/\/lucacastelli.com\/fr\/wp-json\/wp\/v2\/media?parent=472690"}],"wp:term":[{"taxonomy":"product_brand","embeddable":true,"href":"https:\/\/lucacastelli.com\/fr\/wp-json\/wp\/v2\/product_brand?post=472690"},{"taxonomy":"product_cat","embeddable":true,"href":"https:\/\/lucacastelli.com\/fr\/wp-json\/wp\/v2\/product_cat?post=472690"},{"taxonomy":"product_tag","embeddable":true,"href":"https:\/\/lucacastelli.com\/fr\/wp-json\/wp\/v2\/product_tag?post=472690"}],"curies":[{"name":"wp","href":"https:\/\/api.w.org\/{rel}","templated":true}]}}