{"id":472473,"date":"2022-07-13T14:38:59","date_gmt":"2022-07-13T12:38:59","guid":{"rendered":"https:\/\/lucacastelli.com\/?post_type=product&#038;p=472473"},"modified":"2025-09-03T08:17:56","modified_gmt":"2025-09-03T06:17:56","slug":"pfanner-impact-freischneiderhoseeder","status":"publish","type":"product","link":"https:\/\/lucacastelli.com\/fr\/produit\/pfanner-impact-freischneiderhoseeder\/","title":{"rendered":"Pfanner Impact Freischneiderhose EN 20471"},"content":{"rendered":"<p>&#8211; Technologie StretchAIR<br \/>\n&#8211; Tissu Gladiator \u00e0 l&#8217;avant<br \/>\n&#8211; Protection contre les chocs \u00e0 l&#8217;avant<br \/>\n&#8211; Insert de ventilation \u00e0 la taille<br \/>\n&#8211; Fentes de ventilation \u00e0 l&#8217;arri\u00e8re de la jambe<br \/>\n&#8211; Renfort pr\u00e9form\u00e9 au niveau du genou<br \/>\n&#8211; EN 20471 classe 1.<\/p>\n<p>Notre exp\u00e9rience dans le domaine de la foresterie et des travaux ext\u00e9rieurs se retrouve dans ce pantalon. Le tissu extensible offre un confort maximal et StretchAIR\u00ae assure une fonctionnalit\u00e9 maximale. Le pantalon est \u00e9quip\u00e9 d\u2019une protection sp\u00e9ciale contre les chocs \u00e0 l\u2019avant, qui prot\u00e8ge en outre les jambes. L\u2019insert de ventilation \u00e0 la taille et les fentes d\u2019a\u00e9ration \u00e0 l\u2019arri\u00e8re des jambes assurent une respirabilit\u00e9 suppl\u00e9mentaire.   <\/p>\n<p>Mat\u00e9riau<br \/>\nRecto : 70&nbsp;% Polyester, 30&nbsp;% Polyamide<br \/>\nTissu stretch : 90&nbsp;% Polyamide, 10&nbsp;% \u00c9lasthanne<\/p>\n","protected":false},"excerpt":{"rendered":"<p>&#8211; Technologie StretchAIR &#8211; Tissu Gladiator \u00e0 l&#8217;avant &#8211; Protection contre les chocs \u00e0 l&#8217;avant &#8211; Insert de ventilation \u00e0<\/p>\n","protected":false},"featured_media":42954,"template":"","meta":{"_seopress_robots_primary_cat":"none","_seopress_titles_title":"","_seopress_titles_desc":"","_seopress_robots_index":""},"product_brand":[3458],"product_cat":[21,284],"product_tag":[],"class_list":{"0":"post-472473","1":"product","2":"type-product","3":"status-publish","4":"has-post-thumbnail","6":"product_brand-pfanner","7":"product_cat-abbigliamento","8":"product_cat-abbigliamento-da-lavoro","9":"sws-gruppo-no-gruppo-fr","10":"sws-categoria-sito-fr","11":"sws-sottocategoria-altro-fr","12":"sws-conto-ricavi-merci-rivendita-abbigliamento-fr","13":"sws-gruppo-iva-iva81-fr","15":"first","16":"instock","17":"shipping-taxable","18":"purchasable","19":"product-type-variable"},"_links":{"self":[{"href":"https:\/\/lucacastelli.com\/fr\/wp-json\/wp\/v2\/product\/472473","targetHints":{"allow":["GET"]}}],"collection":[{"href":"https:\/\/lucacastelli.com\/fr\/wp-json\/wp\/v2\/product"}],"about":[{"href":"https:\/\/lucacastelli.com\/fr\/wp-json\/wp\/v2\/types\/product"}],"wp:featuredmedia":[{"embeddable":true,"href":"https:\/\/lucacastelli.com\/fr\/wp-json\/wp\/v2\/media\/42954"}],"wp:attachment":[{"href":"https:\/\/lucacastelli.com\/fr\/wp-json\/wp\/v2\/media?parent=472473"}],"wp:term":[{"taxonomy":"product_brand","embeddable":true,"href":"https:\/\/lucacastelli.com\/fr\/wp-json\/wp\/v2\/product_brand?post=472473"},{"taxonomy":"product_cat","embeddable":true,"href":"https:\/\/lucacastelli.com\/fr\/wp-json\/wp\/v2\/product_cat?post=472473"},{"taxonomy":"product_tag","embeddable":true,"href":"https:\/\/lucacastelli.com\/fr\/wp-json\/wp\/v2\/product_tag?post=472473"}],"curies":[{"name":"wp","href":"https:\/\/api.w.org\/{rel}","templated":true}]}}