{"id":472455,"date":"2022-07-13T10:00:12","date_gmt":"2022-07-13T08:00:12","guid":{"rendered":"https:\/\/lucacastelli.com\/?post_type=product&#038;p=472455"},"modified":"2026-03-13T13:49:58","modified_gmt":"2026-03-13T12:49:58","slug":"pfanner-gurtel","status":"publish","type":"product","link":"https:\/\/lucacastelli.com\/fr\/produit\/pfanner-gurtel\/","title":{"rendered":"PFANNER G\u00fcrtel"},"content":{"rendered":"<p>La ceinture Pfanner avec un gaufrage noble dans le fermoir. Disponible en deux mod\u00e8les diff\u00e9rents, chacun avec deux tailles. <\/p>\n<p>Mat\u00e9riau<br \/>\n3\u00d7120 cm, 3\u00d7140 cm : 100&nbsp;% polypropyl\u00e8ne<br \/>\n4\u00d7120 cm, 4\u00d7140 cm : 100&nbsp;% acrylique<\/p>\n","protected":false},"excerpt":{"rendered":"<p>La ceinture Pfanner avec un gaufrage noble dans le fermoir. Disponible en deux mod\u00e8les diff\u00e9rents, chacun avec deux tailles. Mat\u00e9riau<\/p>\n","protected":false},"featured_media":75992,"template":"","meta":{"_seopress_robots_primary_cat":"","_seopress_titles_title":"","_seopress_titles_desc":"","_seopress_robots_index":""},"product_brand":[3458],"product_cat":[21,186],"product_tag":[],"class_list":{"0":"post-472455","1":"product","2":"type-product","3":"status-publish","4":"has-post-thumbnail","6":"product_brand-pfanner","7":"product_cat-abbigliamento","8":"product_cat-accessori-per-labbigliamento","9":"sws-gruppo-no-gruppo","10":"sws-categoria-sito","11":"sws-sottocategoria-altro","12":"sws-conto-ricavi-merci-rivendita-abbigliamento","13":"sws-gruppo-iva-iva81","15":"first","16":"outofstock","17":"shipping-taxable","18":"purchasable","19":"product-type-variable"},"_links":{"self":[{"href":"https:\/\/lucacastelli.com\/fr\/wp-json\/wp\/v2\/product\/472455","targetHints":{"allow":["GET"]}}],"collection":[{"href":"https:\/\/lucacastelli.com\/fr\/wp-json\/wp\/v2\/product"}],"about":[{"href":"https:\/\/lucacastelli.com\/fr\/wp-json\/wp\/v2\/types\/product"}],"wp:featuredmedia":[{"embeddable":true,"href":"https:\/\/lucacastelli.com\/fr\/wp-json\/wp\/v2\/media\/75992"}],"wp:attachment":[{"href":"https:\/\/lucacastelli.com\/fr\/wp-json\/wp\/v2\/media?parent=472455"}],"wp:term":[{"taxonomy":"product_brand","embeddable":true,"href":"https:\/\/lucacastelli.com\/fr\/wp-json\/wp\/v2\/product_brand?post=472455"},{"taxonomy":"product_cat","embeddable":true,"href":"https:\/\/lucacastelli.com\/fr\/wp-json\/wp\/v2\/product_cat?post=472455"},{"taxonomy":"product_tag","embeddable":true,"href":"https:\/\/lucacastelli.com\/fr\/wp-json\/wp\/v2\/product_tag?post=472455"}],"curies":[{"name":"wp","href":"https:\/\/api.w.org\/{rel}","templated":true}]}}