{"id":472413,"date":"2022-07-13T09:08:38","date_gmt":"2022-07-13T07:08:38","guid":{"rendered":"https:\/\/lucacastelli.com\/?post_type=product&#038;p=472413"},"modified":"2025-07-27T08:20:46","modified_gmt":"2025-07-27T06:20:46","slug":"pfanner-chemise-en-merinos-kurzarm","status":"publish","type":"product","link":"https:\/\/lucacastelli.com\/fr\/produit\/pfanner-chemise-en-merinos-kurzarm\/","title":{"rendered":"PFANNER Chemise en m\u00e9rinos kurzarm"},"content":{"rendered":"<p>La version \u00e0 manches courtes du jersey m\u00e9rinos s\u00e8che rapidement et n\u2019absorbe pas les odeurs. Lors d\u2019activit\u00e9s exigeantes, il \u00e9vacue rapidement l\u2019humidit\u00e9 du corps sans la refroidir pendant les phases de repos. Il est \u00e9galement extr\u00eamement facile \u00e0 entretenir. La coupe ajust\u00e9e et sportive ne restreint pas la libert\u00e9 de mouvement.   <\/p>\n","protected":false},"excerpt":{"rendered":"<p>La version \u00e0 manches courtes du jersey m\u00e9rinos s\u00e8che rapidement et n\u2019absorbe pas les odeurs. Lors d\u2019activit\u00e9s exigeantes, il \u00e9vacue<\/p>\n","protected":false},"featured_media":42611,"template":"","meta":{"_seopress_robots_primary_cat":"","_seopress_titles_title":"","_seopress_titles_desc":"","_seopress_robots_index":""},"product_brand":[3669],"product_cat":[81,1381],"product_tag":[],"class_list":{"0":"post-472413","1":"product","2":"type-product","3":"status-publish","4":"has-post-thumbnail","6":"product_brand-pfanner-fr","7":"product_cat-vetements","8":"product_cat-vetements-de-travail","9":"sws-gruppo-no-gruppo-fr","10":"sws-categoria-sito-fr","11":"sws-sottocategoria-altro-fr","12":"sws-conto-ricavi-merci-rivendita-abbigliamento-fr","13":"sws-gruppo-iva-iva81-fr","15":"first","16":"instock","17":"shipping-taxable","18":"purchasable","19":"product-type-variable"},"_links":{"self":[{"href":"https:\/\/lucacastelli.com\/fr\/wp-json\/wp\/v2\/product\/472413","targetHints":{"allow":["GET"]}}],"collection":[{"href":"https:\/\/lucacastelli.com\/fr\/wp-json\/wp\/v2\/product"}],"about":[{"href":"https:\/\/lucacastelli.com\/fr\/wp-json\/wp\/v2\/types\/product"}],"wp:featuredmedia":[{"embeddable":true,"href":"https:\/\/lucacastelli.com\/fr\/wp-json\/wp\/v2\/media\/42611"}],"wp:attachment":[{"href":"https:\/\/lucacastelli.com\/fr\/wp-json\/wp\/v2\/media?parent=472413"}],"wp:term":[{"taxonomy":"product_brand","embeddable":true,"href":"https:\/\/lucacastelli.com\/fr\/wp-json\/wp\/v2\/product_brand?post=472413"},{"taxonomy":"product_cat","embeddable":true,"href":"https:\/\/lucacastelli.com\/fr\/wp-json\/wp\/v2\/product_cat?post=472413"},{"taxonomy":"product_tag","embeddable":true,"href":"https:\/\/lucacastelli.com\/fr\/wp-json\/wp\/v2\/product_tag?post=472413"}],"curies":[{"name":"wp","href":"https:\/\/api.w.org\/{rel}","templated":true}]}}