{"id":472340,"date":"2022-07-10T18:24:04","date_gmt":"2022-07-10T16:24:04","guid":{"rendered":"https:\/\/lucacastelli.com\/?post_type=product&#038;p=472340"},"modified":"2025-11-26T09:30:12","modified_gmt":"2025-11-26T08:30:12","slug":"pfanner-stretchzone-warnhose-1304-sbb","status":"publish","type":"product","link":"https:\/\/lucacastelli.com\/fr\/produit\/pfanner-stretchzone-warnhose-1304-sbb\/","title":{"rendered":"PFANNER StretchZone Warnhose 1304 SBB"},"content":{"rendered":"<p>Pantalon de protection orange SBB robuste en diff\u00e9rents mat\u00e9riaux fonctionnels. Parfaitement visible avec des bandes r\u00e9fl\u00e9chissantes 3CON et des couleurs fluorescentes, m\u00eame dans des conditions de faible luminosit\u00e9. Avec le tissu ext\u00e9rieur r\u00e9sistant \u00e0 l\u2019abrasion et le renfort de\u00ae genou Cordura, il est \u00e9quip\u00e9 pour toutes les missions de travail. Poches arri\u00e8re et avant. Les produits ne peuvent \u00eatre achet\u00e9s que dans notre boutique \u00e0 Castione (CH) et dans notre boutique en ligne.    <\/p>\n","protected":false},"excerpt":{"rendered":"<p>Pantalon de protection orange SBB robuste en diff\u00e9rents mat\u00e9riaux fonctionnels. Parfaitement visible avec des bandes r\u00e9fl\u00e9chissantes 3CON et des couleurs<\/p>\n","protected":false},"featured_media":75402,"template":"","meta":{"_seopress_robots_primary_cat":"none","_seopress_titles_title":"","_seopress_titles_desc":"","_seopress_robots_index":""},"product_brand":[3669],"product_cat":[81,1381],"product_tag":[],"class_list":{"0":"post-472340","1":"product","2":"type-product","3":"status-publish","4":"has-post-thumbnail","6":"product_brand-pfanner-fr","7":"product_cat-vetements","8":"product_cat-vetements-de-travail","9":"sws-gruppo-no-gruppo-fr","10":"sws-categoria-sito-fr","11":"sws-sottocategoria-altro-fr","12":"sws-conto-ricavi-merci-rivendita-abbigliamento-fr","13":"sws-gruppo-iva-iva81-fr","15":"first","16":"instock","17":"shipping-taxable","18":"purchasable","19":"product-type-variable","20":"has-default-attributes"},"_links":{"self":[{"href":"https:\/\/lucacastelli.com\/fr\/wp-json\/wp\/v2\/product\/472340","targetHints":{"allow":["GET"]}}],"collection":[{"href":"https:\/\/lucacastelli.com\/fr\/wp-json\/wp\/v2\/product"}],"about":[{"href":"https:\/\/lucacastelli.com\/fr\/wp-json\/wp\/v2\/types\/product"}],"wp:featuredmedia":[{"embeddable":true,"href":"https:\/\/lucacastelli.com\/fr\/wp-json\/wp\/v2\/media\/75402"}],"wp:attachment":[{"href":"https:\/\/lucacastelli.com\/fr\/wp-json\/wp\/v2\/media?parent=472340"}],"wp:term":[{"taxonomy":"product_brand","embeddable":true,"href":"https:\/\/lucacastelli.com\/fr\/wp-json\/wp\/v2\/product_brand?post=472340"},{"taxonomy":"product_cat","embeddable":true,"href":"https:\/\/lucacastelli.com\/fr\/wp-json\/wp\/v2\/product_cat?post=472340"},{"taxonomy":"product_tag","embeddable":true,"href":"https:\/\/lucacastelli.com\/fr\/wp-json\/wp\/v2\/product_tag?post=472340"}],"curies":[{"name":"wp","href":"https:\/\/api.w.org\/{rel}","templated":true}]}}