{"id":472325,"date":"2022-07-05T06:02:16","date_gmt":"2022-07-05T04:02:16","guid":{"rendered":"https:\/\/lucacastelli.com\/?post_type=product&#038;p=472325"},"modified":"2025-09-29T09:13:44","modified_gmt":"2025-09-29T07:13:44","slug":"pfanner-ventura-regenjacke","status":"publish","type":"product","link":"https:\/\/lucacastelli.com\/fr\/produit\/pfanner-ventura-regenjacke\/","title":{"rendered":"PFANNER Ventura Veste imperm\u00e9able"},"content":{"rendered":"<p>La veste de pluie Ventura est \u00e9quip\u00e9e d\u2019une membrane SympaTex pour une protection fiable contre l\u2019humidit\u00e9 et un confort maximal. Cette membrane garantit une imperm\u00e9abilit\u00e9 et une respirabilit\u00e9 maximale. La fermeture \u00e9clair au niveau des aisselles peut \u00eatre ouverte pour une meilleure ventilation. Les poignets velcro peuvent \u00eatre ajust\u00e9s individuellement et emp\u00eachent la salet\u00e9 et l\u2019eau de p\u00e9n\u00e9trer. Les nouvelles bandes r\u00e9fl\u00e9chissantes et les ic\u00f4nes r\u00e9fl\u00e9chissantes 3CON\u00ae donnent \u00e0 la veste de pluie Ventura encore plus de visibilit\u00e9 et donc plus de s\u00e9curit\u00e9. La veste de pluie Ventura est \u00e9galement disponible dans une coupe sportive pour les femmes.   <\/p>\n<p>Mat\u00e9riau<br \/>\nTissu extensible : 90 % polyester, 10 % \u00e9lasthanne<br \/>\nDoublure : 100 % polyester<\/p>\n","protected":false},"excerpt":{"rendered":"<p>La veste de pluie Ventura est \u00e9quip\u00e9e d\u2019une membrane SympaTex pour une protection fiable contre l\u2019humidit\u00e9 et un confort maximal.<\/p>\n","protected":false},"featured_media":41088,"template":"","meta":{"_seopress_robots_primary_cat":"","_seopress_titles_title":"","_seopress_titles_desc":"","_seopress_robots_index":""},"product_brand":[3669],"product_cat":[81,1381],"product_tag":[],"class_list":{"0":"post-472325","1":"product","2":"type-product","3":"status-publish","4":"has-post-thumbnail","6":"product_brand-pfanner-fr","7":"product_cat-vetements","8":"product_cat-vetements-de-travail","9":"sws-gruppo-no-gruppo","10":"sws-categoria-sito","11":"sws-sottocategoria-altro","12":"sws-conto-ricavi-merci-rivendita-abbigliamento","13":"sws-gruppo-iva-iva81","15":"first","16":"onbackorder","17":"shipping-taxable","18":"purchasable","19":"product-type-variable"},"_links":{"self":[{"href":"https:\/\/lucacastelli.com\/fr\/wp-json\/wp\/v2\/product\/472325","targetHints":{"allow":["GET"]}}],"collection":[{"href":"https:\/\/lucacastelli.com\/fr\/wp-json\/wp\/v2\/product"}],"about":[{"href":"https:\/\/lucacastelli.com\/fr\/wp-json\/wp\/v2\/types\/product"}],"wp:featuredmedia":[{"embeddable":true,"href":"https:\/\/lucacastelli.com\/fr\/wp-json\/wp\/v2\/media\/41088"}],"wp:attachment":[{"href":"https:\/\/lucacastelli.com\/fr\/wp-json\/wp\/v2\/media?parent=472325"}],"wp:term":[{"taxonomy":"product_brand","embeddable":true,"href":"https:\/\/lucacastelli.com\/fr\/wp-json\/wp\/v2\/product_brand?post=472325"},{"taxonomy":"product_cat","embeddable":true,"href":"https:\/\/lucacastelli.com\/fr\/wp-json\/wp\/v2\/product_cat?post=472325"},{"taxonomy":"product_tag","embeddable":true,"href":"https:\/\/lucacastelli.com\/fr\/wp-json\/wp\/v2\/product_tag?post=472325"}],"curies":[{"name":"wp","href":"https:\/\/api.w.org\/{rel}","templated":true}]}}