{"id":472247,"date":"2022-07-04T12:11:08","date_gmt":"2022-07-04T10:11:08","guid":{"rendered":"https:\/\/lucacastelli.com\/?post_type=product&#038;p=472247"},"modified":"2026-04-14T03:29:05","modified_gmt":"2026-04-14T01:29:05","slug":"pfanner-boa-seguro-high-s3","status":"publish","type":"product","link":"https:\/\/lucacastelli.com\/fr\/produit\/pfanner-boa-seguro-high-s3\/","title":{"rendered":"PFANNER BOA Seguro High S3"},"content":{"rendered":"<p>La tige haute de la BOA\u00ae Seguro high S3 prot\u00e8ge la cheville et sert de maintien pour celle-ci. La languette renforc\u00e9e en cuir assure la protection contre les \u00e9clats et les \u00e9tincelles. Meilleure visibilit\u00e9 gr\u00e2ce \u00e0 la technologie sophistiqu\u00e9e 3CON\u00ae. Les \u0153illets r\u00e9sistants \u00e0 l\u2019usure garantissent la long\u00e9vit\u00e9 des chaussures. Le tissu respirant assure un grand confort de port. Les semelles en TPU VIBRAM non marquantes garantissent une adh\u00e9rence et une r\u00e9sistance \u00e0 l\u2019abrasion maximales. S3<\/p>\n<p>&#8211; VSS (VarioSupportSystem) au niveau du talon<br \/>\n&#8211; Membrane SympaTex pour une imperm\u00e9abilit\u00e9 maximale<br \/>\n&#8211; Pare-pierres en TPU<br \/>\n&#8211; Protection de la cheville<br \/>\n&#8211; Profil autonettoyant<br \/>\n&#8211; Syst\u00e8me de fermeture BOA\u00ae brevet\u00e9<br \/>\n&#8211; Facile et rapide \u00e0 enfiler et \u00e0 retirer<br \/>\n&#8211; 3CON\u00ae Reflex pour une visibilit\u00e9 accrue<\/p>\n<p>Semelle : semelle en caoutchouc VIBRAM TPU<br \/>\nTige : cuir<br \/>\nDoublure : tissu mesh<\/p>\n","protected":false},"excerpt":{"rendered":"<p>La tige haute de la BOA\u00ae Seguro high S3 prot\u00e8ge la cheville et sert de maintien pour celle-ci. La languette<\/p>\n","protected":false},"featured_media":73777,"template":"","meta":{"_seopress_robots_primary_cat":"","_seopress_titles_title":"","_seopress_titles_desc":"","_seopress_robots_index":""},"product_brand":[3669],"product_cat":[173,1423],"product_tag":[],"class_list":{"0":"post-472247","1":"product","2":"type-product","3":"status-publish","4":"has-post-thumbnail","6":"product_brand-pfanner-fr","7":"product_cat-chaussures","8":"product_cat-chaussures-de-travail","9":"sws-gruppo-no-gruppo-fr","10":"sws-categoria-sito-fr","11":"sws-sottocategoria-altro-fr","12":"sws-conto-ricavi-merci-rivendita-abbigliamento-fr","13":"sws-gruppo-iva-iva81-fr","15":"first","16":"instock","17":"shipping-taxable","18":"purchasable","19":"product-type-variable"},"_links":{"self":[{"href":"https:\/\/lucacastelli.com\/fr\/wp-json\/wp\/v2\/product\/472247","targetHints":{"allow":["GET"]}}],"collection":[{"href":"https:\/\/lucacastelli.com\/fr\/wp-json\/wp\/v2\/product"}],"about":[{"href":"https:\/\/lucacastelli.com\/fr\/wp-json\/wp\/v2\/types\/product"}],"wp:featuredmedia":[{"embeddable":true,"href":"https:\/\/lucacastelli.com\/fr\/wp-json\/wp\/v2\/media\/73777"}],"wp:attachment":[{"href":"https:\/\/lucacastelli.com\/fr\/wp-json\/wp\/v2\/media?parent=472247"}],"wp:term":[{"taxonomy":"product_brand","embeddable":true,"href":"https:\/\/lucacastelli.com\/fr\/wp-json\/wp\/v2\/product_brand?post=472247"},{"taxonomy":"product_cat","embeddable":true,"href":"https:\/\/lucacastelli.com\/fr\/wp-json\/wp\/v2\/product_cat?post=472247"},{"taxonomy":"product_tag","embeddable":true,"href":"https:\/\/lucacastelli.com\/fr\/wp-json\/wp\/v2\/product_tag?post=472247"}],"curies":[{"name":"wp","href":"https:\/\/api.w.org\/{rel}","templated":true}]}}