{"id":472173,"date":"2022-07-04T09:43:33","date_gmt":"2022-07-04T07:43:33","guid":{"rendered":"https:\/\/lucacastelli.com\/?post_type=product&#038;p=472173"},"modified":"2026-04-14T03:32:56","modified_gmt":"2026-04-14T01:32:56","slug":"pfanner-boa-seguro-low-s3","status":"publish","type":"product","link":"https:\/\/lucacastelli.com\/fr\/produit\/pfanner-boa-seguro-low-s3\/","title":{"rendered":"PFANNER BOA Seguro Low S3"},"content":{"rendered":"<p>Le talon renforc\u00e9 offre un maintien de forme maximal. La fermeture BOA\u00ae permet un enfilage et un retrait rapides et faciles ainsi qu&#8217;un r\u00e9glage pr\u00e9cis des chaussures. Une visibilit\u00e9 optimale est assur\u00e9e par la technologie 3CON\u00ae \u00e9labor\u00e9e. La languette renforc\u00e9e en cuir offre une protection contre les \u00e9clats et les \u00e9tincelles chaudes. Les \u0153illets sans usure garantissent la long\u00e9vit\u00e9 des chaussures. Le tissu de ventilation est synonyme de propri\u00e9t\u00e9s de port confortables. Une adh\u00e9rence maximale et une r\u00e9sistance \u00e0 l&#8217;abrasion sont garanties par les semelles en TPU VIBRAM sans suie. S3<\/p>\n<p>&#8211; Fonctionnement parfait d&#8217;une seule main<br \/>\n&#8211; Embout en mat\u00e9riau composite<br \/>\n&#8211; Semelle anti-torsion<br \/>\n&#8211; Renfort du talon<br \/>\n&#8211; Kevlar au lieu d&#8217;inserts de semelle en m\u00e9tal<br \/>\n&#8211; Bande de roulement autonettoyante<br \/>\n&#8211; 3CON\u00ae reflex pour une meilleure visibilit\u00e9<\/p>\n<p>Tige : Cuir perfor\u00e9<br \/>\nDoublure : tissu mesh<br \/>\nSemelle : semelle en caoutchouc VIBRAM TPU<\/p>\n","protected":false},"excerpt":{"rendered":"<p>Le talon renforc\u00e9 offre un maintien de forme maximal. La fermeture BOA\u00ae permet un enfilage et un retrait rapides et<\/p>\n","protected":false},"featured_media":73502,"template":"","meta":{"_seopress_robots_primary_cat":"","_seopress_titles_title":"","_seopress_titles_desc":"","_seopress_robots_index":""},"product_brand":[3669],"product_cat":[173,1423],"product_tag":[],"class_list":{"0":"post-472173","1":"product","2":"type-product","3":"status-publish","4":"has-post-thumbnail","6":"product_brand-pfanner-fr","7":"product_cat-chaussures","8":"product_cat-chaussures-de-travail","9":"sws-gruppo-no-gruppo-fr","10":"sws-categoria-sito-fr","11":"sws-sottocategoria-altro-fr","12":"sws-conto-ricavi-merci-rivendita-abbigliamento-fr","13":"sws-gruppo-iva-iva81-fr","15":"first","16":"instock","17":"shipping-taxable","18":"purchasable","19":"product-type-variable"},"_links":{"self":[{"href":"https:\/\/lucacastelli.com\/fr\/wp-json\/wp\/v2\/product\/472173","targetHints":{"allow":["GET"]}}],"collection":[{"href":"https:\/\/lucacastelli.com\/fr\/wp-json\/wp\/v2\/product"}],"about":[{"href":"https:\/\/lucacastelli.com\/fr\/wp-json\/wp\/v2\/types\/product"}],"wp:featuredmedia":[{"embeddable":true,"href":"https:\/\/lucacastelli.com\/fr\/wp-json\/wp\/v2\/media\/73502"}],"wp:attachment":[{"href":"https:\/\/lucacastelli.com\/fr\/wp-json\/wp\/v2\/media?parent=472173"}],"wp:term":[{"taxonomy":"product_brand","embeddable":true,"href":"https:\/\/lucacastelli.com\/fr\/wp-json\/wp\/v2\/product_brand?post=472173"},{"taxonomy":"product_cat","embeddable":true,"href":"https:\/\/lucacastelli.com\/fr\/wp-json\/wp\/v2\/product_cat?post=472173"},{"taxonomy":"product_tag","embeddable":true,"href":"https:\/\/lucacastelli.com\/fr\/wp-json\/wp\/v2\/product_tag?post=472173"}],"curies":[{"name":"wp","href":"https:\/\/api.w.org\/{rel}","templated":true}]}}