{"id":472142,"date":"2023-11-28T10:17:12","date_gmt":"2023-11-28T09:17:12","guid":{"rendered":"https:\/\/lucacastelli.com\/prodotto\/couche-petzl\/"},"modified":"2023-11-28T10:17:12","modified_gmt":"2023-11-28T09:17:12","slug":"couche-petzl","status":"publish","type":"product","link":"https:\/\/lucacastelli.com\/fr\/produit\/couche-petzl\/","title":{"rendered":"COUCHE PETZL"},"content":{"rendered":"<p>Casque l\u00e9ger et ventil\u00e9<\/p>\n<p>Tr\u00e8s l\u00e9ger, le casque STRATO VENT garantit une utilisation confortable, gr\u00e2ce aux syst\u00e8mes CENTERFIT et FLIP&amp;FIT qui permettent une excellente \u00e9tanch\u00e9it\u00e9 du bo\u00eetier sur la t\u00eate. Avec une mentonni\u00e8re de r\u00e9sistance interchangeable, il est adapt\u00e9 au travail en hauteur et au travail au sol. Il dispose de trous d\u2019a\u00e9ration pour a\u00e9rer le casque. L\u2019int\u00e9gration optimale d\u2019une lampe frontale Petzl, d\u2019une visi\u00e8re de protection, d\u2019une protection contre le bruit et de multiples accessoires en fait un casque enti\u00e8rement modulable, qui r\u00e9pond aux besoins suppl\u00e9mentaires des professionnels.   <\/p>\n<p>Description<br \/>\nConstruction l\u00e9g\u00e8re et confort d\u2019utilisation :<br \/>\n&#8211; coque int\u00e9rieure en deux parties, EPP (polypropyl\u00e8ne expans\u00e9) et EPS (polystyr\u00e8ne expans\u00e9) pour une plus grande l\u00e9g\u00e8ret\u00e9,<br \/>\n&#8211; r\u00e9glage CENTERFIT qui maintient le casque parfaitement centr\u00e9 sur la t\u00eate, gr\u00e2ce aux deux molettes de r\u00e9glage lat\u00e9rales,<br \/>\n&#8211; syst\u00e8me FLIP&amp;FIT qui permet une position basse de l\u2019arceau pour assurer une excellente prise en main du casque. Le syst\u00e8me se r\u00e9tracte \u00e0 l\u2019int\u00e9rieur du casque pour un rangement et un transport faciles,<br \/>\n &#8211; fourni avec des mousses de confort absorbantes interchangeables.<br \/>\nProtection adapt\u00e9e au travail en hauteur et au travail au sol :<br \/>\n &#8211; Mentonni\u00e8re DUAL qui permet au travailleur de modifier la r\u00e9sistance de la mentonni\u00e8re pour adapter le casque \u00e0 diff\u00e9rents environnements : travail en hauteur (EN 12492) et travail au sol (EN 397). Le clip dispose de deux positions pour deux modes d\u2019utilisation : haute r\u00e9sistance, pour r\u00e9duire le risque de perte du casque lors d\u2019une chute et faible r\u00e9sistance pour r\u00e9duire le risque d\u2019\u00e9tranglement en cas de fixation du casque lorsque l\u2019utilisateur est au sol,<br \/>\n &#8211; absorption des chocs due \u00e0 la d\u00e9formation de la coque int\u00e9rieure,<br \/>\n &#8211; trous d\u2019a\u00e9ration pour a\u00e9rer le casque.<br \/>\nModularit\u00e9 des accessoires :<br \/>\n&#8211; visi\u00e8re de protection avec syst\u00e8me de fixation lat\u00e9rale EASYCLIP qui facilite l\u2019installation<br \/>\n&#8211; Lampe frontale Petzl avec attaches ou lampe frontale avec bandeau \u00e9lastique,<br \/>\n&#8211; protecteur de casque qui permet de prot\u00e9ger la coque de la salet\u00e9 et des projections de peinture,<br \/>\n&#8211; prot\u00e8ge-cou pour prot\u00e9ger le cou de la pluie et du soleil,<br \/>\n&#8211; Porte-badge pour identifier rapidement l\u2019utilisateur,<br \/>\n&#8211; Mentonni\u00e8re et rembourrage interchangeables,<br \/>\n&#8211; Protections contre le bruit,<br \/>\n&#8211; Disponible en quatre couleurs : blanc, jaune, rouge et noir,<br \/>\n&#8211; Ils sont \u00e9galement disponibles en deux versions haute visibilit\u00e9 : jaune et orange.<br \/>\nSp\u00e9cifique<br \/>\nTour de t\u00eate : 53-63 cm<br \/>\nPoids : 415 g<br \/>\nMat\u00e9riaux : ABS (acrylonite butadi\u00e8ne styr\u00e8ne), EPP (polypropyl\u00e8ne expans\u00e9), EPS (polystyr\u00e8ne expans\u00e9), polyamide, polycarbonate, polyester haute r\u00e9sistance, poly\u00e9thyl\u00e8ne<br \/>\nCertification(s) : CE, EN 12492, ANSI Z89.1 Type I Classe C, UKCA<\/p>\n<table>\n<tbody>\n<tr>\n<th class=\"rowTitle\">R\u00e9f\u00e9rences<\/th>\n<th>\n A020BA00<\/th>\n<th>\n A020BA01<\/th>\n<th>\n A020BA02<\/th>\n<th>A020BA03<\/th>\n<\/tr>\n<tr>\n<td class=\"rowTitle\">Couleur(s)<\/td>\n<td>blanc <\/td>\n<td>jaune <\/td>\n<td>rouge <\/td>\n<td>noir <\/td>\n<\/tr>\n<tr>\n<td class=\"rowTitle\">Garantie<\/td>\n<td>3 ans<\/td>\n<td>3 ans<\/td>\n<td>3 ans<\/td>\n<td>3 ans<\/td>\n<\/tr>\n<tr>\n<td class=\"rowTitle\">Emballage<\/td>\n<td> <\/td>\n<p> 1<\/p>\n<td> <\/td>\n<p> 1<\/p>\n<td> <\/td>\n<p> 1<\/p>\n<td>1 <\/td>\n<\/tr>\n<\/tbody>\n<\/table>\n","protected":false},"excerpt":{"rendered":"<p>Casque l\u00e9ger et ventil\u00e9 Tr\u00e8s l\u00e9ger, le casque STRATO VENT garantit une utilisation confortable, gr\u00e2ce aux syst\u00e8mes CENTERFIT et FLIP&amp;FIT<\/p>\n","protected":false},"featured_media":94873,"template":"","meta":{"_seopress_robots_primary_cat":"","_seopress_titles_title":"","_seopress_titles_desc":"","_seopress_robots_index":""},"product_brand":[3667],"product_cat":[144,1397,1405,1412],"product_tag":[],"class_list":{"0":"post-472142","1":"product","2":"type-product","3":"status-publish","4":"has-post-thumbnail","6":"product_brand-petzl-fr","7":"product_cat-equipement","8":"product_cat-equipement-de-travail","9":"product_cat-casques","10":"product_cat-visieres-et-lunettes","12":"first","13":"onbackorder","14":"shipping-taxable","15":"purchasable","16":"product-type-variable"},"_links":{"self":[{"href":"https:\/\/lucacastelli.com\/fr\/wp-json\/wp\/v2\/product\/472142","targetHints":{"allow":["GET"]}}],"collection":[{"href":"https:\/\/lucacastelli.com\/fr\/wp-json\/wp\/v2\/product"}],"about":[{"href":"https:\/\/lucacastelli.com\/fr\/wp-json\/wp\/v2\/types\/product"}],"wp:featuredmedia":[{"embeddable":true,"href":"https:\/\/lucacastelli.com\/fr\/wp-json\/wp\/v2\/media\/94873"}],"wp:attachment":[{"href":"https:\/\/lucacastelli.com\/fr\/wp-json\/wp\/v2\/media?parent=472142"}],"wp:term":[{"taxonomy":"product_brand","embeddable":true,"href":"https:\/\/lucacastelli.com\/fr\/wp-json\/wp\/v2\/product_brand?post=472142"},{"taxonomy":"product_cat","embeddable":true,"href":"https:\/\/lucacastelli.com\/fr\/wp-json\/wp\/v2\/product_cat?post=472142"},{"taxonomy":"product_tag","embeddable":true,"href":"https:\/\/lucacastelli.com\/fr\/wp-json\/wp\/v2\/product_tag?post=472142"}],"curies":[{"name":"wp","href":"https:\/\/api.w.org\/{rel}","templated":true}]}}