{"id":472138,"date":"2023-11-22T08:37:40","date_gmt":"2023-11-22T07:37:40","guid":{"rendered":"https:\/\/lucacastelli.com\/prodotto\/petzl-lampe-aria-2-rgb\/"},"modified":"2023-11-22T08:37:40","modified_gmt":"2023-11-22T07:37:40","slug":"petzl-lampe-aria-2-rgb","status":"publish","type":"product","link":"https:\/\/lucacastelli.com\/fr\/produit\/petzl-lampe-aria-2-rgb\/","title":{"rendered":"PETZL LAMPE ARIA 2 RGB"},"content":{"rendered":"<p>Lampe frontale compacte, durable et \u00e9tanche, con\u00e7ue pour la vision de proximit\u00e9 et le mouvement et \u00e9quip\u00e9e d\u2019un \u00e9clairage blanc ou rouge\/vert\/bleu pour pr\u00e9server la vision nocturne et le secret. 450 lumens <\/p>\n<p>Avec une puissance de 450 lumens, la lampe frontale compacte ARIA\u00ae 2 RGB est con\u00e7ue pour \u00eatre utilis\u00e9e par les professionnels de la maintenance, les artisans et les travailleurs du th\u00e9\u00e2tre. Durable, il r\u00e9siste aux chutes et aux chocs. Il est \u00e9galement \u00e9tanche \u00e0 l\u2019eau et \u00e0 la poussi\u00e8re, il convient donc \u00e0 diff\u00e9rentes conditions de travail. Facile \u00e0 utiliser, avec un seul bouton pour contr\u00f4ler toutes les fonctions de la lampe. Le faisceau lumineux large et uniforme fournit un \u00e9clairage de proximit\u00e9 pratique, tandis que le faisceau mixte facilite les d\u00e9placements. La fonction rouge\/vert\/bleu pr\u00e9serve la vision nocturne et vous permet de passer inaper\u00e7u en cas de besoin. Il est confortable et peut \u00eatre port\u00e9 sur la t\u00eate, autour du cou et sur diff\u00e9rents types de casques, en utilisant les plaques de montage disponibles en accessoires. L\u2019ARIA\u00ae 2 RGB est livr\u00e9 avec trois batteries standard et est \u00e9galement compatible avec la batterie rechargeable CORE, gr\u00e2ce \u00e0 sa conception HYBRID CONCEPT.       <\/p>\n<p>Description<br \/>\nLampe frontale con\u00e7ue pour un usage professionnel occasionnel :<br \/>\n&#8211; Construction durable : la lampe r\u00e9siste aux chocs (IK07) et aux chutes (jusqu\u2019\u00e0 2 m\u00e8tres).<br \/>\n&#8211; R\u00e9sistant \u00e0 la poussi\u00e8re et \u00e0 l\u2019eau (IP67)<br \/>\n&#8211; Faisceau lumineux large et uniforme, offrant un \u00e9clairage confortable pour les travaux \u00e0 courte port\u00e9e<br \/>\n&#8211; Poutre mixte pour faciliter les mouvements<br \/>\n&#8211; Trois niveaux d\u2019\u00e9clairage blanc : MAX BURN TIME, STANDARD (meilleur \u00e9quilibre puissance\/temps d\u2019autonomie) et MAX POWER<br \/>\n&#8211; Un \u00e9clairage rouge, vert ou bleu (continu ou stroboscopique) allie confort visuel et invisibilit\u00e9<br \/>\nFacile \u00e0 utiliser :<br \/>\n&#8211; Un seul bouton pour une s\u00e9lection rapide et facile du niveau d\u2019\u00e9clairage<br \/>\n&#8211; La plaque permet d\u2019incliner facilement la lampe vers le haut ou vers le bas<br \/>\n&#8211; L\u2019indicateur de charge de la batterie indique le niveau de la batterie \u00e0 chaque fois que la lampe est allum\u00e9e ou \u00e9teinte<br \/>\n&#8211; La fonction LOCK emp\u00eache la lampe de s\u2019allumer pendant le transport ou le stockage<br \/>\nPratique :<br \/>\n&#8211; Le bandeau r\u00e9glable est sym\u00e9trique pour un ajustement plus facile, ainsi que amovible et lavable<br \/>\n&#8211; La plaque est compatible avec les accessoires qui permettent d\u2019installer la lampe frontale sur un casque (plaque adh\u00e9sive HELMET ADAPT pour diff\u00e9rents types de casques, ou SLOT ADAPT pour les casques qui ont une fente compatible).<br \/>\n&#8211; ARIA\u00ae 2 RGB est livr\u00e9 avec trois piles AAA\/LR03 et est \u00e9galement compatible avec la batterie rechargeable CORE (non incluse), gr\u00e2ce \u00e0 sa conception HYBRID CONCEPT.<br \/>\n&#8211; La lampe d\u00e9tecte la source d\u2019\u00e9nergie et optimise les performances d\u2019\u00e9clairage : avec une batterie rechargeable CORE, la lampe offre une plus grande luminosit\u00e9 lorsqu\u2019elle est allum\u00e9e (600 lm en mode MAX POWER) et pendant toute la dur\u00e9e d\u2019utilisation.<\/p>\n<p>Caract\u00e9ristiques<br \/>\ntechniques Luminosit\u00e9 : 450 lumens (ANSI\/PLATO FL 1)<br \/>\nFaisceau lumineux : Flood, mixte<br \/>\nPoids : 106 g<br \/>\n\u00c9tanche : IP67<br \/>\nR\u00e9sistance aux chocs : IK07 (EN\/IEC 62262)<br \/>\nR\u00e9sistance aux chutes : 2 m\u00e8tres (ANSI\/PLATO FL 1)<br \/>\nAlimentation : Trois piles AAA\/LR03 (incluses) ou pile rechargeable CORE (disponible en accessoire)<br \/>\nCompatibilit\u00e9 des piles : Alcalines, au lithium ou Ni-MH<br \/>\nrechargeables Certifications :  CE, UKCA<\/p>\n","protected":false},"excerpt":{"rendered":"<p>Lampe frontale compacte, durable et \u00e9tanche, con\u00e7ue pour la vision de proximit\u00e9 et le mouvement et \u00e9quip\u00e9e d\u2019un \u00e9clairage blanc<\/p>\n","protected":false},"featured_media":94739,"template":"","meta":{"_seopress_robots_primary_cat":"","_seopress_titles_title":"","_seopress_titles_desc":"","_seopress_robots_index":""},"product_brand":[3667],"product_cat":[1496,144,1397],"product_tag":[],"class_list":{"0":"post-472138","1":"product","2":"type-product","3":"status-publish","4":"has-post-thumbnail","6":"product_brand-petzl-fr","7":"product_cat-autres-equipements-de-travail","8":"product_cat-equipement","9":"product_cat-equipement-de-travail","11":"first","12":"onbackorder","13":"shipping-taxable","14":"purchasable","15":"product-type-variable"},"_links":{"self":[{"href":"https:\/\/lucacastelli.com\/fr\/wp-json\/wp\/v2\/product\/472138","targetHints":{"allow":["GET"]}}],"collection":[{"href":"https:\/\/lucacastelli.com\/fr\/wp-json\/wp\/v2\/product"}],"about":[{"href":"https:\/\/lucacastelli.com\/fr\/wp-json\/wp\/v2\/types\/product"}],"wp:featuredmedia":[{"embeddable":true,"href":"https:\/\/lucacastelli.com\/fr\/wp-json\/wp\/v2\/media\/94739"}],"wp:attachment":[{"href":"https:\/\/lucacastelli.com\/fr\/wp-json\/wp\/v2\/media?parent=472138"}],"wp:term":[{"taxonomy":"product_brand","embeddable":true,"href":"https:\/\/lucacastelli.com\/fr\/wp-json\/wp\/v2\/product_brand?post=472138"},{"taxonomy":"product_cat","embeddable":true,"href":"https:\/\/lucacastelli.com\/fr\/wp-json\/wp\/v2\/product_cat?post=472138"},{"taxonomy":"product_tag","embeddable":true,"href":"https:\/\/lucacastelli.com\/fr\/wp-json\/wp\/v2\/product_tag?post=472138"}],"curies":[{"name":"wp","href":"https:\/\/api.w.org\/{rel}","templated":true}]}}