{"id":472120,"date":"2023-11-22T08:23:40","date_gmt":"2023-11-22T07:23:40","guid":{"rendered":"https:\/\/lucacastelli.com\/prodotto\/noyau-en-petzl\/"},"modified":"2023-11-22T08:23:40","modified_gmt":"2023-11-22T07:23:40","slug":"noyau-en-petzl","status":"publish","type":"product","link":"https:\/\/lucacastelli.com\/fr\/produit\/noyau-en-petzl\/","title":{"rendered":"NOYAU EN PETZL"},"content":{"rendered":"<p>Batterie rechargeable compatible avec les lampes frontales Petzl au design HYBRID CONCEPT.1250 mAh<\/p>\n<p>Batterie lithium-ion rechargeable haute capacit\u00e9 de 1250 mAh (3,6 V \/ 4,5 Wh) pour les lampes frontales Petzl au design HYBRID CONCEPT : ARIA 1, ARIA 1 RGB, ARIA 1R, ARIA 2, ARIA 2 RGB et ARIA 2R. Il offre d\u2019excellentes performances d\u2019\u00e9clairage, m\u00eame \u00e0 basse temp\u00e9rature. Il se recharge directement avec le port USB int\u00e9gr\u00e9. La batterie rechargeable CORE offre une solution \u00e9conomique en tant qu\u2019alimentation principale ou batterie de secours.   <\/p>\n<p>Description<br \/>\nCharge universelle facile via le port USB<br \/>\nIndicateur de charge sur la batterie (rouge = charge ; vert = batterie pleine)<br \/>\nFonctionne bien par temps<br \/>\nfroid Solution \u00e9conomique et durable comme alimentation principale ou batterie de rechange<br \/>\nCompatible avec les lampes frontales ARIA 1, ARIA 1 RGB, ARIA 1R, ARIA 2, ARIA 2 RGB et ARIA 2R<br \/>\nLivr\u00e9 avec c\u00e2ble de charge<br \/>\nCaract\u00e9ristiques techniques<br \/>\nPoids :  Certifications 23g<br \/>\n: CE, UKCA<br \/>\nType : 1250mAh Batterie Li-ion rechargeable (3.6V\/4.5Wh)<br \/>\nTemps de charge : 3h30<\/p>\n<p>Garantie : 2 ans ou 300 cycles de charge<\/p>\n","protected":false},"excerpt":{"rendered":"<p>Batterie rechargeable compatible avec les lampes frontales Petzl au design HYBRID CONCEPT.1250 mAh Batterie lithium-ion rechargeable haute capacit\u00e9 de 1250<\/p>\n","protected":false},"featured_media":94734,"template":"","meta":{"_seopress_robots_primary_cat":"","_seopress_titles_title":"","_seopress_titles_desc":"","_seopress_robots_index":""},"product_brand":[3446],"product_cat":[33,537,822],"product_tag":[],"class_list":{"0":"post-472120","1":"product","2":"type-product","3":"status-publish","4":"has-post-thumbnail","6":"product_brand-petzl","7":"product_cat-attrezzature","8":"product_cat-attrezzatura-da-lavoro","9":"product_cat-altro-attrezzatura-da-lavoro","11":"first","12":"onbackorder","13":"shipping-taxable","14":"purchasable","15":"product-type-simple"},"_links":{"self":[{"href":"https:\/\/lucacastelli.com\/fr\/wp-json\/wp\/v2\/product\/472120","targetHints":{"allow":["GET"]}}],"collection":[{"href":"https:\/\/lucacastelli.com\/fr\/wp-json\/wp\/v2\/product"}],"about":[{"href":"https:\/\/lucacastelli.com\/fr\/wp-json\/wp\/v2\/types\/product"}],"wp:featuredmedia":[{"embeddable":true,"href":"https:\/\/lucacastelli.com\/fr\/wp-json\/wp\/v2\/media\/94734"}],"wp:attachment":[{"href":"https:\/\/lucacastelli.com\/fr\/wp-json\/wp\/v2\/media?parent=472120"}],"wp:term":[{"taxonomy":"product_brand","embeddable":true,"href":"https:\/\/lucacastelli.com\/fr\/wp-json\/wp\/v2\/product_brand?post=472120"},{"taxonomy":"product_cat","embeddable":true,"href":"https:\/\/lucacastelli.com\/fr\/wp-json\/wp\/v2\/product_cat?post=472120"},{"taxonomy":"product_tag","embeddable":true,"href":"https:\/\/lucacastelli.com\/fr\/wp-json\/wp\/v2\/product_tag?post=472120"}],"curies":[{"name":"wp","href":"https:\/\/api.w.org\/{rel}","templated":true}]}}