{"id":472101,"date":"2023-11-17T10:07:52","date_gmt":"2023-11-17T09:07:52","guid":{"rendered":"https:\/\/lucacastelli.com\/prodotto\/corde-petzl-flow\/"},"modified":"2023-11-17T10:07:52","modified_gmt":"2023-11-17T09:07:52","slug":"corde-petzl-flow","status":"publish","type":"product","link":"https:\/\/lucacastelli.com\/fr\/produit\/corde-petzl-flow\/","title":{"rendered":"Corde PETZL FLOW"},"content":{"rendered":"<p>La corde semi-statique FLOW 11,6 mm est destin\u00e9e au travail des arbres. Le diam\u00e8tre fin garantit d\u2019excellentes performances telles que la flexibilit\u00e9 et la l\u00e9g\u00e8ret\u00e9. Il garantit un faible allongement de la tension, ce qui vous permet d\u2019augmenter l\u2019efficacit\u00e9 des mouvements sur l\u2019arbre. La technologie EverFlex garantit une grande flexibilit\u00e9 et une grande facilit\u00e9 de gestion dans le temps. Il est fourni avec une \u00e9pissure \u00e0 une extr\u00e9mit\u00e9 pour un passage optimal de la corde dans les appareils de type fourche fendue ou poulie et fourches \u00e0 arbre. La compacit\u00e9 de cette \u00e9pissure lui permet d\u2019\u00eatre pass\u00e9e dans la cha\u00eene de verrouillage des Prusik m\u00e9caniques ZIGZAG et ZIGZAG PLUS. Corde disponible en deux couleurs et trois longueurs.        <\/p>\n<p>Description d\u00e9taill\u00e9e<\/p>\n<p>Con\u00e7u pour le travail des arbres :<br \/>\n&#8211; \u00e9pissure brevet\u00e9e \u00e0 une extr\u00e9mit\u00e9 pour un passage optimal de la corde dans les appareils \u00e0 griffes ou les poulies et fourches \u00e0 arbre. La compacit\u00e9 de cette \u00e9pissure lui permet d\u2019\u00eatre pass\u00e9e \u00e0 travers la cha\u00eene de verrouillage des m\u00e9caniques Prusik ZIGZAG et ZIGZAG PLUS,<br \/>\n &#8211; faible allongement dans la tension de la corde pour augmenter l\u2019efficacit\u00e9 du d\u00e9placement sur l\u2019arbre.<br \/>\nDiam\u00e8tre fin qui garantit d\u2019excellentes performances telles que la flexibilit\u00e9 et la l\u00e9g\u00e8ret\u00e9.<br \/>\nPerformances constantes dans le temps :<br \/>\n&#8211; Construction 100&nbsp;% polyester et double tressage,<br \/>\n&#8211; Technologie EverFlex qui garantit une grande flexibilit\u00e9 dans le temps, quelles que soient les conditions (eau, poussi\u00e8re, boue&#8230;), afin de maintenir une excellente maniabilit\u00e9 et un fonctionnement optimal avec les appareils.<br \/>\nDisponible en deux couleurs (vert et orange) afin que vous puissiez facilement identifier les diff\u00e9rentes cordes de travail.<br \/>\nLongueurs standard : 35, 45 et 60 m.<br \/>\nSp\u00e9cifique<\/p>\n<p>Diam\u00e8tre&nbsp;: 11,6 mm<br \/>\nMat\u00e9riaux&nbsp;: polyester<br \/>\nCertification(s)&nbsp;: CE EN 1891 type A, ANSI Z133<br \/>\nPoids au m\u00e8tre&nbsp;: 102 g<br \/>\nR\u00e9sistance avec n\u0153ud en huit&nbsp;: 15 kN<br \/>\nR\u00e9sistance avec \u00e9pissure&nbsp;: 15 kN<br \/>\nForce de choc (facteur 0,3)&nbsp;: 5,2 kN<br \/>\nNombre de chutes facteur 1&nbsp;: 8<br \/>\nConstruction&nbsp;: 24 broches<br \/>\nPourcentage de gaine&nbsp;: 55 %<br \/>\nAllongement statique&nbsp;: 2,8 %<br \/>\nNum\u00e9ros d\u2019article<\/p>\n<table>\n<tbody>\n<tr>\n<th class=\"rowTitle\">R\u00e9f\u00e9rences<\/th>\n<th>R079AA00<\/th>\n<th>R079AA01<\/th>\n<th>R079AA02<\/th>\n<th>R079AA03<\/th>\n<th>R079AA04<\/th>\n<th>R079AA05<\/th>\n<\/tr>\n<tr>\n<td class=\"rowTitle\">Longueur<\/td>\n<td>35 m\u00e8tres<\/td>\n<td>35 m\u00e8tres<\/td>\n<td>45 m\u00e8tres<\/td>\n<td>45 m\u00e8tres<\/td>\n<td>60 m<\/td>\n<td>60 m<\/td>\n<\/tr>\n<tr>\n<td class=\"rowTitle\">Couleur(s)<\/td>\n<td>vert  <\/td>\n<td>orange  <\/td>\n<td>vert  <\/td>\n<td>orange  <\/td>\n<td>vert  <\/td>\n<td>orange  <\/td>\n<\/tr>\n<tr>\n<td class=\"rowTitle\">Garantie<\/td>\n<td>3 ans<\/td>\n<td>3 ans<\/td>\n<td>3 ans<\/td>\n<td>3 ans<\/td>\n<td>3 ans<\/td>\n<td>3 ans<\/td>\n<\/tr>\n<tr>\n<td class=\"rowTitle\">Emballage<\/td>\n<td>1  <\/td>\n<td>1  <\/td>\n<td>1  <\/td>\n<td>1  <\/td>\n<td>1  <\/td>\n<td>1  <\/td>\n<\/tr>\n<\/tbody>\n<\/table>\n","protected":false},"excerpt":{"rendered":"<p>La corde semi-statique FLOW 11,6 mm est destin\u00e9e au travail des arbres. Le diam\u00e8tre fin garantit d\u2019excellentes performances telles que<\/p>\n","protected":false},"featured_media":94691,"template":"","meta":{"_seopress_robots_primary_cat":"","_seopress_titles_title":"","_seopress_titles_desc":"","_seopress_robots_index":""},"product_brand":[3667],"product_cat":[144,1397,1408,1415,1402],"product_tag":[],"class_list":{"0":"post-472101","1":"product","2":"type-product","3":"status-publish","4":"has-post-thumbnail","6":"product_brand-petzl-fr","7":"product_cat-equipement","8":"product_cat-equipement-de-travail","9":"product_cat-equipements-de-loisirs","10":"product_cat-harnais-et-equipements-de-securite-fr","11":"product_cat-harnais-et-equipements-de-securite","13":"first","14":"instock","15":"shipping-taxable","16":"purchasable","17":"product-type-variable"},"_links":{"self":[{"href":"https:\/\/lucacastelli.com\/fr\/wp-json\/wp\/v2\/product\/472101","targetHints":{"allow":["GET"]}}],"collection":[{"href":"https:\/\/lucacastelli.com\/fr\/wp-json\/wp\/v2\/product"}],"about":[{"href":"https:\/\/lucacastelli.com\/fr\/wp-json\/wp\/v2\/types\/product"}],"wp:featuredmedia":[{"embeddable":true,"href":"https:\/\/lucacastelli.com\/fr\/wp-json\/wp\/v2\/media\/94691"}],"wp:attachment":[{"href":"https:\/\/lucacastelli.com\/fr\/wp-json\/wp\/v2\/media?parent=472101"}],"wp:term":[{"taxonomy":"product_brand","embeddable":true,"href":"https:\/\/lucacastelli.com\/fr\/wp-json\/wp\/v2\/product_brand?post=472101"},{"taxonomy":"product_cat","embeddable":true,"href":"https:\/\/lucacastelli.com\/fr\/wp-json\/wp\/v2\/product_cat?post=472101"},{"taxonomy":"product_tag","embeddable":true,"href":"https:\/\/lucacastelli.com\/fr\/wp-json\/wp\/v2\/product_tag?post=472101"}],"curies":[{"name":"wp","href":"https:\/\/api.w.org\/{rel}","templated":true}]}}