{"id":472092,"date":"2023-10-27T08:09:53","date_gmt":"2023-10-27T06:09:53","guid":{"rendered":"https:\/\/lucacastelli.com\/prodotto\/sac-a-outils-petzl-6\/"},"modified":"2023-10-27T08:09:53","modified_gmt":"2023-10-27T06:09:53","slug":"sac-a-outils-petzl-6","status":"publish","type":"product","link":"https:\/\/lucacastelli.com\/fr\/produit\/sac-a-outils-petzl-6\/","title":{"rendered":"SAC \u00c0 OUTILS PETZL 6"},"content":{"rendered":"<p>Mallette \u00e0 outils de grand volume<\/p>\n<p>La mallette TOOLBAG 6 vous permet de ranger de nombreux outils. Le syst\u00e8me d\u2019ouverture et de fermeture est simple et peut \u00eatre actionn\u00e9 d\u2019une seule main. Le harnais peut \u00eatre connect\u00e9 \u00e0 l\u2019aide de l\u2019accessoire INTERFAST, ce qui r\u00e9duit l\u2019encombrement du harnais et am\u00e9liore l\u2019accessibilit\u00e9 \u00e0 la valise. La construction robuste en fait un \u00e9tui qui peut \u00eatre utilis\u00e9 quotidiennement sans craindre l\u2019usure.   <\/p>\n<p>Description<br \/>\nMallette de rangement pour les outils lors des travaux au sol et en hauteur :<br \/>\n&#8211; grand volume id\u00e9al pour ranger tous les outils n\u00e9cessaires \u00e0 une journ\u00e9e de travail,<br \/>\n&#8211; deux porte-marteaux \u00e0 l\u2019ext\u00e9rieur pour un rangement optimal,<br \/>\n&#8211; syst\u00e8me d\u2019ouverture et de fermeture rapide et facile d\u2019une seule main,<br \/>\n&#8211; fermeture par tanka pour un rangement en toute s\u00e9curit\u00e9 des outils lors des travaux en hauteur.<br \/>\nConstruction robuste pour une utilisation r\u00e9guli\u00e8re \u00e0 intensive :<br \/>\n&#8211; Tissu TPU tech \u00e0 haute r\u00e9sistance aux rayons UV, \u00e0 la graisse et aux hautes et basses temp\u00e9ratures,<br \/>\n&#8211; Tissu imperm\u00e9able et tissu hydrofuge.<br \/>\nDiff\u00e9rentes connexions du harnais :<br \/>\n&#8211; Accessoire INTERFAST pour une connexion rapide et facile du harnais et un faible encombrement pour un confort optimal lors des d\u00e9placements,<br \/>\n&#8211; connexion possible via un connecteur classique.<br \/>\nSp\u00e9cifique<br \/>\nCertifications : ANSI\/ISEA 121-2018 (norme pour la pr\u00e9vention des chutes d\u2019objets)<br \/>\nContenance : 6 litres<br \/>\nCharge maximale autoris\u00e9e : 6 kg<br \/>\nPoids : 245 g<br \/>\nMat\u00e9riaux : TPU (sans PVC), polypropyl\u00e8ne, polyester, acier inoxydable<\/p>\n<table>\n<tbody>\n<tr>\n<th class=\"rowTitle\">R\u00e9f\u00e9rences<\/th>\n<th>S047BA02<\/th>\n<\/tr>\n<tr>\n<td class=\"rowTitle\">Capacit\u00e9<\/td>\n<td>6 litres <\/td>\n<\/tr>\n<tr>\n<td class=\"rowTitle\">Garantie<\/td>\n<td>3 ans<\/td>\n<\/tr>\n<tr>\n<td class=\"rowTitle\">Emballage<\/td>\n<td>1 <\/td>\n<\/tr>\n<\/tbody>\n<\/table>\n","protected":false},"excerpt":{"rendered":"<p>Mallette \u00e0 outils de grand volume La mallette TOOLBAG 6 vous permet de ranger de nombreux outils. Le syst\u00e8me d\u2019ouverture<\/p>\n","protected":false},"featured_media":94681,"template":"","meta":{"_seopress_robots_primary_cat":"","_seopress_titles_title":"","_seopress_titles_desc":"","_seopress_robots_index":""},"product_brand":[3667],"product_cat":[144,1397,1402],"product_tag":[],"class_list":{"0":"post-472092","1":"product","2":"type-product","3":"status-publish","4":"has-post-thumbnail","6":"product_brand-petzl-fr","7":"product_cat-equipement","8":"product_cat-equipement-de-travail","9":"product_cat-harnais-et-equipements-de-securite","11":"first","12":"onbackorder","13":"shipping-taxable","14":"purchasable","15":"product-type-simple"},"_links":{"self":[{"href":"https:\/\/lucacastelli.com\/fr\/wp-json\/wp\/v2\/product\/472092","targetHints":{"allow":["GET"]}}],"collection":[{"href":"https:\/\/lucacastelli.com\/fr\/wp-json\/wp\/v2\/product"}],"about":[{"href":"https:\/\/lucacastelli.com\/fr\/wp-json\/wp\/v2\/types\/product"}],"wp:featuredmedia":[{"embeddable":true,"href":"https:\/\/lucacastelli.com\/fr\/wp-json\/wp\/v2\/media\/94681"}],"wp:attachment":[{"href":"https:\/\/lucacastelli.com\/fr\/wp-json\/wp\/v2\/media?parent=472092"}],"wp:term":[{"taxonomy":"product_brand","embeddable":true,"href":"https:\/\/lucacastelli.com\/fr\/wp-json\/wp\/v2\/product_brand?post=472092"},{"taxonomy":"product_cat","embeddable":true,"href":"https:\/\/lucacastelli.com\/fr\/wp-json\/wp\/v2\/product_cat?post=472092"},{"taxonomy":"product_tag","embeddable":true,"href":"https:\/\/lucacastelli.com\/fr\/wp-json\/wp\/v2\/product_tag?post=472092"}],"curies":[{"name":"wp","href":"https:\/\/api.w.org\/{rel}","templated":true}]}}