{"id":472089,"date":"2023-10-27T08:26:50","date_gmt":"2023-10-27T06:26:50","guid":{"rendered":"https:\/\/lucacastelli.com\/prodotto\/petzl-tooleash\/"},"modified":"2023-10-27T08:26:50","modified_gmt":"2023-10-27T06:26:50","slug":"petzl-tooleash","status":"publish","type":"product","link":"https:\/\/lucacastelli.com\/fr\/produit\/petzl-tooleash\/","title":{"rendered":"PETZL TOOLEASH"},"content":{"rendered":"<p>Sangle extensible contre un outil qui tombe jusqu\u2019\u00e0 5 kg<\/p>\n<p>La sangle extensible TOOLEASH vous permet d\u2019attacher un outil et d\u2019\u00e9viter qu\u2019il ne tombe accidentellement lors d\u2019un travail en hauteur. La sangle \u00e9lastique \u00e0 haute r\u00e9sistance r\u00e9duit l\u2019encombrement du harnais. Son syst\u00e8me de connexion polyvalent permet une connexion permanente \u00e0 l\u2019outil ou un remplacement selon les besoins. TOOLEASH fait partie d\u2019une solution compl\u00e8te contre la chute accidentelle d\u2019un outil.   <\/p>\n<p>Description<br \/>\nSangle \u00e9lastique pratique et l\u00e9g\u00e8re :<br \/>\n&#8211; sangle \u00e9lastique \u00e0 haute r\u00e9sistance qui permet un faible encombrement,<br \/>\n&#8211; longueur du syst\u00e8me jusqu\u2019\u00e0 120 cm pour une utilisation facile au travail.<br \/>\nConnexion polyvalente \u00e0 l\u2019outil :<br \/>\n&#8211; connexion permanente avec un n\u0153ud de stockage,<br \/>\n&#8211; connecteur TWIST-LOCK pour une connexion facile aux interfaces TOOLINK (S, M ou L).<br \/>\nConnexion optimale au harnais avec INTERFAST ou directement sur la boucle de mat\u00e9riau, en fonction du poids de l\u2019outil.<br \/>\nSp\u00e9cifications<br \/>\nCharge maximale autoris\u00e9e : 5 kg<br \/>\nLongueur totale sous tension : 105 cm.<br \/>\nLongueur maximale de la cha\u00eene de r\u00e9sistance : 120 cm (sangle extensible TOOLEASH + interfaces TOOLINK)<br \/>\nCertifications : ANSI\/ISEA 121-2018 (norme pour la pr\u00e9vention des chutes d\u2019objets)<br \/>\nMat\u00e9riaux : polyester, aluminium<br \/>\nPoids : 56 g<\/p>\n<table>\n<tbody>\n<tr>\n<th class=\"rowTitle\">R\u00e9f\u00e9rences<\/th>\n<th>S049AA00<\/th>\n<\/tr>\n<tr>\n<td class=\"rowTitle\">Garantie<\/td>\n<td>3 ans<\/td>\n<\/tr>\n<tr>\n<td class=\"rowTitle\">Emballage<\/td>\n<td>1 <\/td>\n<\/tr>\n<\/tbody>\n<\/table>\n","protected":false},"excerpt":{"rendered":"<p>Sangle extensible contre un outil qui tombe jusqu\u2019\u00e0 5 kg La sangle extensible TOOLEASH vous permet d\u2019attacher un outil et<\/p>\n","protected":false},"featured_media":94686,"template":"","meta":{"_seopress_robots_primary_cat":"","_seopress_titles_title":"","_seopress_titles_desc":"","_seopress_robots_index":""},"product_brand":[3446],"product_cat":[33,537,814],"product_tag":[],"class_list":{"0":"post-472089","1":"product","2":"type-product","3":"status-publish","4":"has-post-thumbnail","6":"product_brand-petzl","7":"product_cat-attrezzature","8":"product_cat-attrezzatura-da-lavoro","9":"product_cat-imbraghi-e-materiale-di-sicurezza","11":"first","12":"onbackorder","13":"shipping-taxable","14":"purchasable","15":"product-type-simple"},"_links":{"self":[{"href":"https:\/\/lucacastelli.com\/fr\/wp-json\/wp\/v2\/product\/472089","targetHints":{"allow":["GET"]}}],"collection":[{"href":"https:\/\/lucacastelli.com\/fr\/wp-json\/wp\/v2\/product"}],"about":[{"href":"https:\/\/lucacastelli.com\/fr\/wp-json\/wp\/v2\/types\/product"}],"wp:featuredmedia":[{"embeddable":true,"href":"https:\/\/lucacastelli.com\/fr\/wp-json\/wp\/v2\/media\/94686"}],"wp:attachment":[{"href":"https:\/\/lucacastelli.com\/fr\/wp-json\/wp\/v2\/media?parent=472089"}],"wp:term":[{"taxonomy":"product_brand","embeddable":true,"href":"https:\/\/lucacastelli.com\/fr\/wp-json\/wp\/v2\/product_brand?post=472089"},{"taxonomy":"product_cat","embeddable":true,"href":"https:\/\/lucacastelli.com\/fr\/wp-json\/wp\/v2\/product_cat?post=472089"},{"taxonomy":"product_tag","embeddable":true,"href":"https:\/\/lucacastelli.com\/fr\/wp-json\/wp\/v2\/product_tag?post=472089"}],"curies":[{"name":"wp","href":"https:\/\/api.w.org\/{rel}","templated":true}]}}