{"id":472087,"date":"2023-10-27T08:06:27","date_gmt":"2023-10-27T06:06:27","guid":{"rendered":"https:\/\/lucacastelli.com\/prodotto\/petzl-interfast\/"},"modified":"2023-10-27T08:06:27","modified_gmt":"2023-10-27T06:06:27","slug":"petzl-interfast","status":"publish","type":"product","link":"https:\/\/lucacastelli.com\/fr\/produit\/petzl-interfast\/","title":{"rendered":"PETZL INTERFAST"},"content":{"rendered":"<p>Accessoire de connexion rapide pour TOOLBAG et TOOLEASH<\/p>\n<p>INTERFAST est un accessoire qui vous permet d\u2019attacher une trousse \u00e0 outils TOOLBAG et la sangle de chute d\u2019outils TOOLEASH. Polyvalent, il est compatible avec tous les harnais \u00e9quip\u00e9s de boucles \u00e0 outils. La conception compacte et robuste vous permet de r\u00e9duire l\u2019encombrement sur le harnais et de s\u00e9curiser tous les \u00e9l\u00e9ments connect\u00e9s lors des travaux en hauteur.  <\/p>\n<p>Description<br \/>\nAccessoire de connexion rapide et compact :<br \/>\n&#8211; point de connexion sup\u00e9rieur qui permet une connexion rapide des valises \u00e0 outils TOOLBAG,<br \/>\n&#8211; bouton FAST pour une d\u00e9connexion facile et rapide,<br \/>\n&#8211; point de connexion inf\u00e9rieur pour connecter une sangle contre la chute d\u2019objets TOOLEASH,<br \/>\n&#8211; conception compacte pour un faible encombrement des \u00e9l\u00e9ments connect\u00e9s sur le harnais.<br \/>\nCompatible avec tous les harnais \u00e9quip\u00e9s de boucles \u00e0 outils.<br \/>\nSp\u00e9cifique<br \/>\nCertifications : ANSI\/ISEA 121-2018 (norme pour la pr\u00e9vention des chutes d\u2019objets)<br \/>\nCharge maximale du point de connexion sup\u00e9rieur : 6 kg<br \/>\nCharge maximale du point de raccordement inf\u00e9rieur : 5 kg<br \/>\nLongueur maximale de la cha\u00eene de r\u00e9sistance du point de maillon inf\u00e9rieur : 120 cm<br \/>\nMat\u00e9riaux : polyamide renforc\u00e9<br \/>\nPoids : 55 g<\/p>\n<table>\n<tbody>\n<tr>\n<th class=\"rowTitle\">R\u00e9f\u00e9rences<\/th>\n<th>S051AA00<\/th>\n<\/tr>\n<tr>\n<td class=\"rowTitle\">Garantie<\/td>\n<td>3 ans<\/td>\n<\/tr>\n<tr>\n<td class=\"rowTitle\">Emballage<\/td>\n<td>1 <\/td>\n<\/tr>\n<\/tbody>\n<\/table>\n","protected":false},"excerpt":{"rendered":"<p>Accessoire de connexion rapide pour TOOLBAG et TOOLEASH INTERFAST est un accessoire qui vous permet d\u2019attacher une trousse \u00e0 outils<\/p>\n","protected":false},"featured_media":94676,"template":"","meta":{"_seopress_robots_primary_cat":"","_seopress_titles_title":"","_seopress_titles_desc":"","_seopress_robots_index":""},"product_brand":[3446],"product_cat":[33,537,814],"product_tag":[],"class_list":{"0":"post-472087","1":"product","2":"type-product","3":"status-publish","4":"has-post-thumbnail","6":"product_brand-petzl","7":"product_cat-attrezzature","8":"product_cat-attrezzatura-da-lavoro","9":"product_cat-imbraghi-e-materiale-di-sicurezza","11":"first","12":"onbackorder","13":"shipping-taxable","14":"purchasable","15":"product-type-simple"},"_links":{"self":[{"href":"https:\/\/lucacastelli.com\/fr\/wp-json\/wp\/v2\/product\/472087","targetHints":{"allow":["GET"]}}],"collection":[{"href":"https:\/\/lucacastelli.com\/fr\/wp-json\/wp\/v2\/product"}],"about":[{"href":"https:\/\/lucacastelli.com\/fr\/wp-json\/wp\/v2\/types\/product"}],"wp:featuredmedia":[{"embeddable":true,"href":"https:\/\/lucacastelli.com\/fr\/wp-json\/wp\/v2\/media\/94676"}],"wp:attachment":[{"href":"https:\/\/lucacastelli.com\/fr\/wp-json\/wp\/v2\/media?parent=472087"}],"wp:term":[{"taxonomy":"product_brand","embeddable":true,"href":"https:\/\/lucacastelli.com\/fr\/wp-json\/wp\/v2\/product_brand?post=472087"},{"taxonomy":"product_cat","embeddable":true,"href":"https:\/\/lucacastelli.com\/fr\/wp-json\/wp\/v2\/product_cat?post=472087"},{"taxonomy":"product_tag","embeddable":true,"href":"https:\/\/lucacastelli.com\/fr\/wp-json\/wp\/v2\/product_tag?post=472087"}],"curies":[{"name":"wp","href":"https:\/\/api.w.org\/{rel}","templated":true}]}}