{"id":472084,"date":"2023-06-13T08:39:21","date_gmt":"2023-06-13T06:39:21","guid":{"rendered":"https:\/\/lucacastelli.com\/prodotto\/petzl-dual-canyon-guide\/"},"modified":"2023-06-13T08:39:21","modified_gmt":"2023-06-13T06:39:21","slug":"petzl-dual-canyon-guide","status":"publish","type":"product","link":"https:\/\/lucacastelli.com\/fr\/produit\/petzl-dual-canyon-guide\/","title":{"rendered":"PETZL DUAL CANYON GUIDE"},"content":{"rendered":"<p>Longe double r\u00e9glable pour le canyoning<\/p>\n<p>Con\u00e7u pour le canyoning, le DUAL CANYON GUIDE est une longe facile d\u2019utilisation destin\u00e9e aux pratiquants ind\u00e9pendants et aux encadrants. Il permet une progression sur une main courante avec franchissement des fentes et un positionnement optimal au niveau de l\u2019assurage. Il s\u2019installe directement sur l\u2019axe du point d\u2019attache d\u2019ouverture du harnais CANYON GUIDE. Le bloqueur ADJUST assure un r\u00e9glage rapide et facile, gr\u00e2ce \u00e0 sa forme ergonomique. Les manchons en plastique maintiennent les mousquetons dans la bonne position et prot\u00e8gent les coutures de l\u2019abrasion.    <\/p>\n<p>Longe<br \/>\nfacile d\u2019utilisation destin\u00e9e aux pratiquants ind\u00e9pendants et aux encadrants de canyoning :<br \/>\n&#8211; S\u2019installe directement sur l\u2019axe du point d\u2019attache d\u2019ouverture du harnais CANYON GUIDE pour un faible encombrement,<br \/>\n&#8211; R\u00e9glage rapide et facile de la t\u00eate r\u00e9glable d\u2019une seule main gr\u00e2ce au bloqueur ADJUST,<br \/>\n&#8211; clipsage facilit\u00e9 par le bon positionnement des connecteurs, gr\u00e2ce \u00e0 l\u2019anneau TANGA sur le v\u00eatement ajustable et \u00e0 la gaine plastique sur le v\u00eatement fixe.<br \/>\nPolyvalence d\u2019utilisation :<br \/>\n&#8211; \u00e0 l\u2019assurage : v\u00eatement ajustable pour ajuster la longueur de la longe pour une stabilit\u00e9 optimale,<br \/>\n&#8211; en progression sur une main courante : v\u00eatement fixe et v\u00eatement ajustable de m\u00eame longueur pour un assurage plus facile lors du franchissement des fractions.<br \/>\nR\u00e9sistance :<br \/>\n&#8211; gaines plastiques aux extr\u00e9mit\u00e9s des v\u00eatements pour prot\u00e9ger les coutures de l\u2019abrasion,<br \/>\n&#8211; marquage d\u2019identification individuel sur la gaine plastique pour v\u00e9rifier l\u2019\u00e9quipement tout au long de sa vie.<br \/>\nLonge de corde dynamique pour r\u00e9duire la force transmise \u00e0 l\u2019utilisateur en cas de chute d\u2019une faible hauteur (1).<\/p>\n<p>(1) Utilisation en dessous du point d\u2019ancrage : Les longes de positionnement n\u2019ont pas d\u2019absorbeur d\u2019\u00e9nergie. Ces longes ne doivent donc \u00eatre utilis\u00e9es que si le risque de chute implique un facteur de chute inf\u00e9rieur \u00e0 1. <\/p>\n<p>Caract\u00e9ristiques<br \/>\nMat\u00e9riaux : corde polyamide, manchons en polyur\u00e9thane thermoplastique (TPU), bloqueur en aluminium ADJUST, anneau TANGA en \u00e9lastom\u00e8re thermoplastique (TPE)<br \/>\n Longueur fixe du v\u00eatement : 65 cm<br \/>\nLongueur du v\u00eatement r\u00e9glable : 15 \u00e0 80 cm<br \/>\nPoids : 175 g<br \/>\nCertification(s) : CE, UKCA, UIAA 109<\/p>\n<p>Garantie de 3 ans<\/p>\n","protected":false},"excerpt":{"rendered":"<p>Longe double r\u00e9glable pour le canyoning Con\u00e7u pour le canyoning, le DUAL CANYON GUIDE est une longe facile d\u2019utilisation destin\u00e9e<\/p>\n","protected":false},"featured_media":91762,"template":"","meta":{"_seopress_robots_primary_cat":"","_seopress_titles_title":"","_seopress_titles_desc":"","_seopress_robots_index":""},"product_brand":[3667],"product_cat":[144,1397,1408,1402,1415],"product_tag":[],"class_list":{"0":"post-472084","1":"product","2":"type-product","3":"status-publish","4":"has-post-thumbnail","6":"product_brand-petzl-fr","7":"product_cat-equipement","8":"product_cat-equipement-de-travail","9":"product_cat-equipements-de-loisirs","10":"product_cat-harnais-et-equipements-de-securite","11":"product_cat-harnais-et-equipements-de-securite-fr","13":"first","14":"instock","15":"shipping-taxable","16":"purchasable","17":"product-type-simple"},"_links":{"self":[{"href":"https:\/\/lucacastelli.com\/fr\/wp-json\/wp\/v2\/product\/472084","targetHints":{"allow":["GET"]}}],"collection":[{"href":"https:\/\/lucacastelli.com\/fr\/wp-json\/wp\/v2\/product"}],"about":[{"href":"https:\/\/lucacastelli.com\/fr\/wp-json\/wp\/v2\/types\/product"}],"wp:featuredmedia":[{"embeddable":true,"href":"https:\/\/lucacastelli.com\/fr\/wp-json\/wp\/v2\/media\/91762"}],"wp:attachment":[{"href":"https:\/\/lucacastelli.com\/fr\/wp-json\/wp\/v2\/media?parent=472084"}],"wp:term":[{"taxonomy":"product_brand","embeddable":true,"href":"https:\/\/lucacastelli.com\/fr\/wp-json\/wp\/v2\/product_brand?post=472084"},{"taxonomy":"product_cat","embeddable":true,"href":"https:\/\/lucacastelli.com\/fr\/wp-json\/wp\/v2\/product_cat?post=472084"},{"taxonomy":"product_tag","embeddable":true,"href":"https:\/\/lucacastelli.com\/fr\/wp-json\/wp\/v2\/product_tag?post=472084"}],"curies":[{"name":"wp","href":"https:\/\/api.w.org\/{rel}","templated":true}]}}