{"id":472073,"date":"2023-05-08T18:49:02","date_gmt":"2023-05-08T16:49:02","guid":{"rendered":"https:\/\/lucacastelli.com\/?post_type=product&#038;p=472073"},"modified":"2025-07-27T10:34:34","modified_gmt":"2025-07-27T08:34:34","slug":"petzl-contact-98-mm","status":"publish","type":"product","link":"https:\/\/lucacastelli.com\/fr\/produit\/petzl-contact-98-mm\/","title":{"rendered":"PETZL CONTACT 9,8 mm"},"content":{"rendered":"<p>Corde \u00e0 simple l\u00e9g\u00e8re de 9,8 mm de diam\u00e8tre pour l\u2019escalade en salle et en falaise<\/p>\n<p>CONTACT 9.8 mm est une corde \u00e0 simple con\u00e7ue pour l\u2019escalade en salle et en falaise. Il b\u00e9n\u00e9ficie d\u2019un excellent compromis entre l\u00e9g\u00e8ret\u00e9 et r\u00e9sistance pour une plus grande polyvalence. Gr\u00e2ce \u00e0 son excellente adh\u00e9rence et \u00e0 sa maniabilit\u00e9, les man\u0153uvres et l\u2019utilisation des dispositifs d\u2019assurage sont facilit\u00e9es. L\u2019\u00e9paisseur de la chaussette contribue \u00e9galement \u00e0 sa r\u00e9sistance.   <\/p>\n<p>Description<br \/>\nConfort d\u2019utilisation :<br \/>\n&#8211; corde souple qui facilite l\u2019alimentation de la corde dans les appareils d\u2019assurage,<br \/>\n&#8211; traitement EverFlex : traitement thermique sp\u00e9cifique qui stabilise les fils et rend la corde plus homog\u00e8ne. Il garantit une excellente adh\u00e9rence et une manipulation constante dans le temps,<br \/>\n&#8211; Enrouleur ClimbReady : enrouleur sp\u00e9cifique pour rendre la corde pr\u00eate \u00e0 l\u2019emploi. Il emp\u00eache les man\u0153uvres de d\u00e9roulement incorrectes de l\u2019utilisateur et augmente la long\u00e9vit\u00e9.<br \/>\nPoign\u00e9e qui facilite les man\u0153uvres :<br \/>\n&#8211; excellent rapport l\u00e9g\u00e8ret\u00e9\/diam\u00e8tre\/accroche,<br \/>\n&#8211; prise de 40 broches pour un meilleur contr\u00f4le,<br \/>\n&#8211; Middle Mark : distinction de la corde pour faciliter les man\u0153uvres.<br \/>\nR\u00e9sistance :<br \/>\n&#8211; gaine \u00e9paisse qui garantit une excellente r\u00e9sistance \u00e0 l\u2019abrasion,<br \/>\n&#8211; UltraSonic Finish : le noyau et la gaine sont joints \u00e0 leurs extr\u00e9mit\u00e9s gr\u00e2ce \u00e0 une finition ultrasonique appel\u00e9e UltraSonic Finish.   Il permet une dur\u00e9e de vie plus longue et emp\u00eache l\u2019extr\u00e9mit\u00e9 de la corde de se casser.<br \/>\nSp\u00e9cifications<br \/>\nCertification(s) : CE EN 892, UKCA, UIAA<br \/>\nDiam\u00e8tre : 9,8 mm<br \/>\nType de corde : corde simple<br \/>\nPoids par m\u00e8tre : 60 g<br \/>\nPourcentage de gaine : 41 %<br \/>\nNombre de chutes facteur 1,77 : 7<br \/>\nAllongement statique : 9,0 %<br \/>\nAllongement dynamique : 35 %<br \/>\n Force de choc : 8,4 kN<br \/>\nConstruction : 40 broches<br \/>\nMat\u00e9riaux : polyamide<\/p>\n<table>\n<tbody>\n<tr>\n<th class=\"rowTitle\">R\u00e9f\u00e9rences<\/th>\n<th>R\u00e9f\u00e9rence R33AC 060<\/th>\n<th>R\u00e9f\u00e9rence R33AC 070<\/th>\n<th>R\u00e9f. R33AC 080<\/th>\n<th>R33AD 060<\/th>\n<th>R33AD 070<\/th>\n<th>R33AD 080<\/th>\n<\/tr>\n<tr>\n<td class=\"rowTitle\">Couleur(s)<\/td>\n<td>bleu  <\/td>\n<td>bleu  <\/td>\n<td>bleu  <\/td>\n<td>vert  <\/td>\n<td>vert  <\/td>\n<td>vert  <\/td>\n<\/tr>\n<tr>\n<td class=\"rowTitle\">Longueur<\/td>\n<td>60 m<\/td>\n<td>70 m<\/td>\n<td>80 m<\/td>\n<td>60 m<\/td>\n<td>70 m<\/td>\n<td>80 m<\/td>\n<\/tr>\n<tr>\n<td class=\"rowTitle\">Garantie<\/td>\n<td>3 ans<\/td>\n<td>3 ans<\/td>\n<td>3 ans<\/td>\n<td>3 ans<\/td>\n<td>3 ans<\/td>\n<td>3 ans<\/td>\n<\/tr>\n<tr>\n<td class=\"rowTitle\">Emballage<\/td>\n<td>1  <\/td>\n<td>1  <\/td>\n<td>1  <\/td>\n<td>1  <\/td>\n<td>1  <\/td>\n<td>1  <\/td>\n<\/tr>\n<\/tbody>\n<\/table>\n","protected":false},"excerpt":{"rendered":"<p>Corde \u00e0 simple l\u00e9g\u00e8re de 9,8 mm de diam\u00e8tre pour l\u2019escalade en salle et en falaise CONTACT 9.8 mm est<\/p>\n","protected":false},"featured_media":90092,"template":"","meta":{"_seopress_robots_primary_cat":"","_seopress_titles_title":"","_seopress_titles_desc":"","_seopress_robots_index":""},"product_brand":[3667],"product_cat":[144,1408,1415],"product_tag":[],"class_list":{"0":"post-472073","1":"product","2":"type-product","3":"status-publish","4":"has-post-thumbnail","6":"product_brand-petzl-fr","7":"product_cat-equipement","8":"product_cat-equipements-de-loisirs","9":"product_cat-harnais-et-equipements-de-securite-fr","11":"first","12":"onbackorder","13":"shipping-taxable","14":"purchasable","15":"product-type-variable"},"_links":{"self":[{"href":"https:\/\/lucacastelli.com\/fr\/wp-json\/wp\/v2\/product\/472073","targetHints":{"allow":["GET"]}}],"collection":[{"href":"https:\/\/lucacastelli.com\/fr\/wp-json\/wp\/v2\/product"}],"about":[{"href":"https:\/\/lucacastelli.com\/fr\/wp-json\/wp\/v2\/types\/product"}],"wp:featuredmedia":[{"embeddable":true,"href":"https:\/\/lucacastelli.com\/fr\/wp-json\/wp\/v2\/media\/90092"}],"wp:attachment":[{"href":"https:\/\/lucacastelli.com\/fr\/wp-json\/wp\/v2\/media?parent=472073"}],"wp:term":[{"taxonomy":"product_brand","embeddable":true,"href":"https:\/\/lucacastelli.com\/fr\/wp-json\/wp\/v2\/product_brand?post=472073"},{"taxonomy":"product_cat","embeddable":true,"href":"https:\/\/lucacastelli.com\/fr\/wp-json\/wp\/v2\/product_cat?post=472073"},{"taxonomy":"product_tag","embeddable":true,"href":"https:\/\/lucacastelli.com\/fr\/wp-json\/wp\/v2\/product_tag?post=472073"}],"curies":[{"name":"wp","href":"https:\/\/api.w.org\/{rel}","templated":true}]}}