{"id":472065,"date":"2023-05-08T18:03:02","date_gmt":"2023-05-08T16:03:02","guid":{"rendered":"https:\/\/lucacastelli.com\/?post_type=product&#038;p=472065"},"modified":"2025-07-28T08:42:25","modified_gmt":"2025-07-28T06:42:25","slug":"guide-petzl-volta-9-mm","status":"publish","type":"product","link":"https:\/\/lucacastelli.com\/fr\/produit\/guide-petzl-volta-9-mm\/","title":{"rendered":"GUIDE PETZL VOLTA 9 mm"},"content":{"rendered":"<p>Corde multitype ultra-l\u00e9g\u00e8re de 9 mm de diam\u00e8tre avec traitement Guide UIAA Dry pour des performances extr\u00eames en escalade ou en alpinisme<\/p>\n<p>La corde VOLTA GUIDE 9 mm offre la l\u00e9g\u00e8ret\u00e9 et la compacit\u00e9 extr\u00eames n\u00e9cessaires \u00e0 des performances extr\u00eames en falaise et la flexibilit\u00e9 et le traitement hydrophobe le plus complet pour l\u2019alpinisme. Il b\u00e9n\u00e9ficie du traitement Guide UIAA Dry qui lui conf\u00e8re une excellente r\u00e9sistance \u00e0 l\u2019humidit\u00e9, particuli\u00e8rement adapt\u00e9 \u00e0 une utilisation quotidienne dans des conditions extr\u00eames. Gr\u00e2ce \u00e0 son adh\u00e9rence et sa maniabilit\u00e9, les man\u0153uvres sont facilit\u00e9es. Il est disponible en diff\u00e9rentes longueurs en fonction de son utilisation pr\u00e9vue, de 30 m\u00e8tres pour l\u2019alpinisme classique \u00e0 100 m\u00e8tres pour les voies de grande voie en falaise.   <\/p>\n<p>Description<br \/>\nCompact et ultra-l\u00e9ger pour des performances de mont\u00e9e extr\u00eames :<br \/>\n&#8211; ultra-l\u00e9ger avec seulement 54 g\/m,<br \/>\n&#8211; compact, gr\u00e2ce au diam\u00e8tre fin de 9 mm,<br \/>\n&#8211; Enroulement ClimbReady : enroulement sp\u00e9cifique pour rendre la corde pr\u00eate \u00e0 l\u2019emploi. Il emp\u00eache les man\u0153uvres de d\u00e9roulement incorrectes de l\u2019utilisateur et augmente la long\u00e9vit\u00e9.<br \/>\nParfait pour l\u2019alpinisme technique et l\u2019escalade sur glace, gr\u00e2ce \u00e0 son excellente r\u00e9sistance \u00e0 l\u2019humidit\u00e9 :<br \/>\n&#8211; Traitement Guide UIAA Dry : traitement hydrophobe complet qui vous permet de garder une corde au sec, dans toutes les conditions et jour apr\u00e8s jour. Il r\u00e9pond aux exigences du test hydrofuge UIAA (absorption d\u2019eau inf\u00e9rieure \u00e0 2&nbsp;%),<br \/>\n&#8211; r\u00e9sistance renforc\u00e9e, gr\u00e2ce au traitement UIAA Dry Guide,<br \/>\n&#8211; UltraSonic Finish : le noyau et la gaine sont assembl\u00e9s \u00e0 leurs extr\u00e9mit\u00e9s gr\u00e2ce \u00e0 une finition ultrasonique appel\u00e9e UltraSonic Finish. Il permet une dur\u00e9e de vie plus longue et emp\u00eache l\u2019extr\u00e9mit\u00e9 de la corde de se casser.<br \/>\nConfort d\u2019utilisation :<br \/>\n&#8211; corde souple qui facilite l\u2019enroulement, la gestion des anneaux et la mise en place de la corde dans les dispositifs d\u2019assurage,<br \/>\n&#8211; prise de 40 broches pour un meilleur contr\u00f4le,<br \/>\n&#8211; traitement EverFlex : traitement thermique sp\u00e9cifique qui stabilise les fils et rend la corde plus homog\u00e8ne.    Il garantit une excellente adh\u00e9rence et une manipulation constante dans le temps.<br \/>\nSp\u00e9cifications<br \/>\nDiam\u00e8tre&nbsp;: 9 mm<br \/>\nCertification(s)&nbsp;: CE EN 892, UKCA, UIAA Type de<br \/>\ncorde&nbsp;: multitype&nbsp;: cordes \u00e0 simple, cordes \u00e0 double et cordes<br \/>\njumel\u00e9es Poids au m\u00e8tre&nbsp;: 54 g<br \/>\nPourcentage de gaine&nbsp;: 39 %<br \/>\n Nombre de chutes Facteur 1,77&nbsp;: 5 (simple), &gt; 20 (demi), &gt; 25 (jumel\u00e9)<br \/>\nAllongement statique&nbsp;: 7,6 % (simple), 7,6 % (demi), 4,4 % (jumel\u00e9)<br \/>\nAllongement dynamique&nbsp;: 34 % (simple), 30 % (demi),  27 % (jumel\u00e9)Force de choc : 8,5 kN (simple), 6,6 kN (demi),<br \/>\n 10,4 kN (jumel\u00e9)<br \/>\nConstruction : 40 broches<br \/>\nMat\u00e9riaux : polyamide<\/p>\n<table>\n<tbody>\n<tr>\n<th class=\"rowTitle\">R\u00e9f\u00e9rences<\/th>\n<th>R36AO 030<\/th>\n<th>R\u00e9f. R36AO 040<\/th>\n<th>R\u00e9f. R36AO 050<\/th>\n<th>R36AO 060<\/th>\n<th>R36AO 080<\/th>\n<th>R36AO 100<\/th>\n<\/tr>\n<tr>\n<td class=\"rowTitle\">Couleur(s)<\/td>\n<td>orange  <\/td>\n<td>orange  <\/td>\n<td>orange  <\/td>\n<td>orange  <\/td>\n<td>orange  <\/td>\n<td>orange  <\/td>\n<\/tr>\n<tr>\n<td class=\"rowTitle\">Longueur<\/td>\n<td>30 m<\/td>\n<td>40 m<\/td>\n<td>50 m<\/td>\n<td>60 m<\/td>\n<td>80 m<\/td>\n<td>100 m<\/td>\n<\/tr>\n<tr>\n<td class=\"rowTitle\">Garantie<\/td>\n<td>3 ans<\/td>\n<td>3 ans<\/td>\n<td>3 ans<\/td>\n<td>3 ans<\/td>\n<td>3 ans<\/td>\n<td>3 ans<\/td>\n<\/tr>\n<tr>\n<td class=\"rowTitle\">Emballage<\/td>\n<td>1  <\/td>\n<td>1  <\/td>\n<td>1  <\/td>\n<td>1  <\/td>\n<td>1  <\/td>\n<td>1  <\/td>\n<\/tr>\n<\/tbody>\n<\/table>\n","protected":false},"excerpt":{"rendered":"<p>Corde multitype ultra-l\u00e9g\u00e8re de 9 mm de diam\u00e8tre avec traitement Guide UIAA Dry pour des performances extr\u00eames en escalade ou<\/p>\n","protected":false},"featured_media":90021,"template":"","meta":{"_seopress_robots_primary_cat":"","_seopress_titles_title":"","_seopress_titles_desc":"","_seopress_robots_index":""},"product_brand":[3667],"product_cat":[144,1397,1408,1402],"product_tag":[],"class_list":{"0":"post-472065","1":"product","2":"type-product","3":"status-publish","4":"has-post-thumbnail","6":"product_brand-petzl-fr","7":"product_cat-equipement","8":"product_cat-equipement-de-travail","9":"product_cat-equipements-de-loisirs","10":"product_cat-harnais-et-equipements-de-securite","12":"first","13":"onbackorder","14":"shipping-taxable","15":"purchasable","16":"product-type-variable"},"_links":{"self":[{"href":"https:\/\/lucacastelli.com\/fr\/wp-json\/wp\/v2\/product\/472065","targetHints":{"allow":["GET"]}}],"collection":[{"href":"https:\/\/lucacastelli.com\/fr\/wp-json\/wp\/v2\/product"}],"about":[{"href":"https:\/\/lucacastelli.com\/fr\/wp-json\/wp\/v2\/types\/product"}],"wp:featuredmedia":[{"embeddable":true,"href":"https:\/\/lucacastelli.com\/fr\/wp-json\/wp\/v2\/media\/90021"}],"wp:attachment":[{"href":"https:\/\/lucacastelli.com\/fr\/wp-json\/wp\/v2\/media?parent=472065"}],"wp:term":[{"taxonomy":"product_brand","embeddable":true,"href":"https:\/\/lucacastelli.com\/fr\/wp-json\/wp\/v2\/product_brand?post=472065"},{"taxonomy":"product_cat","embeddable":true,"href":"https:\/\/lucacastelli.com\/fr\/wp-json\/wp\/v2\/product_cat?post=472065"},{"taxonomy":"product_tag","embeddable":true,"href":"https:\/\/lucacastelli.com\/fr\/wp-json\/wp\/v2\/product_tag?post=472065"}],"curies":[{"name":"wp","href":"https:\/\/api.w.org\/{rel}","templated":true}]}}